{"id":9033,"date":"2023-04-04T07:25:03","date_gmt":"2023-04-04T05:25:03","guid":{"rendered":"https:\/\/bodegascerda.com\/product\/el-jovenzuelo\/"},"modified":"2025-05-17T10:47:26","modified_gmt":"2025-05-17T08:47:26","slug":"el-jovenzuelo","status":"publish","type":"product","link":"https:\/\/bodegascerda.com\/fr\/product\/el-jovenzuelo\/","title":{"rendered":"El Jovenzuelo"},"content":{"rendered":"","protected":false},"excerpt":{"rendered":"<p><strong class=\"dorado\">C\u00e9page:<\/strong> Monastrell<br \/>\n<strong class=\"dorado\">Robe:<\/strong> rouge violet et \u00e9l\u00e9gant<br \/>\n<strong class=\"dorado\">Ar\u00f4mes:<\/strong> fruits rouges et noirs<br \/>\n<strong class=\"dorado\">D\u00e9gustation:<\/strong> ar\u00f4mes de figues avec une acidit\u00e9 \u00e9quilibr\u00e9e<br \/>\n<strong class=\"dorado\">A servir<\/strong> entre 14\u00b0 et 16\u00b0<br \/>\n<strong class=\"dorado\">Garde:<\/strong> vin jeune<br \/>\n<strong class=\"dorado\">Accompagnement:<\/strong> viandes froides et tapas froids<br \/>\n<strong class=\"dorado\">Maturation:<\/strong> sans barrique<br \/>\n<strong class=\"dorado\">Volume:<\/strong> 14\u00b0<\/p>\n","protected":false},"featured_media":6902,"template":"","meta":{"rs_blank_template":"","rs_page_bg_color":"","slide_template_v7":""},"product_brand":[],"product_cat":[130],"product_tag":[131],"class_list":{"0":"post-9033","1":"product","2":"type-product","3":"status-publish","4":"has-post-thumbnail","6":"product_cat-vin-rouge","7":"product_tag-fr-2","9":"first","10":"instock","11":"taxable","12":"shipping-taxable","13":"purchasable","14":"product-type-simple"},"yoast_head":"<!-- This site is optimized with the Yoast SEO plugin v27.3 - https:\/\/yoast.com\/product\/yoast-seo-wordpress\/ -->\n<title>El Jovenzuelo - Bodega de vino en Alicante, cerca de Elche, desde 1885 | Bodegas Cerd\u00e1<\/title>\n<meta name=\"robots\" content=\"index, follow, max-snippet:-1, max-image-preview:large, max-video-preview:-1\" \/>\n<link rel=\"canonical\" href=\"https:\/\/bodegascerda.com\/fr\/product\/el-jovenzuelo\/\" \/>\n<meta property=\"og:locale\" content=\"fr_FR\" \/>\n<meta property=\"og:type\" content=\"article\" \/>\n<meta property=\"og:title\" content=\"El Jovenzuelo - Bodega de vino en Alicante, cerca de Elche, desde 1885 | Bodegas Cerd\u00e1\" \/>\n<meta property=\"og:description\" content=\"C\u00e9page: Monastrell Robe: rouge violet et \u00e9l\u00e9gant Ar\u00f4mes: fruits rouges et noirs D\u00e9gustation: ar\u00f4mes de figues avec une acidit\u00e9 \u00e9quilibr\u00e9e A servir entre 14\u00b0 et 16\u00b0 Garde: vin jeune Accompagnement: viandes froides et tapas froids Maturation: sans barrique Volume: 14\u00b0\" \/>\n<meta property=\"og:url\" content=\"https:\/\/bodegascerda.com\/fr\/product\/el-jovenzuelo\/\" \/>\n<meta property=\"og:site_name\" content=\"Bodega de vino en Alicante, cerca de Elche, desde 1885 | Bodegas Cerd\u00e1\" \/>\n<meta property=\"article:publisher\" content=\"https:\/\/www.facebook.com\/bodegas.cerda.hondon\" \/>\n<meta property=\"article:modified_time\" content=\"2025-05-17T08:47:26+00:00\" \/>\n<meta property=\"og:image\" content=\"https:\/\/bodegascerda.com\/wp-content\/uploads\/2025\/05\/el-jovenzuelo.jpg\" \/>\n\t<meta property=\"og:image:width\" content=\"800\" \/>\n\t<meta property=\"og:image:height\" content=\"800\" \/>\n\t<meta property=\"og:image:type\" content=\"image\/jpeg\" \/>\n<meta name=\"twitter:card\" content=\"summary_large_image\" \/>\n<meta name=\"twitter:label1\" content=\"Prix\" \/>\n\t<meta name=\"twitter:data1\" content=\"4,90&euro;\" \/>\n\t<meta name=\"twitter:label2\" content=\"Disponibilit\u00e9\" \/>\n\t<meta name=\"twitter:data2\" content=\"En stock\" \/>\n<script type=\"application\/ld+json\" class=\"yoast-schema-graph\">{\"@context\":\"https:\\\/\\\/schema.org\",\"@graph\":[{\"@type\":\"WebPage\",\"@id\":\"https:\\\/\\\/bodegascerda.com\\\/fr\\\/product\\\/el-jovenzuelo\\\/\",\"url\":\"https:\\\/\\\/bodegascerda.com\\\/fr\\\/product\\\/el-jovenzuelo\\\/\",\"name\":\"El Jovenzuelo - Bodega de vino en Alicante, cerca de Elche, desde 1885 | Bodegas Cerd\u00e1\",\"isPartOf\":{\"@id\":\"https:\\\/\\\/bodegascerda.com\\\/fr\\\/#website\"},\"primaryImageOfPage\":{\"@id\":\"https:\\\/\\\/bodegascerda.com\\\/fr\\\/product\\\/el-jovenzuelo\\\/#primaryimage\"},\"image\":{\"@id\":\"https:\\\/\\\/bodegascerda.com\\\/fr\\\/product\\\/el-jovenzuelo\\\/#primaryimage\"},\"thumbnailUrl\":\"https:\\\/\\\/bodegascerda.com\\\/wp-content\\\/uploads\\\/2025\\\/05\\\/el-jovenzuelo.jpg\",\"datePublished\":\"2023-04-04T05:25:03+00:00\",\"dateModified\":\"2025-05-17T08:47:26+00:00\",\"breadcrumb\":{\"@id\":\"https:\\\/\\\/bodegascerda.com\\\/fr\\\/product\\\/el-jovenzuelo\\\/#breadcrumb\"},\"inLanguage\":\"fr-FR\",\"potentialAction\":[{\"@type\":\"ReadAction\",\"target\":[\"https:\\\/\\\/bodegascerda.com\\\/fr\\\/product\\\/el-jovenzuelo\\\/\"]}]},{\"@type\":\"ImageObject\",\"inLanguage\":\"fr-FR\",\"@id\":\"https:\\\/\\\/bodegascerda.com\\\/fr\\\/product\\\/el-jovenzuelo\\\/#primaryimage\",\"url\":\"https:\\\/\\\/bodegascerda.com\\\/wp-content\\\/uploads\\\/2025\\\/05\\\/el-jovenzuelo.jpg\",\"contentUrl\":\"https:\\\/\\\/bodegascerda.com\\\/wp-content\\\/uploads\\\/2025\\\/05\\\/el-jovenzuelo.jpg\",\"width\":800,\"height\":800,\"caption\":\"El Jovenzuelo\"},{\"@type\":\"BreadcrumbList\",\"@id\":\"https:\\\/\\\/bodegascerda.com\\\/fr\\\/product\\\/el-jovenzuelo\\\/#breadcrumb\",\"itemListElement\":[{\"@type\":\"ListItem\",\"position\":1,\"name\":\"Portada\",\"item\":\"https:\\\/\\\/bodegascerda.com\\\/fr\\\/\"},{\"@type\":\"ListItem\",\"position\":2,\"name\":\"Boutique\",\"item\":\"https:\\\/\\\/bodegascerda.com\\\/fr\\\/boutique\\\/\"},{\"@type\":\"ListItem\",\"position\":3,\"name\":\"El Jovenzuelo\"}]},{\"@type\":\"WebSite\",\"@id\":\"https:\\\/\\\/bodegascerda.com\\\/fr\\\/#website\",\"url\":\"https:\\\/\\\/bodegascerda.com\\\/fr\\\/\",\"name\":\"Bodegas Cerd\u00e1\",\"description\":\"\",\"publisher\":{\"@id\":\"https:\\\/\\\/bodegascerda.com\\\/fr\\\/#organization\"},\"potentialAction\":[{\"@type\":\"SearchAction\",\"target\":{\"@type\":\"EntryPoint\",\"urlTemplate\":\"https:\\\/\\\/bodegascerda.com\\\/fr\\\/?s={search_term_string}\"},\"query-input\":{\"@type\":\"PropertyValueSpecification\",\"valueRequired\":true,\"valueName\":\"search_term_string\"}}],\"inLanguage\":\"fr-FR\"},{\"@type\":[\"Organization\",\"Place\"],\"@id\":\"https:\\\/\\\/bodegascerda.com\\\/fr\\\/#organization\",\"name\":\"Bodegas Cerd\u00e1 Cremades, S.L.\",\"url\":\"https:\\\/\\\/bodegascerda.com\\\/fr\\\/\",\"logo\":{\"@id\":\"https:\\\/\\\/bodegascerda.com\\\/fr\\\/product\\\/el-jovenzuelo\\\/#local-main-organization-logo\"},\"image\":{\"@id\":\"https:\\\/\\\/bodegascerda.com\\\/fr\\\/product\\\/el-jovenzuelo\\\/#local-main-organization-logo\"},\"sameAs\":[\"https:\\\/\\\/www.facebook.com\\\/bodegas.cerda.hondon\",\"https:\\\/\\\/www.instagram.com\\\/bodegas.cerda\\\/\"],\"openingHoursSpecification\":[{\"@type\":\"OpeningHoursSpecification\",\"dayOfWeek\":[\"Monday\",\"Tuesday\",\"Wednesday\",\"Thursday\",\"Friday\",\"Saturday\",\"Sunday\"],\"opens\":\"09:00\",\"closes\":\"17:00\"}]},{\"@type\":\"ImageObject\",\"inLanguage\":\"fr-FR\",\"@id\":\"https:\\\/\\\/bodegascerda.com\\\/fr\\\/product\\\/el-jovenzuelo\\\/#local-main-organization-logo\",\"url\":\"https:\\\/\\\/bodegascerda.com\\\/wp-content\\\/uploads\\\/2025\\\/05\\\/logo-bodegas-cerda.png\",\"contentUrl\":\"https:\\\/\\\/bodegascerda.com\\\/wp-content\\\/uploads\\\/2025\\\/05\\\/logo-bodegas-cerda.png\",\"width\":192,\"height\":100,\"caption\":\"Bodegas Cerd\u00e1 Cremades, S.L.\"}]}<\/script>\n<meta property=\"product:price:amount\" content=\"4.90\" \/>\n<meta property=\"product:price:currency\" content=\"EUR\" \/>\n<meta property=\"og:availability\" content=\"instock\" \/>\n<meta property=\"product:availability\" content=\"instock\" \/>\n<meta property=\"product:condition\" content=\"new\" \/>\n<!-- \/ Yoast SEO plugin. -->","yoast_head_json":{"title":"El Jovenzuelo - Bodega de vino en Alicante, cerca de Elche, desde 1885 | Bodegas Cerd\u00e1","robots":{"index":"index","follow":"follow","max-snippet":"max-snippet:-1","max-image-preview":"max-image-preview:large","max-video-preview":"max-video-preview:-1"},"canonical":"https:\/\/bodegascerda.com\/fr\/product\/el-jovenzuelo\/","og_locale":"fr_FR","og_type":"article","og_title":"El Jovenzuelo - Bodega de vino en Alicante, cerca de Elche, desde 1885 | Bodegas Cerd\u00e1","og_description":"C\u00e9page: Monastrell Robe: rouge violet et \u00e9l\u00e9gant Ar\u00f4mes: fruits rouges et noirs D\u00e9gustation: ar\u00f4mes de figues avec une acidit\u00e9 \u00e9quilibr\u00e9e A servir entre 14\u00b0 et 16\u00b0 Garde: vin jeune Accompagnement: viandes froides et tapas froids Maturation: sans barrique Volume: 14\u00b0","og_url":"https:\/\/bodegascerda.com\/fr\/product\/el-jovenzuelo\/","og_site_name":"Bodega de vino en Alicante, cerca de Elche, desde 1885 | Bodegas Cerd\u00e1","article_publisher":"https:\/\/www.facebook.com\/bodegas.cerda.hondon","article_modified_time":"2025-05-17T08:47:26+00:00","og_image":[{"width":800,"height":800,"url":"https:\/\/bodegascerda.com\/wp-content\/uploads\/2025\/05\/el-jovenzuelo.jpg","type":"image\/jpeg"}],"twitter_card":"summary_large_image","twitter_misc":{"Prix":"4,90&euro;","Disponibilit\u00e9":"En stock"},"schema":{"@context":"https:\/\/schema.org","@graph":[{"@type":"WebPage","@id":"https:\/\/bodegascerda.com\/fr\/product\/el-jovenzuelo\/","url":"https:\/\/bodegascerda.com\/fr\/product\/el-jovenzuelo\/","name":"El Jovenzuelo - Bodega de vino en Alicante, cerca de Elche, desde 1885 | Bodegas Cerd\u00e1","isPartOf":{"@id":"https:\/\/bodegascerda.com\/fr\/#website"},"primaryImageOfPage":{"@id":"https:\/\/bodegascerda.com\/fr\/product\/el-jovenzuelo\/#primaryimage"},"image":{"@id":"https:\/\/bodegascerda.com\/fr\/product\/el-jovenzuelo\/#primaryimage"},"thumbnailUrl":"https:\/\/bodegascerda.com\/wp-content\/uploads\/2025\/05\/el-jovenzuelo.jpg","datePublished":"2023-04-04T05:25:03+00:00","dateModified":"2025-05-17T08:47:26+00:00","breadcrumb":{"@id":"https:\/\/bodegascerda.com\/fr\/product\/el-jovenzuelo\/#breadcrumb"},"inLanguage":"fr-FR","potentialAction":[{"@type":"ReadAction","target":["https:\/\/bodegascerda.com\/fr\/product\/el-jovenzuelo\/"]}]},{"@type":"ImageObject","inLanguage":"fr-FR","@id":"https:\/\/bodegascerda.com\/fr\/product\/el-jovenzuelo\/#primaryimage","url":"https:\/\/bodegascerda.com\/wp-content\/uploads\/2025\/05\/el-jovenzuelo.jpg","contentUrl":"https:\/\/bodegascerda.com\/wp-content\/uploads\/2025\/05\/el-jovenzuelo.jpg","width":800,"height":800,"caption":"El Jovenzuelo"},{"@type":"BreadcrumbList","@id":"https:\/\/bodegascerda.com\/fr\/product\/el-jovenzuelo\/#breadcrumb","itemListElement":[{"@type":"ListItem","position":1,"name":"Portada","item":"https:\/\/bodegascerda.com\/fr\/"},{"@type":"ListItem","position":2,"name":"Boutique","item":"https:\/\/bodegascerda.com\/fr\/boutique\/"},{"@type":"ListItem","position":3,"name":"El Jovenzuelo"}]},{"@type":"WebSite","@id":"https:\/\/bodegascerda.com\/fr\/#website","url":"https:\/\/bodegascerda.com\/fr\/","name":"Bodegas Cerd\u00e1","description":"","publisher":{"@id":"https:\/\/bodegascerda.com\/fr\/#organization"},"potentialAction":[{"@type":"SearchAction","target":{"@type":"EntryPoint","urlTemplate":"https:\/\/bodegascerda.com\/fr\/?s={search_term_string}"},"query-input":{"@type":"PropertyValueSpecification","valueRequired":true,"valueName":"search_term_string"}}],"inLanguage":"fr-FR"},{"@type":["Organization","Place"],"@id":"https:\/\/bodegascerda.com\/fr\/#organization","name":"Bodegas Cerd\u00e1 Cremades, S.L.","url":"https:\/\/bodegascerda.com\/fr\/","logo":{"@id":"https:\/\/bodegascerda.com\/fr\/product\/el-jovenzuelo\/#local-main-organization-logo"},"image":{"@id":"https:\/\/bodegascerda.com\/fr\/product\/el-jovenzuelo\/#local-main-organization-logo"},"sameAs":["https:\/\/www.facebook.com\/bodegas.cerda.hondon","https:\/\/www.instagram.com\/bodegas.cerda\/"],"openingHoursSpecification":[{"@type":"OpeningHoursSpecification","dayOfWeek":["Monday","Tuesday","Wednesday","Thursday","Friday","Saturday","Sunday"],"opens":"09:00","closes":"17:00"}]},{"@type":"ImageObject","inLanguage":"fr-FR","@id":"https:\/\/bodegascerda.com\/fr\/product\/el-jovenzuelo\/#local-main-organization-logo","url":"https:\/\/bodegascerda.com\/wp-content\/uploads\/2025\/05\/logo-bodegas-cerda.png","contentUrl":"https:\/\/bodegascerda.com\/wp-content\/uploads\/2025\/05\/logo-bodegas-cerda.png","width":192,"height":100,"caption":"Bodegas Cerd\u00e1 Cremades, S.L."}]},"product_price_amount":"4.90","product_price_currency":"EUR","og_availability":"instock","product_availability":"instock","product_condition":"new"},"_links":{"self":[{"href":"https:\/\/bodegascerda.com\/fr\/wp-json\/wp\/v2\/product\/9033","targetHints":{"allow":["GET"]}}],"collection":[{"href":"https:\/\/bodegascerda.com\/fr\/wp-json\/wp\/v2\/product"}],"about":[{"href":"https:\/\/bodegascerda.com\/fr\/wp-json\/wp\/v2\/types\/product"}],"wp:featuredmedia":[{"embeddable":true,"href":"https:\/\/bodegascerda.com\/fr\/wp-json\/wp\/v2\/media\/6902"}],"wp:attachment":[{"href":"https:\/\/bodegascerda.com\/fr\/wp-json\/wp\/v2\/media?parent=9033"}],"wp:term":[{"taxonomy":"product_brand","embeddable":true,"href":"https:\/\/bodegascerda.com\/fr\/wp-json\/wp\/v2\/product_brand?post=9033"},{"taxonomy":"product_cat","embeddable":true,"href":"https:\/\/bodegascerda.com\/fr\/wp-json\/wp\/v2\/product_cat?post=9033"},{"taxonomy":"product_tag","embeddable":true,"href":"https:\/\/bodegascerda.com\/fr\/wp-json\/wp\/v2\/product_tag?post=9033"}],"curies":[{"name":"wp","href":"https:\/\/api.w.org\/{rel}","templated":true}]}}