{"id":9008,"date":"2023-01-13T07:38:41","date_gmt":"2023-01-13T06:38:41","guid":{"rendered":"https:\/\/bodegascerda.com\/product\/blanc-cerda\/"},"modified":"2025-05-17T10:47:24","modified_gmt":"2025-05-17T08:47:24","slug":"blanc-cerda","status":"publish","type":"product","link":"https:\/\/bodegascerda.com\/fr\/product\/blanc-cerda\/","title":{"rendered":"Blanc Cerd\u00e1"},"content":{"rendered":"","protected":false},"excerpt":{"rendered":"<p><strong>* Volume<\/strong>: 12%<\/p>\n<p><strong>* C\u00e9page<\/strong>: 33% Chardonnay, 33% Airen, 33% Macabeo.<\/p>\n<p><strong>* Reproduction<\/strong>: Ce vin p\u00e9tillant a repos\u00e9 pendant 33 jours en barrique de ch\u00eane am\u00e9ricain et une crianza (maturation) \u00e9volu\u00e9e sup\u00e9rieure de 24 mois en bouteille.<\/p>\n<p><strong>* Note de d\u00e9gustation<\/strong>: Robe jaune p\u00e2le et brillante avec de tr\u00e8s fines petites bulles. Ar\u00f4mes subtil avec des notes fruit\u00e9es et de douceurs de p\u00e2tisserie fine. En bouche il est vivant, frais d\u00e9licat et suave avec une structure fine et un rien d\u2019acidit\u00e9.<\/p>\n","protected":false},"featured_media":6890,"template":"","meta":{"rs_blank_template":"","rs_page_bg_color":"","slide_template_v7":""},"product_brand":[],"product_cat":[136],"product_tag":[131],"class_list":{"0":"post-9008","1":"product","2":"type-product","3":"status-publish","4":"has-post-thumbnail","6":"product_cat-vin-petillant","7":"product_tag-fr-2","9":"first","10":"instock","11":"taxable","12":"shipping-taxable","13":"purchasable","14":"product-type-simple"},"yoast_head":"<!-- This site is optimized with the Yoast SEO plugin v27.3 - https:\/\/yoast.com\/product\/yoast-seo-wordpress\/ -->\n<title>Blanc Cerd\u00e1 - Bodega de vino en Alicante, cerca de Elche, desde 1885 | Bodegas Cerd\u00e1<\/title>\n<meta name=\"robots\" content=\"index, follow, max-snippet:-1, max-image-preview:large, max-video-preview:-1\" \/>\n<link rel=\"canonical\" href=\"https:\/\/bodegascerda.com\/fr\/product\/blanc-cerda\/\" \/>\n<meta property=\"og:locale\" content=\"fr_FR\" \/>\n<meta property=\"og:type\" content=\"article\" \/>\n<meta property=\"og:title\" content=\"Blanc Cerd\u00e1 - Bodega de vino en Alicante, cerca de Elche, desde 1885 | Bodegas Cerd\u00e1\" \/>\n<meta property=\"og:description\" content=\"* Volume: 12% * C\u00e9page: 33% Chardonnay, 33% Airen, 33% Macabeo. * Reproduction: Ce vin p\u00e9tillant a repos\u00e9 pendant 33 jours en barrique de ch\u00eane am\u00e9ricain et une crianza (maturation) \u00e9volu\u00e9e sup\u00e9rieure de 24 mois en bouteille. * Note de d\u00e9gustation: Robe jaune p\u00e2le et brillante avec de tr\u00e8s fines petites bulles. Ar\u00f4mes subtil avec des notes fruit\u00e9es et de douceurs de p\u00e2tisserie fine. En bouche il est vivant, frais d\u00e9licat et suave avec une structure fine et un rien d\u2019acidit\u00e9.\" \/>\n<meta property=\"og:url\" content=\"https:\/\/bodegascerda.com\/fr\/product\/blanc-cerda\/\" \/>\n<meta property=\"og:site_name\" content=\"Bodega de vino en Alicante, cerca de Elche, desde 1885 | Bodegas Cerd\u00e1\" \/>\n<meta property=\"article:publisher\" content=\"https:\/\/www.facebook.com\/bodegas.cerda.hondon\" \/>\n<meta property=\"article:modified_time\" content=\"2025-05-17T08:47:24+00:00\" \/>\n<meta property=\"og:image\" content=\"https:\/\/bodegascerda.com\/wp-content\/uploads\/2025\/05\/blanc-cerda.jpg\" \/>\n\t<meta property=\"og:image:width\" content=\"800\" \/>\n\t<meta property=\"og:image:height\" content=\"800\" \/>\n\t<meta property=\"og:image:type\" content=\"image\/jpeg\" \/>\n<meta name=\"twitter:card\" content=\"summary_large_image\" \/>\n<meta name=\"twitter:label1\" content=\"Prix\" \/>\n\t<meta name=\"twitter:data1\" content=\"15,00&euro;\" \/>\n\t<meta name=\"twitter:label2\" content=\"Disponibilit\u00e9\" \/>\n\t<meta name=\"twitter:data2\" content=\"En stock\" \/>\n<script type=\"application\/ld+json\" class=\"yoast-schema-graph\">{\"@context\":\"https:\\\/\\\/schema.org\",\"@graph\":[{\"@type\":\"WebPage\",\"@id\":\"https:\\\/\\\/bodegascerda.com\\\/fr\\\/product\\\/blanc-cerda\\\/\",\"url\":\"https:\\\/\\\/bodegascerda.com\\\/fr\\\/product\\\/blanc-cerda\\\/\",\"name\":\"Blanc Cerd\u00e1 - Bodega de vino en Alicante, cerca de Elche, desde 1885 | Bodegas Cerd\u00e1\",\"isPartOf\":{\"@id\":\"https:\\\/\\\/bodegascerda.com\\\/fr\\\/#website\"},\"primaryImageOfPage\":{\"@id\":\"https:\\\/\\\/bodegascerda.com\\\/fr\\\/product\\\/blanc-cerda\\\/#primaryimage\"},\"image\":{\"@id\":\"https:\\\/\\\/bodegascerda.com\\\/fr\\\/product\\\/blanc-cerda\\\/#primaryimage\"},\"thumbnailUrl\":\"https:\\\/\\\/bodegascerda.com\\\/wp-content\\\/uploads\\\/2025\\\/05\\\/blanc-cerda.jpg\",\"datePublished\":\"2023-01-13T06:38:41+00:00\",\"dateModified\":\"2025-05-17T08:47:24+00:00\",\"breadcrumb\":{\"@id\":\"https:\\\/\\\/bodegascerda.com\\\/fr\\\/product\\\/blanc-cerda\\\/#breadcrumb\"},\"inLanguage\":\"fr-FR\",\"potentialAction\":[{\"@type\":\"ReadAction\",\"target\":[\"https:\\\/\\\/bodegascerda.com\\\/fr\\\/product\\\/blanc-cerda\\\/\"]}]},{\"@type\":\"ImageObject\",\"inLanguage\":\"fr-FR\",\"@id\":\"https:\\\/\\\/bodegascerda.com\\\/fr\\\/product\\\/blanc-cerda\\\/#primaryimage\",\"url\":\"https:\\\/\\\/bodegascerda.com\\\/wp-content\\\/uploads\\\/2025\\\/05\\\/blanc-cerda.jpg\",\"contentUrl\":\"https:\\\/\\\/bodegascerda.com\\\/wp-content\\\/uploads\\\/2025\\\/05\\\/blanc-cerda.jpg\",\"width\":800,\"height\":800,\"caption\":\"Vino Blanc Cerd\u00e1\"},{\"@type\":\"BreadcrumbList\",\"@id\":\"https:\\\/\\\/bodegascerda.com\\\/fr\\\/product\\\/blanc-cerda\\\/#breadcrumb\",\"itemListElement\":[{\"@type\":\"ListItem\",\"position\":1,\"name\":\"Portada\",\"item\":\"https:\\\/\\\/bodegascerda.com\\\/fr\\\/\"},{\"@type\":\"ListItem\",\"position\":2,\"name\":\"Boutique\",\"item\":\"https:\\\/\\\/bodegascerda.com\\\/fr\\\/boutique\\\/\"},{\"@type\":\"ListItem\",\"position\":3,\"name\":\"Blanc Cerd\u00e1\"}]},{\"@type\":\"WebSite\",\"@id\":\"https:\\\/\\\/bodegascerda.com\\\/fr\\\/#website\",\"url\":\"https:\\\/\\\/bodegascerda.com\\\/fr\\\/\",\"name\":\"Bodegas Cerd\u00e1\",\"description\":\"\",\"publisher\":{\"@id\":\"https:\\\/\\\/bodegascerda.com\\\/fr\\\/#organization\"},\"potentialAction\":[{\"@type\":\"SearchAction\",\"target\":{\"@type\":\"EntryPoint\",\"urlTemplate\":\"https:\\\/\\\/bodegascerda.com\\\/fr\\\/?s={search_term_string}\"},\"query-input\":{\"@type\":\"PropertyValueSpecification\",\"valueRequired\":true,\"valueName\":\"search_term_string\"}}],\"inLanguage\":\"fr-FR\"},{\"@type\":[\"Organization\",\"Place\"],\"@id\":\"https:\\\/\\\/bodegascerda.com\\\/fr\\\/#organization\",\"name\":\"Bodegas Cerd\u00e1 Cremades, S.L.\",\"url\":\"https:\\\/\\\/bodegascerda.com\\\/fr\\\/\",\"logo\":{\"@id\":\"https:\\\/\\\/bodegascerda.com\\\/fr\\\/product\\\/blanc-cerda\\\/#local-main-organization-logo\"},\"image\":{\"@id\":\"https:\\\/\\\/bodegascerda.com\\\/fr\\\/product\\\/blanc-cerda\\\/#local-main-organization-logo\"},\"sameAs\":[\"https:\\\/\\\/www.facebook.com\\\/bodegas.cerda.hondon\",\"https:\\\/\\\/www.instagram.com\\\/bodegas.cerda\\\/\"],\"openingHoursSpecification\":[{\"@type\":\"OpeningHoursSpecification\",\"dayOfWeek\":[\"Monday\",\"Tuesday\",\"Wednesday\",\"Thursday\",\"Friday\",\"Saturday\",\"Sunday\"],\"opens\":\"09:00\",\"closes\":\"17:00\"}]},{\"@type\":\"ImageObject\",\"inLanguage\":\"fr-FR\",\"@id\":\"https:\\\/\\\/bodegascerda.com\\\/fr\\\/product\\\/blanc-cerda\\\/#local-main-organization-logo\",\"url\":\"https:\\\/\\\/bodegascerda.com\\\/wp-content\\\/uploads\\\/2025\\\/05\\\/logo-bodegas-cerda.png\",\"contentUrl\":\"https:\\\/\\\/bodegascerda.com\\\/wp-content\\\/uploads\\\/2025\\\/05\\\/logo-bodegas-cerda.png\",\"width\":192,\"height\":100,\"caption\":\"Bodegas Cerd\u00e1 Cremades, S.L.\"}]}<\/script>\n<meta property=\"product:price:amount\" content=\"15.00\" \/>\n<meta property=\"product:price:currency\" content=\"EUR\" \/>\n<meta property=\"og:availability\" content=\"instock\" \/>\n<meta property=\"product:availability\" content=\"instock\" \/>\n<meta property=\"product:condition\" content=\"new\" \/>\n<!-- \/ Yoast SEO plugin. -->","yoast_head_json":{"title":"Blanc Cerd\u00e1 - Bodega de vino en Alicante, cerca de Elche, desde 1885 | Bodegas Cerd\u00e1","robots":{"index":"index","follow":"follow","max-snippet":"max-snippet:-1","max-image-preview":"max-image-preview:large","max-video-preview":"max-video-preview:-1"},"canonical":"https:\/\/bodegascerda.com\/fr\/product\/blanc-cerda\/","og_locale":"fr_FR","og_type":"article","og_title":"Blanc Cerd\u00e1 - Bodega de vino en Alicante, cerca de Elche, desde 1885 | Bodegas Cerd\u00e1","og_description":"* Volume: 12% * C\u00e9page: 33% Chardonnay, 33% Airen, 33% Macabeo. * Reproduction: Ce vin p\u00e9tillant a repos\u00e9 pendant 33 jours en barrique de ch\u00eane am\u00e9ricain et une crianza (maturation) \u00e9volu\u00e9e sup\u00e9rieure de 24 mois en bouteille. * Note de d\u00e9gustation: Robe jaune p\u00e2le et brillante avec de tr\u00e8s fines petites bulles. Ar\u00f4mes subtil avec des notes fruit\u00e9es et de douceurs de p\u00e2tisserie fine. En bouche il est vivant, frais d\u00e9licat et suave avec une structure fine et un rien d\u2019acidit\u00e9.","og_url":"https:\/\/bodegascerda.com\/fr\/product\/blanc-cerda\/","og_site_name":"Bodega de vino en Alicante, cerca de Elche, desde 1885 | Bodegas Cerd\u00e1","article_publisher":"https:\/\/www.facebook.com\/bodegas.cerda.hondon","article_modified_time":"2025-05-17T08:47:24+00:00","og_image":[{"width":800,"height":800,"url":"https:\/\/bodegascerda.com\/wp-content\/uploads\/2025\/05\/blanc-cerda.jpg","type":"image\/jpeg"}],"twitter_card":"summary_large_image","twitter_misc":{"Prix":"15,00&euro;","Disponibilit\u00e9":"En stock"},"schema":{"@context":"https:\/\/schema.org","@graph":[{"@type":"WebPage","@id":"https:\/\/bodegascerda.com\/fr\/product\/blanc-cerda\/","url":"https:\/\/bodegascerda.com\/fr\/product\/blanc-cerda\/","name":"Blanc Cerd\u00e1 - Bodega de vino en Alicante, cerca de Elche, desde 1885 | Bodegas Cerd\u00e1","isPartOf":{"@id":"https:\/\/bodegascerda.com\/fr\/#website"},"primaryImageOfPage":{"@id":"https:\/\/bodegascerda.com\/fr\/product\/blanc-cerda\/#primaryimage"},"image":{"@id":"https:\/\/bodegascerda.com\/fr\/product\/blanc-cerda\/#primaryimage"},"thumbnailUrl":"https:\/\/bodegascerda.com\/wp-content\/uploads\/2025\/05\/blanc-cerda.jpg","datePublished":"2023-01-13T06:38:41+00:00","dateModified":"2025-05-17T08:47:24+00:00","breadcrumb":{"@id":"https:\/\/bodegascerda.com\/fr\/product\/blanc-cerda\/#breadcrumb"},"inLanguage":"fr-FR","potentialAction":[{"@type":"ReadAction","target":["https:\/\/bodegascerda.com\/fr\/product\/blanc-cerda\/"]}]},{"@type":"ImageObject","inLanguage":"fr-FR","@id":"https:\/\/bodegascerda.com\/fr\/product\/blanc-cerda\/#primaryimage","url":"https:\/\/bodegascerda.com\/wp-content\/uploads\/2025\/05\/blanc-cerda.jpg","contentUrl":"https:\/\/bodegascerda.com\/wp-content\/uploads\/2025\/05\/blanc-cerda.jpg","width":800,"height":800,"caption":"Vino Blanc Cerd\u00e1"},{"@type":"BreadcrumbList","@id":"https:\/\/bodegascerda.com\/fr\/product\/blanc-cerda\/#breadcrumb","itemListElement":[{"@type":"ListItem","position":1,"name":"Portada","item":"https:\/\/bodegascerda.com\/fr\/"},{"@type":"ListItem","position":2,"name":"Boutique","item":"https:\/\/bodegascerda.com\/fr\/boutique\/"},{"@type":"ListItem","position":3,"name":"Blanc Cerd\u00e1"}]},{"@type":"WebSite","@id":"https:\/\/bodegascerda.com\/fr\/#website","url":"https:\/\/bodegascerda.com\/fr\/","name":"Bodegas Cerd\u00e1","description":"","publisher":{"@id":"https:\/\/bodegascerda.com\/fr\/#organization"},"potentialAction":[{"@type":"SearchAction","target":{"@type":"EntryPoint","urlTemplate":"https:\/\/bodegascerda.com\/fr\/?s={search_term_string}"},"query-input":{"@type":"PropertyValueSpecification","valueRequired":true,"valueName":"search_term_string"}}],"inLanguage":"fr-FR"},{"@type":["Organization","Place"],"@id":"https:\/\/bodegascerda.com\/fr\/#organization","name":"Bodegas Cerd\u00e1 Cremades, S.L.","url":"https:\/\/bodegascerda.com\/fr\/","logo":{"@id":"https:\/\/bodegascerda.com\/fr\/product\/blanc-cerda\/#local-main-organization-logo"},"image":{"@id":"https:\/\/bodegascerda.com\/fr\/product\/blanc-cerda\/#local-main-organization-logo"},"sameAs":["https:\/\/www.facebook.com\/bodegas.cerda.hondon","https:\/\/www.instagram.com\/bodegas.cerda\/"],"openingHoursSpecification":[{"@type":"OpeningHoursSpecification","dayOfWeek":["Monday","Tuesday","Wednesday","Thursday","Friday","Saturday","Sunday"],"opens":"09:00","closes":"17:00"}]},{"@type":"ImageObject","inLanguage":"fr-FR","@id":"https:\/\/bodegascerda.com\/fr\/product\/blanc-cerda\/#local-main-organization-logo","url":"https:\/\/bodegascerda.com\/wp-content\/uploads\/2025\/05\/logo-bodegas-cerda.png","contentUrl":"https:\/\/bodegascerda.com\/wp-content\/uploads\/2025\/05\/logo-bodegas-cerda.png","width":192,"height":100,"caption":"Bodegas Cerd\u00e1 Cremades, S.L."}]},"product_price_amount":"15.00","product_price_currency":"EUR","og_availability":"instock","product_availability":"instock","product_condition":"new"},"_links":{"self":[{"href":"https:\/\/bodegascerda.com\/fr\/wp-json\/wp\/v2\/product\/9008","targetHints":{"allow":["GET"]}}],"collection":[{"href":"https:\/\/bodegascerda.com\/fr\/wp-json\/wp\/v2\/product"}],"about":[{"href":"https:\/\/bodegascerda.com\/fr\/wp-json\/wp\/v2\/types\/product"}],"wp:featuredmedia":[{"embeddable":true,"href":"https:\/\/bodegascerda.com\/fr\/wp-json\/wp\/v2\/media\/6890"}],"wp:attachment":[{"href":"https:\/\/bodegascerda.com\/fr\/wp-json\/wp\/v2\/media?parent=9008"}],"wp:term":[{"taxonomy":"product_brand","embeddable":true,"href":"https:\/\/bodegascerda.com\/fr\/wp-json\/wp\/v2\/product_brand?post=9008"},{"taxonomy":"product_cat","embeddable":true,"href":"https:\/\/bodegascerda.com\/fr\/wp-json\/wp\/v2\/product_cat?post=9008"},{"taxonomy":"product_tag","embeddable":true,"href":"https:\/\/bodegascerda.com\/fr\/wp-json\/wp\/v2\/product_tag?post=9008"}],"curies":[{"name":"wp","href":"https:\/\/api.w.org\/{rel}","templated":true}]}}