{"id":8993,"date":"2023-01-12T16:07:43","date_gmt":"2023-01-12T15:07:43","guid":{"rendered":"https:\/\/bodegascerda.com\/product\/cerda-autor-04-rose-monastrell\/"},"modified":"2025-05-17T10:47:21","modified_gmt":"2025-05-17T08:47:21","slug":"cerda-autor-04-rose-monastrell","status":"publish","type":"product","link":"https:\/\/bodegascerda.com\/fr\/product\/cerda-autor-04-rose-monastrell\/","title":{"rendered":"Cerd\u00e1 Autor 04 &#8211; Ros\u00e9 Monastrell"},"content":{"rendered":"","protected":false},"excerpt":{"rendered":"<p><strong class=\"dorado\">D\u00e9nomination d\u2019origine<\/strong> Alicante.<br \/>\n<strong class=\"dorado\">C\u00e9page<\/strong>: Monastrell<br \/>\n<strong class=\"dorado\">Robe<\/strong>: couleur rouge p\u00e2le avec des bords orang\u00e9s<br \/>\n<strong class=\"dorado\">Ar\u00f4mes<\/strong>: ar\u00f4mes florales, de fruits et d\u2019herbes aromatiques<br \/>\n<strong class=\"dorado\">D\u00e9gustation<\/strong>: \u00e9quilibr\u00e9 et frais<br \/>\n<strong class=\"dorado\">A servir<\/strong> entre 6\u00b0 \u00e0 8\u00b0<br \/>\n<strong class=\"dorado\">Garde<\/strong>: peut se conserver pendant 2 ans<br \/>\n<strong class=\"dorado\">Accompagnement<\/strong>: poissons, riz et salades<br \/>\n<strong class=\"dorado\">Maturation<\/strong>:<br \/>\n<strong class=\"dorado\">Volume<\/strong>: 12,5\u00b0<\/p>\n<p><strong class=\"dorado\">(*) Vino deAutor:<\/strong> vignes \u00e9lev\u00e9es avec attention particuli\u00e8re dans des conditions optimales\u00a0 (temp\u00e9rature, ensoleillement, terre, climat &#8230;)<\/p>\n","protected":false},"featured_media":6920,"template":"","meta":{"rs_blank_template":"","rs_page_bg_color":"","slide_template_v7":""},"product_brand":[],"product_cat":[135,132],"product_tag":[131],"class_list":{"0":"post-8993","1":"product","2":"type-product","3":"status-publish","4":"has-post-thumbnail","6":"product_cat-vin-dauteur","7":"product_cat-vin-rose","8":"product_tag-fr-2","10":"first","11":"instock","12":"taxable","13":"shipping-taxable","14":"purchasable","15":"product-type-simple"},"yoast_head":"<!-- This site is optimized with the Yoast SEO plugin v27.3 - https:\/\/yoast.com\/product\/yoast-seo-wordpress\/ -->\n<title>Cerd\u00e1 Autor 04 - Ros\u00e9 Monastrell - Bodega de vino en Alicante, cerca de Elche, desde 1885 | Bodegas Cerd\u00e1<\/title>\n<meta name=\"robots\" content=\"index, follow, max-snippet:-1, max-image-preview:large, max-video-preview:-1\" \/>\n<link rel=\"canonical\" href=\"https:\/\/bodegascerda.com\/fr\/product\/cerda-autor-04-rose-monastrell\/\" \/>\n<meta property=\"og:locale\" content=\"fr_FR\" \/>\n<meta property=\"og:type\" content=\"article\" \/>\n<meta property=\"og:title\" content=\"Cerd\u00e1 Autor 04 - Ros\u00e9 Monastrell - Bodega de vino en Alicante, cerca de Elche, desde 1885 | Bodegas Cerd\u00e1\" \/>\n<meta property=\"og:description\" content=\"D\u00e9nomination d\u2019origine Alicante. C\u00e9page: Monastrell Robe: couleur rouge p\u00e2le avec des bords orang\u00e9s Ar\u00f4mes: ar\u00f4mes florales, de fruits et d\u2019herbes aromatiques D\u00e9gustation: \u00e9quilibr\u00e9 et frais A servir entre 6\u00b0 \u00e0 8\u00b0 Garde: peut se conserver pendant 2 ans Accompagnement: poissons, riz et salades Maturation: Volume: 12,5\u00b0 (*) Vino deAutor: vignes \u00e9lev\u00e9es avec attention particuli\u00e8re dans des conditions optimales\u00a0 (temp\u00e9rature, ensoleillement, terre, climat ...)\" \/>\n<meta property=\"og:url\" content=\"https:\/\/bodegascerda.com\/fr\/product\/cerda-autor-04-rose-monastrell\/\" \/>\n<meta property=\"og:site_name\" content=\"Bodega de vino en Alicante, cerca de Elche, desde 1885 | Bodegas Cerd\u00e1\" \/>\n<meta property=\"article:publisher\" content=\"https:\/\/www.facebook.com\/bodegas.cerda.hondon\" \/>\n<meta property=\"article:modified_time\" content=\"2025-05-17T08:47:21+00:00\" \/>\n<meta property=\"og:image\" content=\"https:\/\/bodegascerda.com\/wp-content\/uploads\/2025\/05\/cerda-autor.jpg\" \/>\n\t<meta property=\"og:image:width\" content=\"800\" \/>\n\t<meta property=\"og:image:height\" content=\"800\" \/>\n\t<meta property=\"og:image:type\" content=\"image\/jpeg\" \/>\n<meta name=\"twitter:card\" content=\"summary_large_image\" \/>\n<meta name=\"twitter:label1\" content=\"Prix\" \/>\n\t<meta name=\"twitter:data1\" content=\"12,00&euro;\" \/>\n\t<meta name=\"twitter:label2\" content=\"Disponibilit\u00e9\" \/>\n\t<meta name=\"twitter:data2\" content=\"En stock\" \/>\n<script type=\"application\/ld+json\" class=\"yoast-schema-graph\">{\"@context\":\"https:\\\/\\\/schema.org\",\"@graph\":[{\"@type\":\"WebPage\",\"@id\":\"https:\\\/\\\/bodegascerda.com\\\/fr\\\/product\\\/cerda-autor-04-rose-monastrell\\\/\",\"url\":\"https:\\\/\\\/bodegascerda.com\\\/fr\\\/product\\\/cerda-autor-04-rose-monastrell\\\/\",\"name\":\"Cerd\u00e1 Autor 04 - Ros\u00e9 Monastrell - Bodega de vino en Alicante, cerca de Elche, desde 1885 | Bodegas Cerd\u00e1\",\"isPartOf\":{\"@id\":\"https:\\\/\\\/bodegascerda.com\\\/fr\\\/#website\"},\"primaryImageOfPage\":{\"@id\":\"https:\\\/\\\/bodegascerda.com\\\/fr\\\/product\\\/cerda-autor-04-rose-monastrell\\\/#primaryimage\"},\"image\":{\"@id\":\"https:\\\/\\\/bodegascerda.com\\\/fr\\\/product\\\/cerda-autor-04-rose-monastrell\\\/#primaryimage\"},\"thumbnailUrl\":\"https:\\\/\\\/bodegascerda.com\\\/wp-content\\\/uploads\\\/2025\\\/05\\\/cerda-autor.jpg\",\"datePublished\":\"2023-01-12T15:07:43+00:00\",\"dateModified\":\"2025-05-17T08:47:21+00:00\",\"breadcrumb\":{\"@id\":\"https:\\\/\\\/bodegascerda.com\\\/fr\\\/product\\\/cerda-autor-04-rose-monastrell\\\/#breadcrumb\"},\"inLanguage\":\"fr-FR\",\"potentialAction\":[{\"@type\":\"ReadAction\",\"target\":[\"https:\\\/\\\/bodegascerda.com\\\/fr\\\/product\\\/cerda-autor-04-rose-monastrell\\\/\"]}]},{\"@type\":\"ImageObject\",\"inLanguage\":\"fr-FR\",\"@id\":\"https:\\\/\\\/bodegascerda.com\\\/fr\\\/product\\\/cerda-autor-04-rose-monastrell\\\/#primaryimage\",\"url\":\"https:\\\/\\\/bodegascerda.com\\\/wp-content\\\/uploads\\\/2025\\\/05\\\/cerda-autor.jpg\",\"contentUrl\":\"https:\\\/\\\/bodegascerda.com\\\/wp-content\\\/uploads\\\/2025\\\/05\\\/cerda-autor.jpg\",\"width\":800,\"height\":800,\"caption\":\"Vino de Autor Cerd\u00e1 04\"},{\"@type\":\"BreadcrumbList\",\"@id\":\"https:\\\/\\\/bodegascerda.com\\\/fr\\\/product\\\/cerda-autor-04-rose-monastrell\\\/#breadcrumb\",\"itemListElement\":[{\"@type\":\"ListItem\",\"position\":1,\"name\":\"Portada\",\"item\":\"https:\\\/\\\/bodegascerda.com\\\/fr\\\/\"},{\"@type\":\"ListItem\",\"position\":2,\"name\":\"Boutique\",\"item\":\"https:\\\/\\\/bodegascerda.com\\\/fr\\\/boutique\\\/\"},{\"@type\":\"ListItem\",\"position\":3,\"name\":\"Cerd\u00e1 Autor 04 &#8211; Ros\u00e9 Monastrell\"}]},{\"@type\":\"WebSite\",\"@id\":\"https:\\\/\\\/bodegascerda.com\\\/fr\\\/#website\",\"url\":\"https:\\\/\\\/bodegascerda.com\\\/fr\\\/\",\"name\":\"Bodegas Cerd\u00e1\",\"description\":\"\",\"publisher\":{\"@id\":\"https:\\\/\\\/bodegascerda.com\\\/fr\\\/#organization\"},\"potentialAction\":[{\"@type\":\"SearchAction\",\"target\":{\"@type\":\"EntryPoint\",\"urlTemplate\":\"https:\\\/\\\/bodegascerda.com\\\/fr\\\/?s={search_term_string}\"},\"query-input\":{\"@type\":\"PropertyValueSpecification\",\"valueRequired\":true,\"valueName\":\"search_term_string\"}}],\"inLanguage\":\"fr-FR\"},{\"@type\":[\"Organization\",\"Place\"],\"@id\":\"https:\\\/\\\/bodegascerda.com\\\/fr\\\/#organization\",\"name\":\"Bodegas Cerd\u00e1 Cremades, S.L.\",\"url\":\"https:\\\/\\\/bodegascerda.com\\\/fr\\\/\",\"logo\":{\"@id\":\"https:\\\/\\\/bodegascerda.com\\\/fr\\\/product\\\/cerda-autor-04-rose-monastrell\\\/#local-main-organization-logo\"},\"image\":{\"@id\":\"https:\\\/\\\/bodegascerda.com\\\/fr\\\/product\\\/cerda-autor-04-rose-monastrell\\\/#local-main-organization-logo\"},\"sameAs\":[\"https:\\\/\\\/www.facebook.com\\\/bodegas.cerda.hondon\",\"https:\\\/\\\/www.instagram.com\\\/bodegas.cerda\\\/\"],\"openingHoursSpecification\":[{\"@type\":\"OpeningHoursSpecification\",\"dayOfWeek\":[\"Monday\",\"Tuesday\",\"Wednesday\",\"Thursday\",\"Friday\",\"Saturday\",\"Sunday\"],\"opens\":\"09:00\",\"closes\":\"17:00\"}]},{\"@type\":\"ImageObject\",\"inLanguage\":\"fr-FR\",\"@id\":\"https:\\\/\\\/bodegascerda.com\\\/fr\\\/product\\\/cerda-autor-04-rose-monastrell\\\/#local-main-organization-logo\",\"url\":\"https:\\\/\\\/bodegascerda.com\\\/wp-content\\\/uploads\\\/2025\\\/05\\\/logo-bodegas-cerda.png\",\"contentUrl\":\"https:\\\/\\\/bodegascerda.com\\\/wp-content\\\/uploads\\\/2025\\\/05\\\/logo-bodegas-cerda.png\",\"width\":192,\"height\":100,\"caption\":\"Bodegas Cerd\u00e1 Cremades, S.L.\"}]}<\/script>\n<meta property=\"product:price:amount\" content=\"12.00\" \/>\n<meta property=\"product:price:currency\" content=\"EUR\" \/>\n<meta property=\"og:availability\" content=\"instock\" \/>\n<meta property=\"product:availability\" content=\"instock\" \/>\n<meta property=\"product:condition\" content=\"new\" \/>\n<!-- \/ Yoast SEO plugin. -->","yoast_head_json":{"title":"Cerd\u00e1 Autor 04 - Ros\u00e9 Monastrell - Bodega de vino en Alicante, cerca de Elche, desde 1885 | Bodegas Cerd\u00e1","robots":{"index":"index","follow":"follow","max-snippet":"max-snippet:-1","max-image-preview":"max-image-preview:large","max-video-preview":"max-video-preview:-1"},"canonical":"https:\/\/bodegascerda.com\/fr\/product\/cerda-autor-04-rose-monastrell\/","og_locale":"fr_FR","og_type":"article","og_title":"Cerd\u00e1 Autor 04 - Ros\u00e9 Monastrell - Bodega de vino en Alicante, cerca de Elche, desde 1885 | Bodegas Cerd\u00e1","og_description":"D\u00e9nomination d\u2019origine Alicante. C\u00e9page: Monastrell Robe: couleur rouge p\u00e2le avec des bords orang\u00e9s Ar\u00f4mes: ar\u00f4mes florales, de fruits et d\u2019herbes aromatiques D\u00e9gustation: \u00e9quilibr\u00e9 et frais A servir entre 6\u00b0 \u00e0 8\u00b0 Garde: peut se conserver pendant 2 ans Accompagnement: poissons, riz et salades Maturation: Volume: 12,5\u00b0 (*) Vino deAutor: vignes \u00e9lev\u00e9es avec attention particuli\u00e8re dans des conditions optimales\u00a0 (temp\u00e9rature, ensoleillement, terre, climat ...)","og_url":"https:\/\/bodegascerda.com\/fr\/product\/cerda-autor-04-rose-monastrell\/","og_site_name":"Bodega de vino en Alicante, cerca de Elche, desde 1885 | Bodegas Cerd\u00e1","article_publisher":"https:\/\/www.facebook.com\/bodegas.cerda.hondon","article_modified_time":"2025-05-17T08:47:21+00:00","og_image":[{"width":800,"height":800,"url":"https:\/\/bodegascerda.com\/wp-content\/uploads\/2025\/05\/cerda-autor.jpg","type":"image\/jpeg"}],"twitter_card":"summary_large_image","twitter_misc":{"Prix":"12,00&euro;","Disponibilit\u00e9":"En stock"},"schema":{"@context":"https:\/\/schema.org","@graph":[{"@type":"WebPage","@id":"https:\/\/bodegascerda.com\/fr\/product\/cerda-autor-04-rose-monastrell\/","url":"https:\/\/bodegascerda.com\/fr\/product\/cerda-autor-04-rose-monastrell\/","name":"Cerd\u00e1 Autor 04 - Ros\u00e9 Monastrell - Bodega de vino en Alicante, cerca de Elche, desde 1885 | Bodegas Cerd\u00e1","isPartOf":{"@id":"https:\/\/bodegascerda.com\/fr\/#website"},"primaryImageOfPage":{"@id":"https:\/\/bodegascerda.com\/fr\/product\/cerda-autor-04-rose-monastrell\/#primaryimage"},"image":{"@id":"https:\/\/bodegascerda.com\/fr\/product\/cerda-autor-04-rose-monastrell\/#primaryimage"},"thumbnailUrl":"https:\/\/bodegascerda.com\/wp-content\/uploads\/2025\/05\/cerda-autor.jpg","datePublished":"2023-01-12T15:07:43+00:00","dateModified":"2025-05-17T08:47:21+00:00","breadcrumb":{"@id":"https:\/\/bodegascerda.com\/fr\/product\/cerda-autor-04-rose-monastrell\/#breadcrumb"},"inLanguage":"fr-FR","potentialAction":[{"@type":"ReadAction","target":["https:\/\/bodegascerda.com\/fr\/product\/cerda-autor-04-rose-monastrell\/"]}]},{"@type":"ImageObject","inLanguage":"fr-FR","@id":"https:\/\/bodegascerda.com\/fr\/product\/cerda-autor-04-rose-monastrell\/#primaryimage","url":"https:\/\/bodegascerda.com\/wp-content\/uploads\/2025\/05\/cerda-autor.jpg","contentUrl":"https:\/\/bodegascerda.com\/wp-content\/uploads\/2025\/05\/cerda-autor.jpg","width":800,"height":800,"caption":"Vino de Autor Cerd\u00e1 04"},{"@type":"BreadcrumbList","@id":"https:\/\/bodegascerda.com\/fr\/product\/cerda-autor-04-rose-monastrell\/#breadcrumb","itemListElement":[{"@type":"ListItem","position":1,"name":"Portada","item":"https:\/\/bodegascerda.com\/fr\/"},{"@type":"ListItem","position":2,"name":"Boutique","item":"https:\/\/bodegascerda.com\/fr\/boutique\/"},{"@type":"ListItem","position":3,"name":"Cerd\u00e1 Autor 04 &#8211; Ros\u00e9 Monastrell"}]},{"@type":"WebSite","@id":"https:\/\/bodegascerda.com\/fr\/#website","url":"https:\/\/bodegascerda.com\/fr\/","name":"Bodegas Cerd\u00e1","description":"","publisher":{"@id":"https:\/\/bodegascerda.com\/fr\/#organization"},"potentialAction":[{"@type":"SearchAction","target":{"@type":"EntryPoint","urlTemplate":"https:\/\/bodegascerda.com\/fr\/?s={search_term_string}"},"query-input":{"@type":"PropertyValueSpecification","valueRequired":true,"valueName":"search_term_string"}}],"inLanguage":"fr-FR"},{"@type":["Organization","Place"],"@id":"https:\/\/bodegascerda.com\/fr\/#organization","name":"Bodegas Cerd\u00e1 Cremades, S.L.","url":"https:\/\/bodegascerda.com\/fr\/","logo":{"@id":"https:\/\/bodegascerda.com\/fr\/product\/cerda-autor-04-rose-monastrell\/#local-main-organization-logo"},"image":{"@id":"https:\/\/bodegascerda.com\/fr\/product\/cerda-autor-04-rose-monastrell\/#local-main-organization-logo"},"sameAs":["https:\/\/www.facebook.com\/bodegas.cerda.hondon","https:\/\/www.instagram.com\/bodegas.cerda\/"],"openingHoursSpecification":[{"@type":"OpeningHoursSpecification","dayOfWeek":["Monday","Tuesday","Wednesday","Thursday","Friday","Saturday","Sunday"],"opens":"09:00","closes":"17:00"}]},{"@type":"ImageObject","inLanguage":"fr-FR","@id":"https:\/\/bodegascerda.com\/fr\/product\/cerda-autor-04-rose-monastrell\/#local-main-organization-logo","url":"https:\/\/bodegascerda.com\/wp-content\/uploads\/2025\/05\/logo-bodegas-cerda.png","contentUrl":"https:\/\/bodegascerda.com\/wp-content\/uploads\/2025\/05\/logo-bodegas-cerda.png","width":192,"height":100,"caption":"Bodegas Cerd\u00e1 Cremades, S.L."}]},"product_price_amount":"12.00","product_price_currency":"EUR","og_availability":"instock","product_availability":"instock","product_condition":"new"},"_links":{"self":[{"href":"https:\/\/bodegascerda.com\/fr\/wp-json\/wp\/v2\/product\/8993","targetHints":{"allow":["GET"]}}],"collection":[{"href":"https:\/\/bodegascerda.com\/fr\/wp-json\/wp\/v2\/product"}],"about":[{"href":"https:\/\/bodegascerda.com\/fr\/wp-json\/wp\/v2\/types\/product"}],"wp:featuredmedia":[{"embeddable":true,"href":"https:\/\/bodegascerda.com\/fr\/wp-json\/wp\/v2\/media\/6920"}],"wp:attachment":[{"href":"https:\/\/bodegascerda.com\/fr\/wp-json\/wp\/v2\/media?parent=8993"}],"wp:term":[{"taxonomy":"product_brand","embeddable":true,"href":"https:\/\/bodegascerda.com\/fr\/wp-json\/wp\/v2\/product_brand?post=8993"},{"taxonomy":"product_cat","embeddable":true,"href":"https:\/\/bodegascerda.com\/fr\/wp-json\/wp\/v2\/product_cat?post=8993"},{"taxonomy":"product_tag","embeddable":true,"href":"https:\/\/bodegascerda.com\/fr\/wp-json\/wp\/v2\/product_tag?post=8993"}],"curies":[{"name":"wp","href":"https:\/\/api.w.org\/{rel}","templated":true}]}}