{"id":8942,"date":"2018-12-15T09:40:30","date_gmt":"2018-12-15T08:40:30","guid":{"rendered":"https:\/\/bodegascerda.com\/product\/pedro-ximenez\/"},"modified":"2026-02-23T10:04:01","modified_gmt":"2026-02-23T09:04:01","slug":"pedro-ximenez","status":"publish","type":"product","link":"https:\/\/bodegascerda.com\/fr\/product\/pedro-ximenez\/","title":{"rendered":"Pedro Xim\u00e9nez"},"content":{"rendered":"","protected":false},"excerpt":{"rendered":"<p><strong>* Volume<\/strong>: 15%<\/p>\n<p><strong>* C\u00e9page<\/strong>: 100% Pedro Xim\u00e9nez<\/p>\n<p><strong>* Elaboration<\/strong>: Ce vin est obtenu en exposant les raisins au soleil. Les raisins reposent pendant 5 ans dans des anciennes barriques de ch\u00eane am\u00e9ricain.<\/p>\n<p><strong>* Note de d\u00e9gustation<\/strong>: Robe sombre comme le rubis. Ar\u00f4mes de dattes, de bergamote, jusqu&rsquo;\u00e0 quelques notes bois\u00e9es. C&rsquo;est un vin doux naturel.<\/p>\n","protected":false},"featured_media":6866,"template":"","meta":{"rs_blank_template":"","rs_page_bg_color":"","slide_template_v7":""},"product_brand":[],"product_cat":[134,130],"product_tag":[131],"class_list":{"0":"post-8942","1":"product","2":"type-product","3":"status-publish","4":"has-post-thumbnail","6":"product_cat-pedro-ximenez","7":"product_cat-vin-rouge","8":"product_tag-fr-2","10":"first","11":"instock","12":"taxable","13":"shipping-taxable","14":"purchasable","15":"product-type-simple"},"yoast_head":"<!-- This site is optimized with the Yoast SEO plugin v27.3 - https:\/\/yoast.com\/product\/yoast-seo-wordpress\/ -->\n<title>Pedro Xim\u00e9nez - Bodega de vino en Alicante, cerca de Elche, desde 1885 | Bodegas Cerd\u00e1<\/title>\n<meta name=\"robots\" content=\"index, follow, max-snippet:-1, max-image-preview:large, max-video-preview:-1\" \/>\n<link rel=\"canonical\" href=\"https:\/\/bodegascerda.com\/fr\/product\/pedro-ximenez\/\" \/>\n<meta property=\"og:locale\" content=\"fr_FR\" \/>\n<meta property=\"og:type\" content=\"article\" \/>\n<meta property=\"og:title\" content=\"Pedro Xim\u00e9nez - Bodega de vino en Alicante, cerca de Elche, desde 1885 | Bodegas Cerd\u00e1\" \/>\n<meta property=\"og:description\" content=\"* Volume: 15% * C\u00e9page: 100% Pedro Xim\u00e9nez * Elaboration: Ce vin est obtenu en exposant les raisins au soleil. Les raisins reposent pendant 5 ans dans des anciennes barriques de ch\u00eane am\u00e9ricain. * Note de d\u00e9gustation: Robe sombre comme le rubis. Ar\u00f4mes de dattes, de bergamote, jusqu&#039;\u00e0 quelques notes bois\u00e9es. C&#039;est un vin doux naturel.\" \/>\n<meta property=\"og:url\" content=\"https:\/\/bodegascerda.com\/fr\/product\/pedro-ximenez\/\" \/>\n<meta property=\"og:site_name\" content=\"Bodega de vino en Alicante, cerca de Elche, desde 1885 | Bodegas Cerd\u00e1\" \/>\n<meta property=\"article:publisher\" content=\"https:\/\/www.facebook.com\/bodegas.cerda.hondon\" \/>\n<meta property=\"article:modified_time\" content=\"2026-02-23T09:04:01+00:00\" \/>\n<meta property=\"og:image\" content=\"https:\/\/bodegascerda.com\/wp-content\/uploads\/2025\/05\/pedroXimenez.jpg\" \/>\n\t<meta property=\"og:image:width\" content=\"800\" \/>\n\t<meta property=\"og:image:height\" content=\"800\" \/>\n\t<meta property=\"og:image:type\" content=\"image\/jpeg\" \/>\n<meta name=\"twitter:card\" content=\"summary_large_image\" \/>\n<meta name=\"twitter:label1\" content=\"Prix\" \/>\n\t<meta name=\"twitter:data1\" content=\"18,00&euro;\" \/>\n\t<meta name=\"twitter:label2\" content=\"Disponibilit\u00e9\" \/>\n\t<meta name=\"twitter:data2\" content=\"En stock\" \/>\n<script type=\"application\/ld+json\" class=\"yoast-schema-graph\">{\"@context\":\"https:\\\/\\\/schema.org\",\"@graph\":[{\"@type\":\"WebPage\",\"@id\":\"https:\\\/\\\/bodegascerda.com\\\/fr\\\/product\\\/pedro-ximenez\\\/\",\"url\":\"https:\\\/\\\/bodegascerda.com\\\/fr\\\/product\\\/pedro-ximenez\\\/\",\"name\":\"Pedro Xim\u00e9nez - Bodega de vino en Alicante, cerca de Elche, desde 1885 | Bodegas Cerd\u00e1\",\"isPartOf\":{\"@id\":\"https:\\\/\\\/bodegascerda.com\\\/fr\\\/#website\"},\"primaryImageOfPage\":{\"@id\":\"https:\\\/\\\/bodegascerda.com\\\/fr\\\/product\\\/pedro-ximenez\\\/#primaryimage\"},\"image\":{\"@id\":\"https:\\\/\\\/bodegascerda.com\\\/fr\\\/product\\\/pedro-ximenez\\\/#primaryimage\"},\"thumbnailUrl\":\"https:\\\/\\\/bodegascerda.com\\\/wp-content\\\/uploads\\\/2025\\\/05\\\/pedroXimenez.jpg\",\"datePublished\":\"2018-12-15T08:40:30+00:00\",\"dateModified\":\"2026-02-23T09:04:01+00:00\",\"breadcrumb\":{\"@id\":\"https:\\\/\\\/bodegascerda.com\\\/fr\\\/product\\\/pedro-ximenez\\\/#breadcrumb\"},\"inLanguage\":\"fr-FR\",\"potentialAction\":[{\"@type\":\"ReadAction\",\"target\":[\"https:\\\/\\\/bodegascerda.com\\\/fr\\\/product\\\/pedro-ximenez\\\/\"]}]},{\"@type\":\"ImageObject\",\"inLanguage\":\"fr-FR\",\"@id\":\"https:\\\/\\\/bodegascerda.com\\\/fr\\\/product\\\/pedro-ximenez\\\/#primaryimage\",\"url\":\"https:\\\/\\\/bodegascerda.com\\\/wp-content\\\/uploads\\\/2025\\\/05\\\/pedroXimenez.jpg\",\"contentUrl\":\"https:\\\/\\\/bodegascerda.com\\\/wp-content\\\/uploads\\\/2025\\\/05\\\/pedroXimenez.jpg\",\"width\":800,\"height\":800,\"caption\":\"comprar vino pedro xim\u00e9nez\"},{\"@type\":\"BreadcrumbList\",\"@id\":\"https:\\\/\\\/bodegascerda.com\\\/fr\\\/product\\\/pedro-ximenez\\\/#breadcrumb\",\"itemListElement\":[{\"@type\":\"ListItem\",\"position\":1,\"name\":\"Portada\",\"item\":\"https:\\\/\\\/bodegascerda.com\\\/fr\\\/\"},{\"@type\":\"ListItem\",\"position\":2,\"name\":\"Boutique\",\"item\":\"https:\\\/\\\/bodegascerda.com\\\/fr\\\/boutique\\\/\"},{\"@type\":\"ListItem\",\"position\":3,\"name\":\"Pedro Xim\u00e9nez\"}]},{\"@type\":\"WebSite\",\"@id\":\"https:\\\/\\\/bodegascerda.com\\\/fr\\\/#website\",\"url\":\"https:\\\/\\\/bodegascerda.com\\\/fr\\\/\",\"name\":\"Bodegas Cerd\u00e1\",\"description\":\"\",\"publisher\":{\"@id\":\"https:\\\/\\\/bodegascerda.com\\\/fr\\\/#organization\"},\"potentialAction\":[{\"@type\":\"SearchAction\",\"target\":{\"@type\":\"EntryPoint\",\"urlTemplate\":\"https:\\\/\\\/bodegascerda.com\\\/fr\\\/?s={search_term_string}\"},\"query-input\":{\"@type\":\"PropertyValueSpecification\",\"valueRequired\":true,\"valueName\":\"search_term_string\"}}],\"inLanguage\":\"fr-FR\"},{\"@type\":[\"Organization\",\"Place\"],\"@id\":\"https:\\\/\\\/bodegascerda.com\\\/fr\\\/#organization\",\"name\":\"Bodegas Cerd\u00e1 Cremades, S.L.\",\"url\":\"https:\\\/\\\/bodegascerda.com\\\/fr\\\/\",\"logo\":{\"@id\":\"https:\\\/\\\/bodegascerda.com\\\/fr\\\/product\\\/pedro-ximenez\\\/#local-main-organization-logo\"},\"image\":{\"@id\":\"https:\\\/\\\/bodegascerda.com\\\/fr\\\/product\\\/pedro-ximenez\\\/#local-main-organization-logo\"},\"sameAs\":[\"https:\\\/\\\/www.facebook.com\\\/bodegas.cerda.hondon\",\"https:\\\/\\\/www.instagram.com\\\/bodegas.cerda\\\/\"],\"openingHoursSpecification\":[{\"@type\":\"OpeningHoursSpecification\",\"dayOfWeek\":[\"Monday\",\"Tuesday\",\"Wednesday\",\"Thursday\",\"Friday\",\"Saturday\",\"Sunday\"],\"opens\":\"09:00\",\"closes\":\"17:00\"}]},{\"@type\":\"ImageObject\",\"inLanguage\":\"fr-FR\",\"@id\":\"https:\\\/\\\/bodegascerda.com\\\/fr\\\/product\\\/pedro-ximenez\\\/#local-main-organization-logo\",\"url\":\"https:\\\/\\\/bodegascerda.com\\\/wp-content\\\/uploads\\\/2025\\\/05\\\/logo-bodegas-cerda.png\",\"contentUrl\":\"https:\\\/\\\/bodegascerda.com\\\/wp-content\\\/uploads\\\/2025\\\/05\\\/logo-bodegas-cerda.png\",\"width\":192,\"height\":100,\"caption\":\"Bodegas Cerd\u00e1 Cremades, S.L.\"}]}<\/script>\n<meta property=\"product:price:amount\" content=\"18.00\" \/>\n<meta property=\"product:price:currency\" content=\"EUR\" \/>\n<meta property=\"og:availability\" content=\"instock\" \/>\n<meta property=\"product:availability\" content=\"instock\" \/>\n<meta property=\"product:condition\" content=\"new\" \/>\n<!-- \/ Yoast SEO plugin. -->","yoast_head_json":{"title":"Pedro Xim\u00e9nez - Bodega de vino en Alicante, cerca de Elche, desde 1885 | Bodegas Cerd\u00e1","robots":{"index":"index","follow":"follow","max-snippet":"max-snippet:-1","max-image-preview":"max-image-preview:large","max-video-preview":"max-video-preview:-1"},"canonical":"https:\/\/bodegascerda.com\/fr\/product\/pedro-ximenez\/","og_locale":"fr_FR","og_type":"article","og_title":"Pedro Xim\u00e9nez - Bodega de vino en Alicante, cerca de Elche, desde 1885 | Bodegas Cerd\u00e1","og_description":"* Volume: 15% * C\u00e9page: 100% Pedro Xim\u00e9nez * Elaboration: Ce vin est obtenu en exposant les raisins au soleil. Les raisins reposent pendant 5 ans dans des anciennes barriques de ch\u00eane am\u00e9ricain. * Note de d\u00e9gustation: Robe sombre comme le rubis. Ar\u00f4mes de dattes, de bergamote, jusqu'\u00e0 quelques notes bois\u00e9es. C'est un vin doux naturel.","og_url":"https:\/\/bodegascerda.com\/fr\/product\/pedro-ximenez\/","og_site_name":"Bodega de vino en Alicante, cerca de Elche, desde 1885 | Bodegas Cerd\u00e1","article_publisher":"https:\/\/www.facebook.com\/bodegas.cerda.hondon","article_modified_time":"2026-02-23T09:04:01+00:00","og_image":[{"width":800,"height":800,"url":"https:\/\/bodegascerda.com\/wp-content\/uploads\/2025\/05\/pedroXimenez.jpg","type":"image\/jpeg"}],"twitter_card":"summary_large_image","twitter_misc":{"Prix":"18,00&euro;","Disponibilit\u00e9":"En stock"},"schema":{"@context":"https:\/\/schema.org","@graph":[{"@type":"WebPage","@id":"https:\/\/bodegascerda.com\/fr\/product\/pedro-ximenez\/","url":"https:\/\/bodegascerda.com\/fr\/product\/pedro-ximenez\/","name":"Pedro Xim\u00e9nez - Bodega de vino en Alicante, cerca de Elche, desde 1885 | Bodegas Cerd\u00e1","isPartOf":{"@id":"https:\/\/bodegascerda.com\/fr\/#website"},"primaryImageOfPage":{"@id":"https:\/\/bodegascerda.com\/fr\/product\/pedro-ximenez\/#primaryimage"},"image":{"@id":"https:\/\/bodegascerda.com\/fr\/product\/pedro-ximenez\/#primaryimage"},"thumbnailUrl":"https:\/\/bodegascerda.com\/wp-content\/uploads\/2025\/05\/pedroXimenez.jpg","datePublished":"2018-12-15T08:40:30+00:00","dateModified":"2026-02-23T09:04:01+00:00","breadcrumb":{"@id":"https:\/\/bodegascerda.com\/fr\/product\/pedro-ximenez\/#breadcrumb"},"inLanguage":"fr-FR","potentialAction":[{"@type":"ReadAction","target":["https:\/\/bodegascerda.com\/fr\/product\/pedro-ximenez\/"]}]},{"@type":"ImageObject","inLanguage":"fr-FR","@id":"https:\/\/bodegascerda.com\/fr\/product\/pedro-ximenez\/#primaryimage","url":"https:\/\/bodegascerda.com\/wp-content\/uploads\/2025\/05\/pedroXimenez.jpg","contentUrl":"https:\/\/bodegascerda.com\/wp-content\/uploads\/2025\/05\/pedroXimenez.jpg","width":800,"height":800,"caption":"comprar vino pedro xim\u00e9nez"},{"@type":"BreadcrumbList","@id":"https:\/\/bodegascerda.com\/fr\/product\/pedro-ximenez\/#breadcrumb","itemListElement":[{"@type":"ListItem","position":1,"name":"Portada","item":"https:\/\/bodegascerda.com\/fr\/"},{"@type":"ListItem","position":2,"name":"Boutique","item":"https:\/\/bodegascerda.com\/fr\/boutique\/"},{"@type":"ListItem","position":3,"name":"Pedro Xim\u00e9nez"}]},{"@type":"WebSite","@id":"https:\/\/bodegascerda.com\/fr\/#website","url":"https:\/\/bodegascerda.com\/fr\/","name":"Bodegas Cerd\u00e1","description":"","publisher":{"@id":"https:\/\/bodegascerda.com\/fr\/#organization"},"potentialAction":[{"@type":"SearchAction","target":{"@type":"EntryPoint","urlTemplate":"https:\/\/bodegascerda.com\/fr\/?s={search_term_string}"},"query-input":{"@type":"PropertyValueSpecification","valueRequired":true,"valueName":"search_term_string"}}],"inLanguage":"fr-FR"},{"@type":["Organization","Place"],"@id":"https:\/\/bodegascerda.com\/fr\/#organization","name":"Bodegas Cerd\u00e1 Cremades, S.L.","url":"https:\/\/bodegascerda.com\/fr\/","logo":{"@id":"https:\/\/bodegascerda.com\/fr\/product\/pedro-ximenez\/#local-main-organization-logo"},"image":{"@id":"https:\/\/bodegascerda.com\/fr\/product\/pedro-ximenez\/#local-main-organization-logo"},"sameAs":["https:\/\/www.facebook.com\/bodegas.cerda.hondon","https:\/\/www.instagram.com\/bodegas.cerda\/"],"openingHoursSpecification":[{"@type":"OpeningHoursSpecification","dayOfWeek":["Monday","Tuesday","Wednesday","Thursday","Friday","Saturday","Sunday"],"opens":"09:00","closes":"17:00"}]},{"@type":"ImageObject","inLanguage":"fr-FR","@id":"https:\/\/bodegascerda.com\/fr\/product\/pedro-ximenez\/#local-main-organization-logo","url":"https:\/\/bodegascerda.com\/wp-content\/uploads\/2025\/05\/logo-bodegas-cerda.png","contentUrl":"https:\/\/bodegascerda.com\/wp-content\/uploads\/2025\/05\/logo-bodegas-cerda.png","width":192,"height":100,"caption":"Bodegas Cerd\u00e1 Cremades, S.L."}]},"product_price_amount":"18.00","product_price_currency":"EUR","og_availability":"instock","product_availability":"instock","product_condition":"new"},"_links":{"self":[{"href":"https:\/\/bodegascerda.com\/fr\/wp-json\/wp\/v2\/product\/8942","targetHints":{"allow":["GET"]}}],"collection":[{"href":"https:\/\/bodegascerda.com\/fr\/wp-json\/wp\/v2\/product"}],"about":[{"href":"https:\/\/bodegascerda.com\/fr\/wp-json\/wp\/v2\/types\/product"}],"wp:featuredmedia":[{"embeddable":true,"href":"https:\/\/bodegascerda.com\/fr\/wp-json\/wp\/v2\/media\/6866"}],"wp:attachment":[{"href":"https:\/\/bodegascerda.com\/fr\/wp-json\/wp\/v2\/media?parent=8942"}],"wp:term":[{"taxonomy":"product_brand","embeddable":true,"href":"https:\/\/bodegascerda.com\/fr\/wp-json\/wp\/v2\/product_brand?post=8942"},{"taxonomy":"product_cat","embeddable":true,"href":"https:\/\/bodegascerda.com\/fr\/wp-json\/wp\/v2\/product_cat?post=8942"},{"taxonomy":"product_tag","embeddable":true,"href":"https:\/\/bodegascerda.com\/fr\/wp-json\/wp\/v2\/product_tag?post=8942"}],"curies":[{"name":"wp","href":"https:\/\/api.w.org\/{rel}","templated":true}]}}