{"id":8354,"date":"2023-07-04T14:56:07","date_gmt":"2023-07-04T12:56:07","guid":{"rendered":"https:\/\/bodegascerda.com\/product\/vino-oloroso\/"},"modified":"2025-05-17T09:54:08","modified_gmt":"2025-05-17T07:54:08","slug":"vino-oloroso","status":"publish","type":"product","link":"https:\/\/bodegascerda.com\/fr\/product\/vino-oloroso\/","title":{"rendered":"Vino Oloroso"},"content":{"rendered":"","protected":false},"excerpt":{"rendered":"<p>Vino Oloroso:<\/p>\n<p>Variedad: 100% Palomino.<br \/>\nColor: oro dorado.<br \/>\nAromas: Vino seco, muy arom\u00e1tico con mucho cuerpo.<br \/>\nDegustaci\u00f3n: se sirve entre 18 y 20 grados.<br \/>\nMaridaje: Ideal con carnes rojas, platos de caza y cocidos.<br \/>\nAlcohol: 15 grados.<\/p>\n","protected":false},"featured_media":5208,"template":"","meta":{"rs_blank_template":"","rs_page_bg_color":"","slide_template_v7":""},"product_brand":[],"product_cat":[84],"product_tag":[],"class_list":{"0":"post-8354","1":"product","2":"type-product","3":"status-publish","4":"has-post-thumbnail","6":"product_cat-vino-de-jerez","8":"first","9":"instock","10":"taxable","11":"shipping-taxable","12":"purchasable","13":"product-type-simple"},"yoast_head":"<!-- This site is optimized with the Yoast SEO plugin v27.3 - https:\/\/yoast.com\/product\/yoast-seo-wordpress\/ -->\n<title>Vino Oloroso - Bodega de vino en Alicante, cerca de Elche, desde 1885 | Bodegas Cerd\u00e1<\/title>\n<meta name=\"robots\" content=\"index, follow, max-snippet:-1, max-image-preview:large, max-video-preview:-1\" \/>\n<link rel=\"canonical\" href=\"https:\/\/bodegascerda.com\/fr\/product\/vino-oloroso\/\" \/>\n<meta property=\"og:locale\" content=\"fr_FR\" \/>\n<meta property=\"og:type\" content=\"article\" \/>\n<meta property=\"og:title\" content=\"Vino Oloroso - Bodega de vino en Alicante, cerca de Elche, desde 1885 | Bodegas Cerd\u00e1\" \/>\n<meta property=\"og:description\" content=\"Vino Oloroso: Variedad: 100% Palomino. Color: oro dorado. Aromas: Vino seco, muy arom\u00e1tico con mucho cuerpo. Degustaci\u00f3n: se sirve entre 18 y 20 grados. Maridaje: Ideal con carnes rojas, platos de caza y cocidos. Alcohol: 15 grados.\" \/>\n<meta property=\"og:url\" content=\"https:\/\/bodegascerda.com\/fr\/product\/vino-oloroso\/\" \/>\n<meta property=\"og:site_name\" content=\"Bodega de vino en Alicante, cerca de Elche, desde 1885 | Bodegas Cerd\u00e1\" \/>\n<meta property=\"article:publisher\" content=\"https:\/\/www.facebook.com\/bodegas.cerda.hondon\" \/>\n<meta property=\"article:modified_time\" content=\"2025-05-17T07:54:08+00:00\" \/>\n<meta property=\"og:image\" content=\"https:\/\/bodegascerda.com\/wp-content\/uploads\/2025\/05\/fino-1.jpg\" \/>\n\t<meta property=\"og:image:width\" content=\"600\" \/>\n\t<meta property=\"og:image:height\" content=\"600\" \/>\n\t<meta property=\"og:image:type\" content=\"image\/jpeg\" \/>\n<meta name=\"twitter:card\" content=\"summary_large_image\" \/>\n<meta name=\"twitter:label1\" content=\"Prix\" \/>\n\t<meta name=\"twitter:data1\" content=\"15,00&euro;\" \/>\n\t<meta name=\"twitter:label2\" content=\"Disponibilit\u00e9\" \/>\n\t<meta name=\"twitter:data2\" content=\"En stock\" \/>\n<script type=\"application\/ld+json\" class=\"yoast-schema-graph\">{\"@context\":\"https:\\\/\\\/schema.org\",\"@graph\":[{\"@type\":\"WebPage\",\"@id\":\"https:\\\/\\\/bodegascerda.com\\\/fr\\\/product\\\/vino-oloroso\\\/\",\"url\":\"https:\\\/\\\/bodegascerda.com\\\/fr\\\/product\\\/vino-oloroso\\\/\",\"name\":\"Vino Oloroso - Bodega de vino en Alicante, cerca de Elche, desde 1885 | Bodegas Cerd\u00e1\",\"isPartOf\":{\"@id\":\"https:\\\/\\\/bodegascerda.com\\\/fr\\\/#website\"},\"primaryImageOfPage\":{\"@id\":\"https:\\\/\\\/bodegascerda.com\\\/fr\\\/product\\\/vino-oloroso\\\/#primaryimage\"},\"image\":{\"@id\":\"https:\\\/\\\/bodegascerda.com\\\/fr\\\/product\\\/vino-oloroso\\\/#primaryimage\"},\"thumbnailUrl\":\"https:\\\/\\\/bodegascerda.com\\\/wp-content\\\/uploads\\\/2025\\\/05\\\/fino-1.jpg\",\"datePublished\":\"2023-07-04T12:56:07+00:00\",\"dateModified\":\"2025-05-17T07:54:08+00:00\",\"breadcrumb\":{\"@id\":\"https:\\\/\\\/bodegascerda.com\\\/fr\\\/product\\\/vino-oloroso\\\/#breadcrumb\"},\"inLanguage\":\"fr-FR\",\"potentialAction\":[{\"@type\":\"ReadAction\",\"target\":[\"https:\\\/\\\/bodegascerda.com\\\/fr\\\/product\\\/vino-oloroso\\\/\"]}]},{\"@type\":\"ImageObject\",\"inLanguage\":\"fr-FR\",\"@id\":\"https:\\\/\\\/bodegascerda.com\\\/fr\\\/product\\\/vino-oloroso\\\/#primaryimage\",\"url\":\"https:\\\/\\\/bodegascerda.com\\\/wp-content\\\/uploads\\\/2025\\\/05\\\/fino-1.jpg\",\"contentUrl\":\"https:\\\/\\\/bodegascerda.com\\\/wp-content\\\/uploads\\\/2025\\\/05\\\/fino-1.jpg\",\"width\":600,\"height\":600,\"caption\":\"fino\"},{\"@type\":\"BreadcrumbList\",\"@id\":\"https:\\\/\\\/bodegascerda.com\\\/fr\\\/product\\\/vino-oloroso\\\/#breadcrumb\",\"itemListElement\":[{\"@type\":\"ListItem\",\"position\":1,\"name\":\"Portada\",\"item\":\"https:\\\/\\\/bodegascerda.com\\\/fr\\\/\"},{\"@type\":\"ListItem\",\"position\":2,\"name\":\"Boutique\",\"item\":\"https:\\\/\\\/bodegascerda.com\\\/fr\\\/boutique\\\/\"},{\"@type\":\"ListItem\",\"position\":3,\"name\":\"Vino Oloroso\"}]},{\"@type\":\"WebSite\",\"@id\":\"https:\\\/\\\/bodegascerda.com\\\/fr\\\/#website\",\"url\":\"https:\\\/\\\/bodegascerda.com\\\/fr\\\/\",\"name\":\"Bodegas Cerd\u00e1\",\"description\":\"\",\"publisher\":{\"@id\":\"https:\\\/\\\/bodegascerda.com\\\/fr\\\/#organization\"},\"potentialAction\":[{\"@type\":\"SearchAction\",\"target\":{\"@type\":\"EntryPoint\",\"urlTemplate\":\"https:\\\/\\\/bodegascerda.com\\\/fr\\\/?s={search_term_string}\"},\"query-input\":{\"@type\":\"PropertyValueSpecification\",\"valueRequired\":true,\"valueName\":\"search_term_string\"}}],\"inLanguage\":\"fr-FR\"},{\"@type\":[\"Organization\",\"Place\"],\"@id\":\"https:\\\/\\\/bodegascerda.com\\\/fr\\\/#organization\",\"name\":\"Bodegas Cerd\u00e1 Cremades, S.L.\",\"url\":\"https:\\\/\\\/bodegascerda.com\\\/fr\\\/\",\"logo\":{\"@id\":\"https:\\\/\\\/bodegascerda.com\\\/fr\\\/product\\\/vino-oloroso\\\/#local-main-organization-logo\"},\"image\":{\"@id\":\"https:\\\/\\\/bodegascerda.com\\\/fr\\\/product\\\/vino-oloroso\\\/#local-main-organization-logo\"},\"sameAs\":[\"https:\\\/\\\/www.facebook.com\\\/bodegas.cerda.hondon\",\"https:\\\/\\\/www.instagram.com\\\/bodegas.cerda\\\/\"],\"openingHoursSpecification\":[{\"@type\":\"OpeningHoursSpecification\",\"dayOfWeek\":[\"Monday\",\"Tuesday\",\"Wednesday\",\"Thursday\",\"Friday\",\"Saturday\",\"Sunday\"],\"opens\":\"09:00\",\"closes\":\"17:00\"}]},{\"@type\":\"ImageObject\",\"inLanguage\":\"fr-FR\",\"@id\":\"https:\\\/\\\/bodegascerda.com\\\/fr\\\/product\\\/vino-oloroso\\\/#local-main-organization-logo\",\"url\":\"https:\\\/\\\/bodegascerda.com\\\/wp-content\\\/uploads\\\/2025\\\/05\\\/logo-bodegas-cerda.png\",\"contentUrl\":\"https:\\\/\\\/bodegascerda.com\\\/wp-content\\\/uploads\\\/2025\\\/05\\\/logo-bodegas-cerda.png\",\"width\":192,\"height\":100,\"caption\":\"Bodegas Cerd\u00e1 Cremades, S.L.\"}]}<\/script>\n<meta property=\"product:price:amount\" content=\"15.00\" \/>\n<meta property=\"product:price:currency\" content=\"EUR\" \/>\n<meta property=\"og:availability\" content=\"instock\" \/>\n<meta property=\"product:availability\" content=\"instock\" \/>\n<meta property=\"product:condition\" content=\"new\" \/>\n<!-- \/ Yoast SEO plugin. -->","yoast_head_json":{"title":"Vino Oloroso - Bodega de vino en Alicante, cerca de Elche, desde 1885 | Bodegas Cerd\u00e1","robots":{"index":"index","follow":"follow","max-snippet":"max-snippet:-1","max-image-preview":"max-image-preview:large","max-video-preview":"max-video-preview:-1"},"canonical":"https:\/\/bodegascerda.com\/fr\/product\/vino-oloroso\/","og_locale":"fr_FR","og_type":"article","og_title":"Vino Oloroso - Bodega de vino en Alicante, cerca de Elche, desde 1885 | Bodegas Cerd\u00e1","og_description":"Vino Oloroso: Variedad: 100% Palomino. Color: oro dorado. Aromas: Vino seco, muy arom\u00e1tico con mucho cuerpo. Degustaci\u00f3n: se sirve entre 18 y 20 grados. Maridaje: Ideal con carnes rojas, platos de caza y cocidos. Alcohol: 15 grados.","og_url":"https:\/\/bodegascerda.com\/fr\/product\/vino-oloroso\/","og_site_name":"Bodega de vino en Alicante, cerca de Elche, desde 1885 | Bodegas Cerd\u00e1","article_publisher":"https:\/\/www.facebook.com\/bodegas.cerda.hondon","article_modified_time":"2025-05-17T07:54:08+00:00","og_image":[{"width":600,"height":600,"url":"https:\/\/bodegascerda.com\/wp-content\/uploads\/2025\/05\/fino-1.jpg","type":"image\/jpeg"}],"twitter_card":"summary_large_image","twitter_misc":{"Prix":"15,00&euro;","Disponibilit\u00e9":"En stock"},"schema":{"@context":"https:\/\/schema.org","@graph":[{"@type":"WebPage","@id":"https:\/\/bodegascerda.com\/fr\/product\/vino-oloroso\/","url":"https:\/\/bodegascerda.com\/fr\/product\/vino-oloroso\/","name":"Vino Oloroso - Bodega de vino en Alicante, cerca de Elche, desde 1885 | Bodegas Cerd\u00e1","isPartOf":{"@id":"https:\/\/bodegascerda.com\/fr\/#website"},"primaryImageOfPage":{"@id":"https:\/\/bodegascerda.com\/fr\/product\/vino-oloroso\/#primaryimage"},"image":{"@id":"https:\/\/bodegascerda.com\/fr\/product\/vino-oloroso\/#primaryimage"},"thumbnailUrl":"https:\/\/bodegascerda.com\/wp-content\/uploads\/2025\/05\/fino-1.jpg","datePublished":"2023-07-04T12:56:07+00:00","dateModified":"2025-05-17T07:54:08+00:00","breadcrumb":{"@id":"https:\/\/bodegascerda.com\/fr\/product\/vino-oloroso\/#breadcrumb"},"inLanguage":"fr-FR","potentialAction":[{"@type":"ReadAction","target":["https:\/\/bodegascerda.com\/fr\/product\/vino-oloroso\/"]}]},{"@type":"ImageObject","inLanguage":"fr-FR","@id":"https:\/\/bodegascerda.com\/fr\/product\/vino-oloroso\/#primaryimage","url":"https:\/\/bodegascerda.com\/wp-content\/uploads\/2025\/05\/fino-1.jpg","contentUrl":"https:\/\/bodegascerda.com\/wp-content\/uploads\/2025\/05\/fino-1.jpg","width":600,"height":600,"caption":"fino"},{"@type":"BreadcrumbList","@id":"https:\/\/bodegascerda.com\/fr\/product\/vino-oloroso\/#breadcrumb","itemListElement":[{"@type":"ListItem","position":1,"name":"Portada","item":"https:\/\/bodegascerda.com\/fr\/"},{"@type":"ListItem","position":2,"name":"Boutique","item":"https:\/\/bodegascerda.com\/fr\/boutique\/"},{"@type":"ListItem","position":3,"name":"Vino Oloroso"}]},{"@type":"WebSite","@id":"https:\/\/bodegascerda.com\/fr\/#website","url":"https:\/\/bodegascerda.com\/fr\/","name":"Bodegas Cerd\u00e1","description":"","publisher":{"@id":"https:\/\/bodegascerda.com\/fr\/#organization"},"potentialAction":[{"@type":"SearchAction","target":{"@type":"EntryPoint","urlTemplate":"https:\/\/bodegascerda.com\/fr\/?s={search_term_string}"},"query-input":{"@type":"PropertyValueSpecification","valueRequired":true,"valueName":"search_term_string"}}],"inLanguage":"fr-FR"},{"@type":["Organization","Place"],"@id":"https:\/\/bodegascerda.com\/fr\/#organization","name":"Bodegas Cerd\u00e1 Cremades, S.L.","url":"https:\/\/bodegascerda.com\/fr\/","logo":{"@id":"https:\/\/bodegascerda.com\/fr\/product\/vino-oloroso\/#local-main-organization-logo"},"image":{"@id":"https:\/\/bodegascerda.com\/fr\/product\/vino-oloroso\/#local-main-organization-logo"},"sameAs":["https:\/\/www.facebook.com\/bodegas.cerda.hondon","https:\/\/www.instagram.com\/bodegas.cerda\/"],"openingHoursSpecification":[{"@type":"OpeningHoursSpecification","dayOfWeek":["Monday","Tuesday","Wednesday","Thursday","Friday","Saturday","Sunday"],"opens":"09:00","closes":"17:00"}]},{"@type":"ImageObject","inLanguage":"fr-FR","@id":"https:\/\/bodegascerda.com\/fr\/product\/vino-oloroso\/#local-main-organization-logo","url":"https:\/\/bodegascerda.com\/wp-content\/uploads\/2025\/05\/logo-bodegas-cerda.png","contentUrl":"https:\/\/bodegascerda.com\/wp-content\/uploads\/2025\/05\/logo-bodegas-cerda.png","width":192,"height":100,"caption":"Bodegas Cerd\u00e1 Cremades, S.L."}]},"product_price_amount":"15.00","product_price_currency":"EUR","og_availability":"instock","product_availability":"instock","product_condition":"new"},"_links":{"self":[{"href":"https:\/\/bodegascerda.com\/fr\/wp-json\/wp\/v2\/product\/8354","targetHints":{"allow":["GET"]}}],"collection":[{"href":"https:\/\/bodegascerda.com\/fr\/wp-json\/wp\/v2\/product"}],"about":[{"href":"https:\/\/bodegascerda.com\/fr\/wp-json\/wp\/v2\/types\/product"}],"wp:featuredmedia":[{"embeddable":true,"href":"https:\/\/bodegascerda.com\/fr\/wp-json\/wp\/v2\/media\/5208"}],"wp:attachment":[{"href":"https:\/\/bodegascerda.com\/fr\/wp-json\/wp\/v2\/media?parent=8354"}],"wp:term":[{"taxonomy":"product_brand","embeddable":true,"href":"https:\/\/bodegascerda.com\/fr\/wp-json\/wp\/v2\/product_brand?post=8354"},{"taxonomy":"product_cat","embeddable":true,"href":"https:\/\/bodegascerda.com\/fr\/wp-json\/wp\/v2\/product_cat?post=8354"},{"taxonomy":"product_tag","embeddable":true,"href":"https:\/\/bodegascerda.com\/fr\/wp-json\/wp\/v2\/product_tag?post=8354"}],"curies":[{"name":"wp","href":"https:\/\/api.w.org\/{rel}","templated":true}]}}