{"id":9760,"date":"2018-08-18T11:20:58","date_gmt":"2018-08-18T09:20:58","guid":{"rendered":"https:\/\/bodegascerda.com\/avis-legal\/"},"modified":"2018-08-18T11:20:58","modified_gmt":"2018-08-18T09:20:58","slug":"avis-legal","status":"publish","type":"page","link":"https:\/\/bodegascerda.com\/fr\/avis-legal\/","title":{"rendered":"Avis legal"},"content":{"rendered":"<div class=\"wpb-content-wrapper\"><p>[vc_row css_animation=\u00a0\u00bb\u00a0\u00bb row_type=\u00a0\u00bbrow\u00a0\u00bb use_row_as_full_screen_section=\u00a0\u00bbno\u00a0\u00bb type=\u00a0\u00bbfull_width\u00a0\u00bb angled_section=\u00a0\u00bbno\u00a0\u00bb text_align=\u00a0\u00bbleft\u00a0\u00bb background_image_as_pattern=\u00a0\u00bbwithout_pattern\u00a0\u00bb][vc_column][vc_column_text]Cette traduction est donn\u00e9e \u00e0 titre gracieux. Seul le texte espagnol est relevant.<\/p>\n<p>\u2013 Information g\u00e9n\u00e9rale du propri\u00e9taire du site \u2013web. En acc\u00e9dant au site-web situ\u00e9 sur le domaine Bodegascerda.com(dor\u00e9avant appel\u00e9, le site-web) qui est la propiet\u00e9 de la societ\u00e9 domicili\u00e9e \u00e1 C) Aljibes, 16 03688 Hond\u00f3n de las Nieves (Alicante) avec le CIF :B54326590 et\/ou n\u00b4importe laquelle des pages ou sous-pages incluses dans le dit domaine, l\u00b4utilisateur d\u00e9clare express\u00e9ment qu\u00b4il a lu, compris et accepte la \u201c politique de respect de la vie priv\u00e9e\u201d et \u201cl\u00b4 avis legal\u201d de ce site-web.Dans le cas, o\u00f9 vous n\u00b4\u00eates pas d\u00b4accord avec les termes et conditions d\u00e9crites dans la \u201cpolitique de respect de la vie priv\u00e9e et l\u00b4avis legal\u201d et nous vous prions obtenir d\u00b4utiliser le site-web.<\/p>\n<h3>-PRODUITS ET SERVICES-<\/h3>\n<p>Par son site, Bodegas Cerd\u00e1 met \u00e0 disposition des utilisateurs, gratuitement la m\u00eame information relative aux produits et services prest\u00e9s par elle.<\/p>\n<p>Ce site web offre la posibilit\u00e9 d\u00b4acheter les produits ou de contracter les services offerts.<\/p>\n<p>L\u00b4information fournie sur le site, a seulement un titre \u00e0 caract\u00e8re indicatif et stimulatif et n\u00b4aura jamais de valeur contraignante pour la Bodega Cerd\u00e1.<\/p>\n<h3>-PROPRIETE INTELLECTUELLE ET INDUSTRIELLE-<\/h3>\n<p>Sur ce site, Bodegas Cerd\u00e1 met \u00e0 la disposition des utilisateurs la m\u00eame information gratuite sur les produits et les services prest\u00e9s par elle. Tout les designs, marques, noms, images, logos, graphiques, icones, application et les autres contenu du site sont la propri\u00e9t\u00e9 de Bodegas Cerd\u00e1, ou dans le cas contraire Bodegas Cerd\u00e1 poss\u00e8de la licence por son utilisation, jouissant en cons\u00e9quence de la protection pr\u00e9vue sur la propriet\u00e9 industrielle et intellectuelle.<\/p>\n<p>En aucun cas, l\u00b4acc\u00e8s au site n\u00b4implique la cession de la part de Bodegas Cerd\u00e1 d\u00b4un quelconque droit aux utilisateurs.<\/p>\n<p>Les utilisateurs du site peuvent faire un usage priv\u00e9 du site et de son contenu.<\/p>\n<p>En aucun cas, il ne pourra faire une utilisation commerciale de celles-ci, ni les alt\u00e9rer d\u00b4un mani\u00e8re quelconque, les reproduire au-del\u00e0 de son utilisation priv\u00e9e, les distribuer ou les communiquer publiquement.<\/p>\n<p>N\u00b4importe quelle copie ou utilisation non autoris\u00e9e du design ou du contenu qui diff\u00e8re de ce qui est express\u00e9ment permis par Bodegas Cerd\u00e1, en sa qualit\u00e9 de titulaire de droits de propriet\u00e9 intellectuelle, affectera les droits du dit titulaire, conformement aux trait\u00e9s internationaux et les normes applicables et d\u00b4application en Espagne.<\/p>\n<p>L\u00b4utilisation des contenus du site reste strictement interdite pour n\u00b4importe quel but ou n\u00b4importe de quelle mani\u00e8re diff\u00e9rente de celle permise par Bodegas Cerd\u00e1 dans cet \u201cAVIS LEGAL\u201d. Dans le cas o\u00f9 les utilisateurs souhaitent utiliser les marques, noms, logos ou n\u00b4importe quel autre signe distintif disponible sur le site web de Bodegas Cerd\u00e1, ils peuvent solliciter l\u00b4autorisation n\u00e9cessaire en se mettant en contact avec nous.<\/p>\n<h3>ACCES AU SITE WEB :<\/h3>\n<p>L\u00b4acc\u00e9s au site web est libre et gratuit.<\/p>\n<p>Toutefois Bodegas Cerd\u00e1 offre aux utilisateus du site la posibilit\u00e9 de se mettre en contact avec Bodegas Cerd\u00e1 au moyen de e-mails ayant pour objet d\u00b4obtenir plus informations sur les services fournis par l\u00b4entreprise.<\/p>\n<p>L\u00b4utilisateur qui volontairement et librement se met en contact avec Bodegas Ced\u00e1 fournit les donn\u00e9es personnelles qui sont consid\u00e9r\u00e9es opportunes \u00e0 Bodegas Cerd\u00e1 et par cons\u00e9quence autorise express\u00e9ment Bodegas Cerd\u00e1 \u00e0 utiliser les dites donn\u00e9es pour lui envoyer des communications commerciales sur ses produits ou services, tant qu\u00b4il ne manifeste pas express\u00e9ment son intention de ne pas recevoir les dites communications. Les donn\u00e9es fournies par l\u00b4utilisateur \u00e0 Bodegas Cerd\u00e1 par le biais de l\u2019e-mail seront trait\u00e9es conform\u00e9ment \u00e0 ce qui est d\u00e9crit dans la politique du respect de la vie priv\u00e9e de ce site et toujours en respectant la l\u00e9gislation en vigueur \u00e0 chaque moment en mati\u00e8re de protection de donn\u00e9es \u00e0 caract\u00e8re personnel.<\/p>\n<p>La communication via e-mails entre les utilisateurs et Bodegas Cerd\u00e1 n\u00b4utilise pas un canal s\u00e9curis\u00e9 et les donn\u00e9es transmises ne sont pas crypt\u00e9es, raison pour laquelle on demande aux utilisateurs qu\u00b4ils s\u2019abstiennent d\u00b4envoyer les dites donn\u00e9es personnelles qui sont consider\u00e9es comme donn\u00e9es sp\u00e9cialement prot\u00e9g\u00e9es selons les termes de l\u00b4article 7 de la LOPD, raison pour laquelle les m\u00e9thodes de securit\u00e9 applicables \u00e0 un canal non s\u00e9curis\u00e9 est \u00e0 d\u00e9conseiller.<\/p>\n<p>Toute l\u00b4information que fournit l\u00b4utilisateur \u00e0 l\u00b4entreprise devra \u00eatre correcte.<\/p>\n<p>A cet effet, l\u00b4utilisateur garantit l\u00b4authenticit\u00e9 de toutes les donn\u00e9es qu\u2019il communique \u00e0 Bodegas Cerd\u00e1.<\/p>\n<p>De la m\u00eame mani\u00e8re, il sera de la responsabilit\u00e9 de l\u00b4utilisateur de maintenir toute l\u00b4information fournie \u00e0 Bodegas Cerd\u00e1, actualis\u00e9e de mani\u00e8re permanente afin ce qu\u00b4elle r\u00e9ponde \u00e0 tout moment \u00e0 la situation r\u00e9elle de l\u00b4utilisateur.<\/p>\n<p>En tout les cas, l\u00b4utilisateur sera l\u00b4unique responsable des manifestations fausses ou inexactes qu\u00b4il r\u00e9alise et des pr\u00e9judices caus\u00e9s \u00e0 Bodegas Cerd\u00e1 ou \u00e0 une tierce personne par l\u00b4 information qu\u00b4il fournit.<\/p>\n<h3>Hyperlien:<\/h3>\n<p>La site web www.bodegascerda.com contient des hyperliens avec d\u00b4autres sites web, dont certains ne sont pas \u00e9dit\u00e9s, control\u00e9s, maintenus ou supervis\u00e9s par Bodegas Cerd\u00e1, nous ne sommes pas pour autant responsables du contenu de ceux-l\u00e0 et est la responsabilit\u00e9 de leurs titulaires respectifs, et Bodegas Cerd\u00e1 ne garantit pas ni n\u00b4approuve les dits contenus par le simple fait qu\u00b4il existe un hyperlien sur son site web.<\/p>\n<p>La fonction des liens qui apparaissent sur cette page sert exclusivement \u00e0 informer l\u00b4utilisateur sur l\u00b4existence d\u00b4autres sources d\u00b4informations en la mati\u00e8re sur l\u00b4internet, o\u00f9 on poura \u00e9largir les propositions offertes sur ce site.<\/p>\n<p>Bodegas Cerd\u00e1 ne sera en aucun cas, responsable du r\u00e9sultat obtenu \u00e0 travers les dits hyperliens.<\/p>\n<p>Les utilisateurs qui d\u00e9sirent \u00e9tablir des hyperliens au pr\u00e9sent site devront s\u00b4abstenir de cr\u00e9er des d\u00e9clarations inexactes ou incorrectes sur le site ou son contenu.<\/p>\n<p>En aucun cas, on ne d\u00e9clarera ni on ne laissera croire que Bodegas Cerd\u00e1 a autorit\u00e9 sur l\u00b4hyperlien, ou quelle supervise, approuve ou assume de quelque mani\u00e8re que ce soit, les contenus ou les services offerts ou mis \u00e0 disposition par la page web dans laquelle s\u00b4\u00e9tablit l\u00b4hyperlien d\u2019un site web.<\/p>\n<p>La mise en place de l\u00b4hyperlien n\u00b4implique en aucune mani\u00e8re l\u00b4existence d\u00b4une relation quelconque entre Bodegas Cerd\u00e1 et le titulaire de la page web dans laquelle s\u00b4\u00e9tablit celui-ci.<\/p>\n<p>On n\u00b4\u00e9tablira pas d\u00b4hyperliens au site web vers des pages qui contiennent des informations ou des contenus illicites, immoraux ou contraires aux bonnes moeurs, \u00e0 l\u00b4ordre public , aux utilisations accept\u00e9es sur internet ou contrevenant de quelque mani\u00e8re au droit de tiers.<\/p>\n<p>Les hyperliens qui dans ce cas, et en respectant les exigences ci-avant expos\u00e9es, se relient au site \u00e0 partir d\u00b4autres pages web qui permettent l\u00b4acc\u00e8s au site, mais ne reproduiront pas son contenu d\u00b4une mani\u00e8re quelconque, ne permettant pas de saisir de \u201cframes\u201d par l\u00e0 m\u00eame.<\/p>\n<p>Le d\u00e9cret royal 994\/1999, du 11 juin qui approuve le r\u00e8glement de moyens de s\u00e9curit\u00e9 des fichiers automatis\u00e9s qui contiennent des donn\u00e9es \u00e0 caract\u00e8re personnel (par la suite r\u00e9glement 994\/1999 et la loi 34\/2002, du 11 juillet , des services de la societ\u00e9 de l\u00b4information et commerce \u00e9lectronique (par la suite LSSI) et pouvant \u00eatre revus et modifi\u00e9s \u00e0 n\u00b4importe quel moment en vue de s\u00b4adapter \u00e0 une quelconque modification de la l\u00e9gislation en vigeur. Dans ce cas, le nouveau contenu sera applicable d\u00e8s sa publication sur le site, \u00e9tant ainsi accesible pour les utilisateurs de celui-ci.<\/p>\n<p>L\u00b4utilisation du site, en incluant l\u00b4acc\u00e8s par les utilisateurs et la navigation \u00e0 travers celui-ci.<\/p>\n<p>L\u00b4utilisation du site web, en incluant l\u00b4acc\u00e8s par l\u2019utilisateur el la navigation \u00e0 travers de celui-ci, est libre et gratuite et implique le respect de la Politique de respect de la vie priv\u00e9e et l\u2019avis l\u00e9gal de ce site et de la l\u00e9gislation espagnole applicable en la mati\u00e8re.<\/p>\n<p>Toute controverse ou conflit qui peut surgir comme cons\u00e9quence de l\u00b4utilisation de site web, sera r\u00e9solu en accord avec la l\u00e9gislation en vigeur en Espagne, se soumettant \u00e0 la juridiction et comp\u00e9tence des juges et tribunaux du domicile de l\u00b4utilisateur quand celui-ci se trouve en Espagne ou celle des juges et tribunaux d\u00b4Alicante quand celui-ci se trouve hors d\u00b4Espagne en renon\u00e7ant express\u00e9ment \u00e0 un quelconque autre tribunal ou jurisdiction qui en droit pourrait correspondre.<\/p>\n<h3>Information et Contact.<\/h3>\n<p>Bodegas Cerd\u00e1 Cremades sll<\/p>\n<p>Cif B54326590<\/p>\n<p>C aljibes, 16<\/p>\n<p>Hond\u00f3n de las Nieves ( Alicante) 03688<\/p>\n<h3>POLITIQUE DE REMBOURSEMENT :<\/h3>\n<p>Comme client, vous avez le droit de retourner ou d\u2019\u00e9changer votre produit durant les sept jours pr\u00e9vus par la loi ( selon l\u00b4article 44 de la loi 7\/1996, du 15 janvier relative \u00e0 la gestion du commerce de d\u00e9tail modifi\u00e9e par la loi 47\/2002 du 19 d\u00e9cembre.<\/p>\n<p>Pour proc\u00e9der au remboursement total ou partiel d\u00b4une commande, vous devez nous contacter par e-mail info@bodegascerda.com ou par t\u00e9l\u00e9phone au 965480107, en indiquant votre num\u00e9ro de facture, les articles que vous souhaitez retourner et le motif.<\/p>\n<p>A partir de ce moment nous chargerons la societ\u00e9 de transport afin qu\u00b4elle collecte le produit dans les 48heures.<\/p>\n<p>On n\u00b4accepte pas le remboursement pass\u00e9 les sept jours \u00e0 partir de la r\u00e9ception de la commande.Une fois que le mat\u00e9riel arriv\u00e9 dans nos magasins et apr\u00e8s v\u00e9rification qu\u00b4il est en magasin et qu\u00b4on a verifi\u00e9 qu\u00b4il est en parfait \u00e9tat, votre argent serarembours\u00e9 sur votre compte par transfert bancaire.<\/p>\n<p>Dans le cas o\u00f9 les produits retourn\u00e9s arrivent incomplets, endommag\u00e9s, us\u00e9s ou sales, Bodegas Cerd\u00e1 Cremades sl, se r\u00e9serve le droit de rembourser seulement une partie du montant pay\u00e9 pour les produits retourn\u00e9s.<\/p>\n<p>Ainsi, m\u00eame les frais de transports occasion\u00e9s par le retour seront \u00e0 charge du client, et seront d\u00e9compt\u00e9s du total \u00e0 rembourser.<\/p>\n<p>En tout les cas, vous serez inform\u00e9s des frais que cette op\u00e9ration peut gen\u00e9rer.<\/p>\n<h3>Important:<\/h3>\n<p>Si le client d\u00e9cide de r\u00e9aliser un renvoi total de la commande, les frais g\u00e9n\u00e9r\u00e9s par la commande tant pour son d\u00e9part que pour son retour, seront \u00e0 charge du client.<\/p>\n<p>Le client sera inform\u00e9 du montant total de ces frais qui seront alors d\u00e9compt\u00e9s du montant \u00e0 rembourser.<\/p>\n<p>Si ce que vous souhaitez faire est un \u00e9change d\u00b4un article par un autre, la proc\u00e9dure pour corriger l\u00b4erreur sera la m\u00eame, si l\u00b4erreur a eu lieu lors de la commande de la part du client, les frais de l\u00b4\u00e9change seront \u00e0 charge du client, dans le cas o\u00f9 l\u00b4erreur a eu lieu lors de sa pr\u00e9paration ou si le produit est d\u00e9fectuex, les frais seront assum\u00e9s par Bodegas Cerd\u00e1 sl.[\/vc_column_text][\/vc_column][\/vc_row]<\/p>\n<\/div>","protected":false},"excerpt":{"rendered":"<p>[vc_row css_animation=\u00a0\u00bb\u00a0\u00bb row_type=\u00a0\u00bbrow\u00a0\u00bb use_row_as_full_screen_section=\u00a0\u00bbno\u00a0\u00bb type=\u00a0\u00bbfull_width\u00a0\u00bb angled_section=\u00a0\u00bbno\u00a0\u00bb text_align=\u00a0\u00bbleft\u00a0\u00bb background_image_as_pattern=\u00a0\u00bbwithout_pattern\u00a0\u00bb][vc_column][vc_column_text]Cette traduction est donn\u00e9e \u00e0 titre gracieux. Seul le texte espagnol est relevant. \u2013 Information g\u00e9n\u00e9rale du propri\u00e9taire du site \u2013web. En acc\u00e9dant [&hellip;]<\/p>\n","protected":false},"author":1,"featured_media":0,"parent":0,"menu_order":0,"comment_status":"open","ping_status":"open","template":"","meta":{"rs_blank_template":"","rs_page_bg_color":"","slide_template_v7":"","footnotes":""},"class_list":["post-9760","page","type-page","status-publish","hentry"],"yoast_head":"<!-- This site is optimized with the Yoast SEO plugin v27.5 - https:\/\/yoast.com\/product\/yoast-seo-wordpress\/ -->\n<title>Avis legal - Bodega de vino en Alicante, cerca de Elche, desde 1885 | Bodegas Cerd\u00e1<\/title>\n<meta name=\"robots\" content=\"index, follow, max-snippet:-1, max-image-preview:large, max-video-preview:-1\" \/>\n<link rel=\"canonical\" href=\"https:\/\/bodegascerda.com\/fr\/avis-legal\/\" \/>\n<meta property=\"og:locale\" content=\"fr_FR\" \/>\n<meta property=\"og:type\" content=\"article\" \/>\n<meta property=\"og:title\" content=\"Avis legal - Bodega de vino en Alicante, cerca de Elche, desde 1885 | Bodegas Cerd\u00e1\" \/>\n<meta property=\"og:description\" content=\"[vc_row css_animation=\u00a0\u00bb\u00a0\u00bb row_type=\u00a0\u00bbrow\u00a0\u00bb use_row_as_full_screen_section=\u00a0\u00bbno\u00a0\u00bb type=\u00a0\u00bbfull_width\u00a0\u00bb angled_section=\u00a0\u00bbno\u00a0\u00bb text_align=\u00a0\u00bbleft\u00a0\u00bb background_image_as_pattern=\u00a0\u00bbwithout_pattern\u00a0\u00bb][vc_column][vc_column_text]Cette traduction est donn\u00e9e \u00e0 titre gracieux. Seul le texte espagnol est relevant. \u2013 Information g\u00e9n\u00e9rale du propri\u00e9taire du site \u2013web. En acc\u00e9dant [&hellip;]\" \/>\n<meta property=\"og:url\" content=\"https:\/\/bodegascerda.com\/fr\/avis-legal\/\" \/>\n<meta property=\"og:site_name\" content=\"Bodega de vino en Alicante, cerca de Elche, desde 1885 | Bodegas Cerd\u00e1\" \/>\n<meta property=\"article:publisher\" content=\"https:\/\/www.facebook.com\/bodegas.cerda.hondon\" \/>\n<meta name=\"twitter:card\" content=\"summary_large_image\" \/>\n<meta name=\"twitter:label1\" content=\"Dur\u00e9e de lecture estim\u00e9e\" \/>\n\t<meta name=\"twitter:data1\" content=\"10 minutes\" \/>\n<script type=\"application\/ld+json\" class=\"yoast-schema-graph\">{\"@context\":\"https:\\\/\\\/schema.org\",\"@graph\":[{\"@type\":\"WebPage\",\"@id\":\"https:\\\/\\\/bodegascerda.com\\\/fr\\\/avis-legal\\\/\",\"url\":\"https:\\\/\\\/bodegascerda.com\\\/fr\\\/avis-legal\\\/\",\"name\":\"Avis legal - Bodega de vino en Alicante, cerca de Elche, desde 1885 | Bodegas Cerd\u00e1\",\"isPartOf\":{\"@id\":\"https:\\\/\\\/bodegascerda.com\\\/fr\\\/#website\"},\"datePublished\":\"2018-08-18T09:20:58+00:00\",\"breadcrumb\":{\"@id\":\"https:\\\/\\\/bodegascerda.com\\\/fr\\\/avis-legal\\\/#breadcrumb\"},\"inLanguage\":\"fr-FR\",\"potentialAction\":[{\"@type\":\"ReadAction\",\"target\":[\"https:\\\/\\\/bodegascerda.com\\\/fr\\\/avis-legal\\\/\"]}]},{\"@type\":\"BreadcrumbList\",\"@id\":\"https:\\\/\\\/bodegascerda.com\\\/fr\\\/avis-legal\\\/#breadcrumb\",\"itemListElement\":[{\"@type\":\"ListItem\",\"position\":1,\"name\":\"Portada\",\"item\":\"https:\\\/\\\/bodegascerda.com\\\/fr\\\/\"},{\"@type\":\"ListItem\",\"position\":2,\"name\":\"Avis legal\"}]},{\"@type\":\"WebSite\",\"@id\":\"https:\\\/\\\/bodegascerda.com\\\/fr\\\/#website\",\"url\":\"https:\\\/\\\/bodegascerda.com\\\/fr\\\/\",\"name\":\"Bodegas Cerd\u00e1\",\"description\":\"\",\"publisher\":{\"@id\":\"https:\\\/\\\/bodegascerda.com\\\/fr\\\/#organization\"},\"potentialAction\":[{\"@type\":\"SearchAction\",\"target\":{\"@type\":\"EntryPoint\",\"urlTemplate\":\"https:\\\/\\\/bodegascerda.com\\\/fr\\\/?s={search_term_string}\"},\"query-input\":{\"@type\":\"PropertyValueSpecification\",\"valueRequired\":true,\"valueName\":\"search_term_string\"}}],\"inLanguage\":\"fr-FR\"},{\"@type\":[\"Organization\",\"Place\"],\"@id\":\"https:\\\/\\\/bodegascerda.com\\\/fr\\\/#organization\",\"name\":\"Bodegas Cerd\u00e1 Cremades, S.L.\",\"url\":\"https:\\\/\\\/bodegascerda.com\\\/fr\\\/\",\"logo\":{\"@id\":\"https:\\\/\\\/bodegascerda.com\\\/fr\\\/avis-legal\\\/#local-main-organization-logo\"},\"image\":{\"@id\":\"https:\\\/\\\/bodegascerda.com\\\/fr\\\/avis-legal\\\/#local-main-organization-logo\"},\"sameAs\":[\"https:\\\/\\\/www.facebook.com\\\/bodegas.cerda.hondon\",\"https:\\\/\\\/www.instagram.com\\\/bodegas.cerda\\\/\"],\"openingHoursSpecification\":[{\"@type\":\"OpeningHoursSpecification\",\"dayOfWeek\":[\"Monday\",\"Tuesday\",\"Wednesday\",\"Thursday\",\"Friday\",\"Saturday\",\"Sunday\"],\"opens\":\"09:00\",\"closes\":\"17:00\"}]},{\"@type\":\"ImageObject\",\"inLanguage\":\"fr-FR\",\"@id\":\"https:\\\/\\\/bodegascerda.com\\\/fr\\\/avis-legal\\\/#local-main-organization-logo\",\"url\":\"https:\\\/\\\/bodegascerda.com\\\/wp-content\\\/uploads\\\/2025\\\/05\\\/logo-bodegas-cerda.png\",\"contentUrl\":\"https:\\\/\\\/bodegascerda.com\\\/wp-content\\\/uploads\\\/2025\\\/05\\\/logo-bodegas-cerda.png\",\"width\":192,\"height\":100,\"caption\":\"Bodegas Cerd\u00e1 Cremades, S.L.\"}]}<\/script>\n<!-- \/ Yoast SEO plugin. -->","yoast_head_json":{"title":"Avis legal - Bodega de vino en Alicante, cerca de Elche, desde 1885 | Bodegas Cerd\u00e1","robots":{"index":"index","follow":"follow","max-snippet":"max-snippet:-1","max-image-preview":"max-image-preview:large","max-video-preview":"max-video-preview:-1"},"canonical":"https:\/\/bodegascerda.com\/fr\/avis-legal\/","og_locale":"fr_FR","og_type":"article","og_title":"Avis legal - Bodega de vino en Alicante, cerca de Elche, desde 1885 | Bodegas Cerd\u00e1","og_description":"[vc_row css_animation=\u00a0\u00bb\u00a0\u00bb row_type=\u00a0\u00bbrow\u00a0\u00bb use_row_as_full_screen_section=\u00a0\u00bbno\u00a0\u00bb type=\u00a0\u00bbfull_width\u00a0\u00bb angled_section=\u00a0\u00bbno\u00a0\u00bb text_align=\u00a0\u00bbleft\u00a0\u00bb background_image_as_pattern=\u00a0\u00bbwithout_pattern\u00a0\u00bb][vc_column][vc_column_text]Cette traduction est donn\u00e9e \u00e0 titre gracieux. Seul le texte espagnol est relevant. \u2013 Information g\u00e9n\u00e9rale du propri\u00e9taire du site \u2013web. En acc\u00e9dant [&hellip;]","og_url":"https:\/\/bodegascerda.com\/fr\/avis-legal\/","og_site_name":"Bodega de vino en Alicante, cerca de Elche, desde 1885 | Bodegas Cerd\u00e1","article_publisher":"https:\/\/www.facebook.com\/bodegas.cerda.hondon","twitter_card":"summary_large_image","twitter_misc":{"Dur\u00e9e de lecture estim\u00e9e":"10 minutes"},"schema":{"@context":"https:\/\/schema.org","@graph":[{"@type":"WebPage","@id":"https:\/\/bodegascerda.com\/fr\/avis-legal\/","url":"https:\/\/bodegascerda.com\/fr\/avis-legal\/","name":"Avis legal - Bodega de vino en Alicante, cerca de Elche, desde 1885 | Bodegas Cerd\u00e1","isPartOf":{"@id":"https:\/\/bodegascerda.com\/fr\/#website"},"datePublished":"2018-08-18T09:20:58+00:00","breadcrumb":{"@id":"https:\/\/bodegascerda.com\/fr\/avis-legal\/#breadcrumb"},"inLanguage":"fr-FR","potentialAction":[{"@type":"ReadAction","target":["https:\/\/bodegascerda.com\/fr\/avis-legal\/"]}]},{"@type":"BreadcrumbList","@id":"https:\/\/bodegascerda.com\/fr\/avis-legal\/#breadcrumb","itemListElement":[{"@type":"ListItem","position":1,"name":"Portada","item":"https:\/\/bodegascerda.com\/fr\/"},{"@type":"ListItem","position":2,"name":"Avis legal"}]},{"@type":"WebSite","@id":"https:\/\/bodegascerda.com\/fr\/#website","url":"https:\/\/bodegascerda.com\/fr\/","name":"Bodegas Cerd\u00e1","description":"","publisher":{"@id":"https:\/\/bodegascerda.com\/fr\/#organization"},"potentialAction":[{"@type":"SearchAction","target":{"@type":"EntryPoint","urlTemplate":"https:\/\/bodegascerda.com\/fr\/?s={search_term_string}"},"query-input":{"@type":"PropertyValueSpecification","valueRequired":true,"valueName":"search_term_string"}}],"inLanguage":"fr-FR"},{"@type":["Organization","Place"],"@id":"https:\/\/bodegascerda.com\/fr\/#organization","name":"Bodegas Cerd\u00e1 Cremades, S.L.","url":"https:\/\/bodegascerda.com\/fr\/","logo":{"@id":"https:\/\/bodegascerda.com\/fr\/avis-legal\/#local-main-organization-logo"},"image":{"@id":"https:\/\/bodegascerda.com\/fr\/avis-legal\/#local-main-organization-logo"},"sameAs":["https:\/\/www.facebook.com\/bodegas.cerda.hondon","https:\/\/www.instagram.com\/bodegas.cerda\/"],"openingHoursSpecification":[{"@type":"OpeningHoursSpecification","dayOfWeek":["Monday","Tuesday","Wednesday","Thursday","Friday","Saturday","Sunday"],"opens":"09:00","closes":"17:00"}]},{"@type":"ImageObject","inLanguage":"fr-FR","@id":"https:\/\/bodegascerda.com\/fr\/avis-legal\/#local-main-organization-logo","url":"https:\/\/bodegascerda.com\/wp-content\/uploads\/2025\/05\/logo-bodegas-cerda.png","contentUrl":"https:\/\/bodegascerda.com\/wp-content\/uploads\/2025\/05\/logo-bodegas-cerda.png","width":192,"height":100,"caption":"Bodegas Cerd\u00e1 Cremades, S.L."}]}},"_links":{"self":[{"href":"https:\/\/bodegascerda.com\/fr\/wp-json\/wp\/v2\/pages\/9760","targetHints":{"allow":["GET"]}}],"collection":[{"href":"https:\/\/bodegascerda.com\/fr\/wp-json\/wp\/v2\/pages"}],"about":[{"href":"https:\/\/bodegascerda.com\/fr\/wp-json\/wp\/v2\/types\/page"}],"author":[{"embeddable":true,"href":"https:\/\/bodegascerda.com\/fr\/wp-json\/wp\/v2\/users\/1"}],"replies":[{"embeddable":true,"href":"https:\/\/bodegascerda.com\/fr\/wp-json\/wp\/v2\/comments?post=9760"}],"version-history":[{"count":0,"href":"https:\/\/bodegascerda.com\/fr\/wp-json\/wp\/v2\/pages\/9760\/revisions"}],"wp:attachment":[{"href":"https:\/\/bodegascerda.com\/fr\/wp-json\/wp\/v2\/media?parent=9760"}],"curies":[{"name":"wp","href":"https:\/\/api.w.org\/{rel}","templated":true}]}}