{"id":9746,"date":"2019-09-09T14:43:02","date_gmt":"2019-09-09T12:43:02","guid":{"rendered":"https:\/\/bodegascerda.com\/origine\/"},"modified":"2025-06-03T09:18:08","modified_gmt":"2025-06-03T07:18:08","slug":"origine","status":"publish","type":"page","link":"https:\/\/bodegascerda.com\/fr\/origine\/","title":{"rendered":"Origine"},"content":{"rendered":"<div class=\"wpb-content-wrapper\"><p>[vc_row el_class=\u00a0\u00bbqodef-custom-row-harvest\u00a0\u00bb][vc_column css=\u00a0\u00bb.vc_custom_1569236298175{padding-top: 65px !important;padding-right: 5% !important;padding-bottom: 65px !important;padding-left: 5% !important;}\u00a0\u00bb column_responsive_padding_1440=\u00a0\u00bb95px 5% 65px\u00a0\u00bb column_responsive_padding_1366=\u00a0\u00bb95px 5% 65px\u00a0\u00bb column_responsive_padding_680=\u00a0\u00bb30px 10%\u00a0\u00bb column_responsive_padding_768=\u00a0\u00bb97px 5% 65px\u00a0\u00bb column_responsive_padding_1024=\u00a0\u00bb97px 5% 65px\u00a0\u00bb column_responsive_padding_1280=\u00a0\u00bb95px 5% 65px\u00a0\u00bb][vc_row_inner content_text_alignment=\u00a0\u00bbcenter\u00a0\u00bb css=\u00a0\u00bb.vc_custom_1567153042372{padding-bottom: 75px !important;background-image: url(https:\/\/aperitif.qodeinteractive.com\/wp-content\/uploads\/2019\/08\/H4-IMG-4.png?id=339) !important;}\u00a0\u00bb el_class=\u00a0\u00bbour-store-background\u00a0\u00bb][vc_column_inner width=\u00a0\u00bb1\/5&Prime;][\/vc_column_inner][vc_column_inner width=\u00a0\u00bb3\/5&Prime; css=\u00a0\u00bb.vc_custom_1569331440941{padding-right: 5% !important;padding-left: 5% !important;}\u00a0\u00bb column_responsive_padding_1440=\u00a0\u00bb0 3% 0&Prime; column_responsive_padding_1366=\u00a0\u00bb0 0 0 0&Prime; column_responsive_padding_1280=\u00a0\u00bb0 0 0 0&Prime; column_responsive_padding_1024=\u00a0\u00bb0 0 0 0&Prime; column_responsive_padding_768=\u00a0\u00bb0 0 0 0&Prime; column_responsive_padding_680=\u00a0\u00bb32px 5% 0&Prime;]<div class=\"qodef-shortcode qodef-m  qodef-section-title qodef-alignment--center \">\n\t\t<h2 class=\"qodef-m-title\" >\n\t\tNotre histoire\t\t<\/h2>\n\t\t<p class=\"qodef-m-subtitle\" >Tout a commenc\u00e9 en 1885<\/p>\n\t<\/div>[vc_column_text css=\u00a0\u00bb\u00a0\u00bb]<\/p>\n<p style=\"text-align: justify;\">La Bodegas Cerda est une entreprise familiale situ\u00e9e \u00e0 Hondon de las Nieves. Elle a \u00e9t\u00e9 fond\u00e9e en 1885 par la premi\u00e8re g\u00e9n\u00e9ration das Cerda; Jose Cerda Perez.<\/p>\n<p style=\"text-align: justify;\">Les d\u00e9buts \u00e9taient difficiles et durs. Mais c\u2019est gr\u00e2ce \u00e0 sa force, son sens du sacrifice, orgueil et son amour pour le vin que les choses ont perdur\u00e9. C\u2019est, en ce moment, la bodega, la plus importante et la plus r\u00e9put\u00e9e de la communaut\u00e9 Valencienne.<\/p>\n<p>[\/vc_column_text][vc_empty_space height=\u00a0\u00bb61px\u00a0\u00bb][vc_single_image image=\u00a0\u00bb7094&Prime; img_size=\u00a0\u00bb428&#215;560&Prime; alignment=\u00a0\u00bbcenter\u00a0\u00bb css=\u00a0\u00bb\u00a0\u00bb][\/vc_column_inner][vc_column_inner width=\u00a0\u00bb1\/5&Prime;][\/vc_column_inner][\/vc_row_inner][\/vc_column][\/vc_row][vc_row content_placement=\u00a0\u00bbmiddle\u00a0\u00bb content_text_alignment=\u00a0\u00bbcenter\u00a0\u00bb][vc_column width=\u00a0\u00bb1\/6&Prime; css=\u00a0\u00bb.vc_custom_1569235799647{padding-top: 18px !important;}\u00a0\u00bb column_responsive_padding_680=\u00a0\u00bb78px 0 0&Prime; column_responsive_padding_1024=\u00a0\u00bb78px 0 0&Prime; column_responsive_padding_768=\u00a0\u00bb78px 0 0&Prime;][\/vc_column][vc_column width=\u00a0\u00bb2\/3&Prime;]<p class=\"qodef-shortcode qodef-m  qodef-custom-font qodef-custom-font-5562 qodef-layout--simple\" style=\"color: #d7d6d6;font-family: Dawning of a New Day;font-size: 65px;line-height: 108px\">2\u00e8me g\u00e9n\u00e9ration<\/p>[vc_column_text css=\u00a0\u00bb\u00a0\u00bb]La deuxi\u00e8me g\u00e9n\u00e9ration \u00e9tait repr\u00e9sent\u00e9e par Jos\u00e9 Cerda Poveda, il a continu\u00e9 le travail et g\u00e9r\u00e9 l\u2019entreprise pendant les ann\u00e9es 30, 40, 50 et 60 apportant \u00e0 l\u2019entreprise les bases fondamentales et les principes de travail qu\u2019il a transmis \u00e0 son fils; la troisi\u00e8me g\u00e9n\u00e9ration. Jos\u00e9 Cerda Poveda connaissait l\u2019entreprise familiale d\u00e8s son plus jeune \u00e2ge. Il y travaillait en m\u00eame temps qu\u2019en faisant ses \u00e9tudes.[\/vc_column_text][\/vc_column][vc_column width=\u00a0\u00bb1\/6&Prime;][\/vc_column][\/vc_row][vc_row row_content_width=\u00a0\u00bbgrid\u00a0\u00bb][vc_column css=\u00a0\u00bb.vc_custom_1573572557918{padding-top: 45px !important;padding-right: 15px !important;padding-bottom: 14px !important;padding-left: 15px !important;}\u00a0\u00bb][vc_empty_space height=\u00a0\u00bb70px\u00a0\u00bb][\/vc_column][\/vc_row][vc_row row_content_width=\u00a0\u00bbgrid\u00a0\u00bb][vc_column css=\u00a0\u00bb.vc_custom_1573572978478{padding-left: 24% !important;}\u00a0\u00bb column_responsive_padding_680=\u00a0\u00bb0 10%\u00a0\u00bb offset=\u00a0\u00bbvc_col-lg-6&Prime; column_responsive_padding_1024=\u00a0\u00bb0 10%\u00a0\u00bb column_responsive_padding_768=\u00a0\u00bb0 10%\u00a0\u00bb column_responsive_padding_1440=\u00a0\u00bb0 17px 0 17%\u00a0\u00bb column_responsive_padding_1366=\u00a0\u00bb0 17px 0 17%\u00a0\u00bb][vc_single_image image=\u00a0\u00bb7098&Prime; img_size=\u00a0\u00bb428&#215;560&Prime; alignment=\u00a0\u00bbcenter\u00a0\u00bb css=\u00a0\u00bb\u00a0\u00bb][\/vc_column][vc_column css=\u00a0\u00bb.vc_custom_1573572984055{padding-right: 24% !important;}\u00a0\u00bb column_responsive_padding_680=\u00a0\u00bb0 10%\u00a0\u00bb offset=\u00a0\u00bbvc_col-lg-6&Prime; column_responsive_padding_1024=\u00a0\u00bb0 10%\u00a0\u00bb column_responsive_padding_768=\u00a0\u00bb0 10%\u00a0\u00bb column_responsive_padding_1440=\u00a0\u00bb0 17% 0 17px\u00a0\u00bb column_responsive_padding_1366=\u00a0\u00bb0 17% 0 17px\u00a0\u00bb]<div class=\"qodef-shortcode qodef-m  qodef-section-title qodef-alignment--center \">\n\t\t<h2 class=\"qodef-m-title\" >\n\t\tConsolidation de la cave\t\t<\/h2>\n\t\t<p class=\"qodef-m-subtitle\" >des ann\u00e9es 70 au nouveau mill\u00e9naire<\/p>\n\t<\/div>[vc_empty_space][vc_column_text css=\u00a0\u00bb\u00a0\u00bb]<\/p>\n<p style=\"text-align: justify;\">Jos\u00e9 Cerda Poveda est la personne qui g\u00e9rait l\u2019entreprise dans les ann\u00e9es 70,80 et 90. Il la fit entrer dans le nouveau mill\u00e9naire. C\u2019est avec beaucoup de d\u00e9vouement et de travail qu\u2019il en fit la bodega la plus importante de la r\u00e9gion.<\/p>\n<p>[\/vc_column_text][vc_empty_space][\/vc_column][\/vc_row][vc_row row_content_width=\u00a0\u00bbgrid\u00a0\u00bb el_class=\u00a0\u00bbqodef-workflows-holder\u00a0\u00bb css=\u00a0\u00bb.vc_custom_1747058608444{padding-top: 100px !important;}\u00a0\u00bb][vc_column css=\u00a0\u00bb.vc_custom_1570439566973{padding-top: 70px !important;padding-bottom: 160px !important;}\u00a0\u00bb column_responsive_padding_680=\u00a0\u00bb60px 0 92px\u00a0\u00bb column_responsive_padding_1024=\u00a0\u00bb70px 0 91px\u00a0\u00bb column_responsive_padding_768=\u00a0\u00bb70px 0 91px\u00a0\u00bb]<div class=\"qodef-shortcode qodef-m  qodef-workflow\">\n\t\n\t<div class=\"qodef-e-workflow-image\">\n\t\t<img loading=\"lazy\" decoding=\"async\" width=\"207\" height=\"157\" src=\"https:\/\/bodegascerda.com\/wp-content\/uploads\/2019\/08\/h4-img-1.png\" class=\"attachment-full size-full\" alt=\"d\" \/>\t<\/div>\n\t\n\t\t\t\n\t\t<div class=\"qodef-e-workflow-item\">\n\t\t\t<div class=\"qodef-e-workflow-item-inner\">\n\t\t\t\t\n\t\t\t\t<div class=\"qodef-e-workflow-text\">\n\t\t\t\t\t<p class=\"qodef-e-subtitle\">1885<\/p>\n\t\t\t\t\t<h5 class=\"qodef-e-title\">Fondation<\/h5>\n\t\t\t\t\t<p class=\"qodef-e-text\">Bodegas Cerd\u00e1, c'est une entreprise familiale \u00e0 Hond\u00f3n de las Nieves, fond\u00e9e en 1885 par Jos\u00e9 Cerd\u00e1 P\u00e9rez, la premi\u00e8re g\u00e9n\u00e9ration.<\/p>\n\t\t\t\t<\/div>\n\t\t\t\n\t\t\t<\/div>\n\t\t<\/div>\n\t\t\t\n\t\t<div class=\"qodef-e-workflow-item\">\n\t\t\t<div class=\"qodef-e-workflow-item-inner\">\n\t\t\t\t\n\t\t\t\t<div class=\"qodef-e-workflow-text\">\n\t\t\t\t\t<p class=\"qodef-e-subtitle\">Les ann\u00e9es 30, 40, 50 et 60<\/p>\n\t\t\t\t\t<h5 class=\"qodef-e-title\">3e g\u00e9n\u00e9ration<\/h5>\n\t\t\t\t\t<p class=\"qodef-e-text\">La deuxi\u00e8me g\u00e9n\u00e9ration a continu\u00e9 la tradition avec beaucoup de d\u00e9vouement et d'enthousiasme.<\/p>\n\t\t\t\t<\/div>\n\t\t\t\n\t\t\t<\/div>\n\t\t<\/div>\n\t\n<\/div><div class=\"qodef-shortcode qodef-m  qodef-workflow\">\n\t\n\t<div class=\"qodef-e-workflow-image\">\n\t\t<img loading=\"lazy\" decoding=\"async\" width=\"208\" height=\"187\" src=\"https:\/\/bodegascerda.com\/wp-content\/uploads\/2019\/08\/h4-img-2.png\" class=\"attachment-full size-full\" alt=\"d\" \/>\t<\/div>\n\t\n\t\t\t\n\t\t<div class=\"qodef-e-workflow-item\">\n\t\t\t<div class=\"qodef-e-workflow-item-inner\">\n\t\t\t\t\n\t\t\t\t<div class=\"qodef-e-workflow-text\">\n\t\t\t\t\t<p class=\"qodef-e-subtitle\">Des ann\u00e9es 70 au nouveau mill\u00e9naire<\/p>\n\t\t\t\t\t<h5 class=\"qodef-e-title\">3e g\u00e9n\u00e9ration<\/h5>\n\t\t\t\t\t<p class=\"qodef-e-text\">Jos\u00e9 Francisco Cerd\u00e1 Poveda a \u00e9t\u00e9 celui qui a vraiment fait d\u00e9coller l'entreprise dans les ann\u00e9es 70, 80, 90 et au d\u00e9but du nouveau mill\u00e9naire.<\/p>\n\t\t\t\t<\/div>\n\t\t\t\n\t\t\t<\/div>\n\t\t<\/div>\n\t\t\t\n\t\t<div class=\"qodef-e-workflow-item\">\n\t\t\t<div class=\"qodef-e-workflow-item-inner\">\n\t\t\t\t\n\t\t\t\t<div class=\"qodef-e-workflow-text\">\n\t\t\t\t\t<p class=\"qodef-e-subtitle\">Depuis 2025<\/p>\n\t\t\t\t\t<h5 class=\"qodef-e-title\">Prochains d\u00e9fis<\/h5>\n\t\t\t\t\t<p class=\"qodef-e-text\">La cave familiale traditionnelle fait face \u00e0 de nouveaux d\u00e9fis et changements sur le march\u00e9 de la consommation gr\u00e2ce \u00e0 la num\u00e9risation et \u00e0 d'autres techniques adapt\u00e9es aux temps modernes.<\/p>\n\t\t\t\t<\/div>\n\t\t\t\n\t\t\t<\/div>\n\t\t<\/div>\n\t\n<\/div>[\/vc_column][\/vc_row][vc_row row_content_width=\u00a0\u00bbgrid\u00a0\u00bb][vc_column css=\u00a0\u00bb.vc_custom_1571125001313{padding-top: 128px !important;padding-bottom: 35px !important;}\u00a0\u00bb column_responsive_padding_680=\u00a0\u00bb128px 19% 30px\u00a0\u00bb]<div class=\"qodef-shortcode qodef-m  qodef-section-title qodef-alignment--center \">\n\t\t<h2 class=\"qodef-m-title\" >\n\t\tOuverture du mus\u00e9e - Cave\t\t<\/h2>\n\t\t<\/div>[vc_empty_space][vc_video link=\u00a0\u00bbhttps:\/\/youtu.be\/dIZ7Qfrxw_k\u00a0\u00bb align=\u00a0\u00bbcenter\u00a0\u00bb css=\u00a0\u00bb\u00a0\u00bb][\/vc_column][\/vc_row]<\/p>\n<\/div>","protected":false},"excerpt":{"rendered":"<p>[vc_row el_class=\u00a0\u00bbqodef-custom-row-harvest\u00a0\u00bb][vc_column css=\u00a0\u00bb.vc_custom_1569236298175{padding-top: 65px !important;padding-right: 5% !important;padding-bottom: 65px !important;padding-left: 5% !important;}\u00a0\u00bb column_responsive_padding_1440=\u00a0\u00bb95px 5% 65px\u00a0\u00bb column_responsive_padding_1366=\u00a0\u00bb95px 5% 65px\u00a0\u00bb column_responsive_padding_680=\u00a0\u00bb30px 10%\u00a0\u00bb column_responsive_padding_768=\u00a0\u00bb97px 5% 65px\u00a0\u00bb column_responsive_padding_1024=\u00a0\u00bb97px 5% 65px\u00a0\u00bb column_responsive_padding_1280=\u00a0\u00bb95px 5% 65px\u00a0\u00bb][vc_row_inner content_text_alignment=\u00a0\u00bbcenter\u00a0\u00bb css=\u00a0\u00bb.vc_custom_1567153042372{padding-bottom: [&hellip;]<\/p>\n","protected":false},"author":1,"featured_media":9626,"parent":0,"menu_order":0,"comment_status":"closed","ping_status":"closed","template":"page-full-width.php","meta":{"rs_blank_template":"","rs_page_bg_color":"","slide_template_v7":"","footnotes":""},"class_list":["post-9746","page","type-page","status-publish","has-post-thumbnail","hentry"],"yoast_head":"<!-- This site is optimized with the Yoast SEO plugin v27.3 - https:\/\/yoast.com\/product\/yoast-seo-wordpress\/ -->\n<title>Origine - Bodega de vino en Alicante, cerca de Elche, desde 1885 | Bodegas Cerd\u00e1<\/title>\n<meta name=\"robots\" content=\"index, follow, max-snippet:-1, max-image-preview:large, max-video-preview:-1\" \/>\n<link rel=\"canonical\" href=\"https:\/\/bodegascerda.com\/fr\/origine\/\" \/>\n<meta property=\"og:locale\" content=\"fr_FR\" \/>\n<meta property=\"og:type\" content=\"article\" \/>\n<meta property=\"og:title\" content=\"Origine - Bodega de vino en Alicante, cerca de Elche, desde 1885 | Bodegas Cerd\u00e1\" \/>\n<meta property=\"og:description\" content=\"[vc_row el_class=\u00a0\u00bbqodef-custom-row-harvest\u00a0\u00bb][vc_column css=\u00a0\u00bb.vc_custom_1569236298175{padding-top: 65px !important;padding-right: 5% !important;padding-bottom: 65px !important;padding-left: 5% !important;}\u00a0\u00bb column_responsive_padding_1440=\u00a0\u00bb95px 5% 65px\u00a0\u00bb column_responsive_padding_1366=\u00a0\u00bb95px 5% 65px\u00a0\u00bb column_responsive_padding_680=\u00a0\u00bb30px 10%\u00a0\u00bb column_responsive_padding_768=\u00a0\u00bb97px 5% 65px\u00a0\u00bb column_responsive_padding_1024=\u00a0\u00bb97px 5% 65px\u00a0\u00bb column_responsive_padding_1280=\u00a0\u00bb95px 5% 65px\u00a0\u00bb][vc_row_inner content_text_alignment=\u00a0\u00bbcenter\u00a0\u00bb css=\u00a0\u00bb.vc_custom_1567153042372{padding-bottom: [&hellip;]\" \/>\n<meta property=\"og:url\" content=\"https:\/\/bodegascerda.com\/fr\/origine\/\" \/>\n<meta property=\"og:site_name\" content=\"Bodega de vino en Alicante, cerca de Elche, desde 1885 | Bodegas Cerd\u00e1\" \/>\n<meta property=\"article:publisher\" content=\"https:\/\/www.facebook.com\/bodegas.cerda.hondon\" \/>\n<meta property=\"article:modified_time\" content=\"2025-06-03T07:18:08+00:00\" \/>\n<meta property=\"og:image\" content=\"https:\/\/bodegascerda.com\/wp-content\/uploads\/2025\/05\/consolidacion-bodega-1.jpg\" \/>\n\t<meta property=\"og:image:width\" content=\"458\" \/>\n\t<meta property=\"og:image:height\" content=\"559\" \/>\n\t<meta property=\"og:image:type\" content=\"image\/jpeg\" \/>\n<meta name=\"twitter:card\" content=\"summary_large_image\" \/>\n<meta name=\"twitter:label1\" content=\"Dur\u00e9e de lecture estim\u00e9e\" \/>\n\t<meta name=\"twitter:data1\" content=\"3 minutes\" \/>\n<script type=\"application\/ld+json\" class=\"yoast-schema-graph\">{\"@context\":\"https:\\\/\\\/schema.org\",\"@graph\":[{\"@type\":\"WebPage\",\"@id\":\"https:\\\/\\\/bodegascerda.com\\\/fr\\\/origine\\\/\",\"url\":\"https:\\\/\\\/bodegascerda.com\\\/fr\\\/origine\\\/\",\"name\":\"Origine - Bodega de vino en Alicante, cerca de Elche, desde 1885 | Bodegas Cerd\u00e1\",\"isPartOf\":{\"@id\":\"https:\\\/\\\/bodegascerda.com\\\/fr\\\/#website\"},\"primaryImageOfPage\":{\"@id\":\"https:\\\/\\\/bodegascerda.com\\\/fr\\\/origine\\\/#primaryimage\"},\"image\":{\"@id\":\"https:\\\/\\\/bodegascerda.com\\\/fr\\\/origine\\\/#primaryimage\"},\"thumbnailUrl\":\"https:\\\/\\\/bodegascerda.com\\\/wp-content\\\/uploads\\\/2025\\\/05\\\/consolidacion-bodega-1.jpg\",\"datePublished\":\"2019-09-09T12:43:02+00:00\",\"dateModified\":\"2025-06-03T07:18:08+00:00\",\"breadcrumb\":{\"@id\":\"https:\\\/\\\/bodegascerda.com\\\/fr\\\/origine\\\/#breadcrumb\"},\"inLanguage\":\"fr-FR\",\"potentialAction\":[{\"@type\":\"ReadAction\",\"target\":[\"https:\\\/\\\/bodegascerda.com\\\/fr\\\/origine\\\/\"]}]},{\"@type\":\"ImageObject\",\"inLanguage\":\"fr-FR\",\"@id\":\"https:\\\/\\\/bodegascerda.com\\\/fr\\\/origine\\\/#primaryimage\",\"url\":\"https:\\\/\\\/bodegascerda.com\\\/wp-content\\\/uploads\\\/2025\\\/05\\\/consolidacion-bodega-1.jpg\",\"contentUrl\":\"https:\\\/\\\/bodegascerda.com\\\/wp-content\\\/uploads\\\/2025\\\/05\\\/consolidacion-bodega-1.jpg\",\"width\":458,\"height\":559},{\"@type\":\"BreadcrumbList\",\"@id\":\"https:\\\/\\\/bodegascerda.com\\\/fr\\\/origine\\\/#breadcrumb\",\"itemListElement\":[{\"@type\":\"ListItem\",\"position\":1,\"name\":\"Portada\",\"item\":\"https:\\\/\\\/bodegascerda.com\\\/fr\\\/\"},{\"@type\":\"ListItem\",\"position\":2,\"name\":\"Origine\"}]},{\"@type\":\"WebSite\",\"@id\":\"https:\\\/\\\/bodegascerda.com\\\/fr\\\/#website\",\"url\":\"https:\\\/\\\/bodegascerda.com\\\/fr\\\/\",\"name\":\"Bodegas Cerd\u00e1\",\"description\":\"\",\"publisher\":{\"@id\":\"https:\\\/\\\/bodegascerda.com\\\/fr\\\/#organization\"},\"potentialAction\":[{\"@type\":\"SearchAction\",\"target\":{\"@type\":\"EntryPoint\",\"urlTemplate\":\"https:\\\/\\\/bodegascerda.com\\\/fr\\\/?s={search_term_string}\"},\"query-input\":{\"@type\":\"PropertyValueSpecification\",\"valueRequired\":true,\"valueName\":\"search_term_string\"}}],\"inLanguage\":\"fr-FR\"},{\"@type\":[\"Organization\",\"Place\"],\"@id\":\"https:\\\/\\\/bodegascerda.com\\\/fr\\\/#organization\",\"name\":\"Bodegas Cerd\u00e1 Cremades, S.L.\",\"url\":\"https:\\\/\\\/bodegascerda.com\\\/fr\\\/\",\"logo\":{\"@id\":\"https:\\\/\\\/bodegascerda.com\\\/fr\\\/origine\\\/#local-main-organization-logo\"},\"image\":{\"@id\":\"https:\\\/\\\/bodegascerda.com\\\/fr\\\/origine\\\/#local-main-organization-logo\"},\"sameAs\":[\"https:\\\/\\\/www.facebook.com\\\/bodegas.cerda.hondon\",\"https:\\\/\\\/www.instagram.com\\\/bodegas.cerda\\\/\"],\"openingHoursSpecification\":[{\"@type\":\"OpeningHoursSpecification\",\"dayOfWeek\":[\"Monday\",\"Tuesday\",\"Wednesday\",\"Thursday\",\"Friday\",\"Saturday\",\"Sunday\"],\"opens\":\"09:00\",\"closes\":\"17:00\"}]},{\"@type\":\"ImageObject\",\"inLanguage\":\"fr-FR\",\"@id\":\"https:\\\/\\\/bodegascerda.com\\\/fr\\\/origine\\\/#local-main-organization-logo\",\"url\":\"https:\\\/\\\/bodegascerda.com\\\/wp-content\\\/uploads\\\/2025\\\/05\\\/logo-bodegas-cerda.png\",\"contentUrl\":\"https:\\\/\\\/bodegascerda.com\\\/wp-content\\\/uploads\\\/2025\\\/05\\\/logo-bodegas-cerda.png\",\"width\":192,\"height\":100,\"caption\":\"Bodegas Cerd\u00e1 Cremades, S.L.\"}]}<\/script>\n<!-- \/ Yoast SEO plugin. -->","yoast_head_json":{"title":"Origine - Bodega de vino en Alicante, cerca de Elche, desde 1885 | Bodegas Cerd\u00e1","robots":{"index":"index","follow":"follow","max-snippet":"max-snippet:-1","max-image-preview":"max-image-preview:large","max-video-preview":"max-video-preview:-1"},"canonical":"https:\/\/bodegascerda.com\/fr\/origine\/","og_locale":"fr_FR","og_type":"article","og_title":"Origine - Bodega de vino en Alicante, cerca de Elche, desde 1885 | Bodegas Cerd\u00e1","og_description":"[vc_row el_class=\u00a0\u00bbqodef-custom-row-harvest\u00a0\u00bb][vc_column css=\u00a0\u00bb.vc_custom_1569236298175{padding-top: 65px !important;padding-right: 5% !important;padding-bottom: 65px !important;padding-left: 5% !important;}\u00a0\u00bb column_responsive_padding_1440=\u00a0\u00bb95px 5% 65px\u00a0\u00bb column_responsive_padding_1366=\u00a0\u00bb95px 5% 65px\u00a0\u00bb column_responsive_padding_680=\u00a0\u00bb30px 10%\u00a0\u00bb column_responsive_padding_768=\u00a0\u00bb97px 5% 65px\u00a0\u00bb column_responsive_padding_1024=\u00a0\u00bb97px 5% 65px\u00a0\u00bb column_responsive_padding_1280=\u00a0\u00bb95px 5% 65px\u00a0\u00bb][vc_row_inner content_text_alignment=\u00a0\u00bbcenter\u00a0\u00bb css=\u00a0\u00bb.vc_custom_1567153042372{padding-bottom: [&hellip;]","og_url":"https:\/\/bodegascerda.com\/fr\/origine\/","og_site_name":"Bodega de vino en Alicante, cerca de Elche, desde 1885 | Bodegas Cerd\u00e1","article_publisher":"https:\/\/www.facebook.com\/bodegas.cerda.hondon","article_modified_time":"2025-06-03T07:18:08+00:00","og_image":[{"width":458,"height":559,"url":"https:\/\/bodegascerda.com\/wp-content\/uploads\/2025\/05\/consolidacion-bodega-1.jpg","type":"image\/jpeg"}],"twitter_card":"summary_large_image","twitter_misc":{"Dur\u00e9e de lecture estim\u00e9e":"3 minutes"},"schema":{"@context":"https:\/\/schema.org","@graph":[{"@type":"WebPage","@id":"https:\/\/bodegascerda.com\/fr\/origine\/","url":"https:\/\/bodegascerda.com\/fr\/origine\/","name":"Origine - Bodega de vino en Alicante, cerca de Elche, desde 1885 | Bodegas Cerd\u00e1","isPartOf":{"@id":"https:\/\/bodegascerda.com\/fr\/#website"},"primaryImageOfPage":{"@id":"https:\/\/bodegascerda.com\/fr\/origine\/#primaryimage"},"image":{"@id":"https:\/\/bodegascerda.com\/fr\/origine\/#primaryimage"},"thumbnailUrl":"https:\/\/bodegascerda.com\/wp-content\/uploads\/2025\/05\/consolidacion-bodega-1.jpg","datePublished":"2019-09-09T12:43:02+00:00","dateModified":"2025-06-03T07:18:08+00:00","breadcrumb":{"@id":"https:\/\/bodegascerda.com\/fr\/origine\/#breadcrumb"},"inLanguage":"fr-FR","potentialAction":[{"@type":"ReadAction","target":["https:\/\/bodegascerda.com\/fr\/origine\/"]}]},{"@type":"ImageObject","inLanguage":"fr-FR","@id":"https:\/\/bodegascerda.com\/fr\/origine\/#primaryimage","url":"https:\/\/bodegascerda.com\/wp-content\/uploads\/2025\/05\/consolidacion-bodega-1.jpg","contentUrl":"https:\/\/bodegascerda.com\/wp-content\/uploads\/2025\/05\/consolidacion-bodega-1.jpg","width":458,"height":559},{"@type":"BreadcrumbList","@id":"https:\/\/bodegascerda.com\/fr\/origine\/#breadcrumb","itemListElement":[{"@type":"ListItem","position":1,"name":"Portada","item":"https:\/\/bodegascerda.com\/fr\/"},{"@type":"ListItem","position":2,"name":"Origine"}]},{"@type":"WebSite","@id":"https:\/\/bodegascerda.com\/fr\/#website","url":"https:\/\/bodegascerda.com\/fr\/","name":"Bodegas Cerd\u00e1","description":"","publisher":{"@id":"https:\/\/bodegascerda.com\/fr\/#organization"},"potentialAction":[{"@type":"SearchAction","target":{"@type":"EntryPoint","urlTemplate":"https:\/\/bodegascerda.com\/fr\/?s={search_term_string}"},"query-input":{"@type":"PropertyValueSpecification","valueRequired":true,"valueName":"search_term_string"}}],"inLanguage":"fr-FR"},{"@type":["Organization","Place"],"@id":"https:\/\/bodegascerda.com\/fr\/#organization","name":"Bodegas Cerd\u00e1 Cremades, S.L.","url":"https:\/\/bodegascerda.com\/fr\/","logo":{"@id":"https:\/\/bodegascerda.com\/fr\/origine\/#local-main-organization-logo"},"image":{"@id":"https:\/\/bodegascerda.com\/fr\/origine\/#local-main-organization-logo"},"sameAs":["https:\/\/www.facebook.com\/bodegas.cerda.hondon","https:\/\/www.instagram.com\/bodegas.cerda\/"],"openingHoursSpecification":[{"@type":"OpeningHoursSpecification","dayOfWeek":["Monday","Tuesday","Wednesday","Thursday","Friday","Saturday","Sunday"],"opens":"09:00","closes":"17:00"}]},{"@type":"ImageObject","inLanguage":"fr-FR","@id":"https:\/\/bodegascerda.com\/fr\/origine\/#local-main-organization-logo","url":"https:\/\/bodegascerda.com\/wp-content\/uploads\/2025\/05\/logo-bodegas-cerda.png","contentUrl":"https:\/\/bodegascerda.com\/wp-content\/uploads\/2025\/05\/logo-bodegas-cerda.png","width":192,"height":100,"caption":"Bodegas Cerd\u00e1 Cremades, S.L."}]}},"_links":{"self":[{"href":"https:\/\/bodegascerda.com\/fr\/wp-json\/wp\/v2\/pages\/9746","targetHints":{"allow":["GET"]}}],"collection":[{"href":"https:\/\/bodegascerda.com\/fr\/wp-json\/wp\/v2\/pages"}],"about":[{"href":"https:\/\/bodegascerda.com\/fr\/wp-json\/wp\/v2\/types\/page"}],"author":[{"embeddable":true,"href":"https:\/\/bodegascerda.com\/fr\/wp-json\/wp\/v2\/users\/1"}],"replies":[{"embeddable":true,"href":"https:\/\/bodegascerda.com\/fr\/wp-json\/wp\/v2\/comments?post=9746"}],"version-history":[{"count":7,"href":"https:\/\/bodegascerda.com\/fr\/wp-json\/wp\/v2\/pages\/9746\/revisions"}],"predecessor-version":[{"id":14666,"href":"https:\/\/bodegascerda.com\/fr\/wp-json\/wp\/v2\/pages\/9746\/revisions\/14666"}],"wp:featuredmedia":[{"embeddable":true,"href":"https:\/\/bodegascerda.com\/fr\/wp-json\/wp\/v2\/media\/9626"}],"wp:attachment":[{"href":"https:\/\/bodegascerda.com\/fr\/wp-json\/wp\/v2\/media?parent=9746"}],"curies":[{"name":"wp","href":"https:\/\/api.w.org\/{rel}","templated":true}]}}