{"id":8713,"date":"2023-01-13T07:38:13","date_gmt":"2023-01-13T06:38:13","guid":{"rendered":"https:\/\/bodegascerda.com\/product\/blanc-cerda\/"},"modified":"2025-05-17T10:44:37","modified_gmt":"2025-05-17T08:44:37","slug":"blanc-cerda","status":"publish","type":"product","link":"https:\/\/bodegascerda.com\/en\/product\/blanc-cerda\/","title":{"rendered":"Blanc Cerd\u00e1"},"content":{"rendered":"","protected":false},"excerpt":{"rendered":"<p><strong>* ABV<\/strong>: 12% alcohol.<\/p>\n<p><strong>* Variety<\/strong>: 33% Chardonnay, 33% Air\u00e9n , 33% Macabeo.<\/p>\n<p><strong>* Description<\/strong>: This spakling wine is fermented in amerian oak for 30 days and the maturation into the bottle during 24 months.<\/p>\n<p><strong>* Colour<\/strong>: Pale,brilliant white colour with a very fine bubble.<\/p>\n<p><strong>* Aromas<\/strong>: Armonic with fine patris notes. Fresh,delicate,soft palate with an structurated acidity.<\/p>\n","protected":false},"featured_media":6889,"template":"","meta":{"rs_blank_template":"","rs_page_bg_color":"","slide_template_v7":""},"product_brand":[],"product_cat":[127],"product_tag":[122],"class_list":{"0":"post-8713","1":"product","2":"type-product","3":"status-publish","4":"has-post-thumbnail","6":"product_cat-sparkling-wine","7":"product_tag-en-2","9":"first","10":"instock","11":"taxable","12":"shipping-taxable","13":"purchasable","14":"product-type-simple"},"yoast_head":"<!-- This site is optimized with the Yoast SEO plugin v27.3 - https:\/\/yoast.com\/product\/yoast-seo-wordpress\/ -->\n<title>Blanc Cerd\u00e1 - Bodega de vino en Alicante, cerca de Elche, desde 1885 | Bodegas Cerd\u00e1<\/title>\n<meta name=\"robots\" content=\"index, follow, max-snippet:-1, max-image-preview:large, max-video-preview:-1\" \/>\n<link rel=\"canonical\" href=\"https:\/\/bodegascerda.com\/en\/product\/blanc-cerda\/\" \/>\n<meta property=\"og:locale\" content=\"en_US\" \/>\n<meta property=\"og:type\" content=\"article\" \/>\n<meta property=\"og:title\" content=\"Blanc Cerd\u00e1 - Bodega de vino en Alicante, cerca de Elche, desde 1885 | Bodegas Cerd\u00e1\" \/>\n<meta property=\"og:description\" content=\"* ABV: 12% alcohol. * Variety: 33% Chardonnay, 33% Air\u00e9n , 33% Macabeo. * Description: This spakling wine is fermented in amerian oak for 30 days and the maturation into the bottle during 24 months. * Colour: Pale,brilliant white colour with a very fine bubble. * Aromas: Armonic with fine patris notes. Fresh,delicate,soft palate with an structurated acidity.\" \/>\n<meta property=\"og:url\" content=\"https:\/\/bodegascerda.com\/en\/product\/blanc-cerda\/\" \/>\n<meta property=\"og:site_name\" content=\"Bodega de vino en Alicante, cerca de Elche, desde 1885 | Bodegas Cerd\u00e1\" \/>\n<meta property=\"article:publisher\" content=\"https:\/\/www.facebook.com\/bodegas.cerda.hondon\" \/>\n<meta property=\"article:modified_time\" content=\"2025-05-17T08:44:37+00:00\" \/>\n<meta property=\"og:image\" content=\"https:\/\/bodegascerda.com\/wp-content\/uploads\/2025\/05\/blanc-cerda.jpg\" \/>\n\t<meta property=\"og:image:width\" content=\"800\" \/>\n\t<meta property=\"og:image:height\" content=\"800\" \/>\n\t<meta property=\"og:image:type\" content=\"image\/jpeg\" \/>\n<meta name=\"twitter:card\" content=\"summary_large_image\" \/>\n<meta name=\"twitter:label1\" content=\"Price\" \/>\n\t<meta name=\"twitter:data1\" content=\"15,00&euro;\" \/>\n\t<meta name=\"twitter:label2\" content=\"Availability\" \/>\n\t<meta name=\"twitter:data2\" content=\"In stock\" \/>\n<script type=\"application\/ld+json\" class=\"yoast-schema-graph\">{\"@context\":\"https:\\\/\\\/schema.org\",\"@graph\":[{\"@type\":\"WebPage\",\"@id\":\"https:\\\/\\\/bodegascerda.com\\\/en\\\/product\\\/blanc-cerda\\\/\",\"url\":\"https:\\\/\\\/bodegascerda.com\\\/en\\\/product\\\/blanc-cerda\\\/\",\"name\":\"Blanc Cerd\u00e1 - Bodega de vino en Alicante, cerca de Elche, desde 1885 | Bodegas Cerd\u00e1\",\"isPartOf\":{\"@id\":\"https:\\\/\\\/bodegascerda.com\\\/en\\\/#website\"},\"primaryImageOfPage\":{\"@id\":\"https:\\\/\\\/bodegascerda.com\\\/en\\\/product\\\/blanc-cerda\\\/#primaryimage\"},\"image\":{\"@id\":\"https:\\\/\\\/bodegascerda.com\\\/en\\\/product\\\/blanc-cerda\\\/#primaryimage\"},\"thumbnailUrl\":\"https:\\\/\\\/bodegascerda.com\\\/wp-content\\\/uploads\\\/2025\\\/05\\\/blanc-cerda.jpg\",\"datePublished\":\"2023-01-13T06:38:13+00:00\",\"dateModified\":\"2025-05-17T08:44:37+00:00\",\"breadcrumb\":{\"@id\":\"https:\\\/\\\/bodegascerda.com\\\/en\\\/product\\\/blanc-cerda\\\/#breadcrumb\"},\"inLanguage\":\"en-US\",\"potentialAction\":[{\"@type\":\"ReadAction\",\"target\":[\"https:\\\/\\\/bodegascerda.com\\\/en\\\/product\\\/blanc-cerda\\\/\"]}]},{\"@type\":\"ImageObject\",\"inLanguage\":\"en-US\",\"@id\":\"https:\\\/\\\/bodegascerda.com\\\/en\\\/product\\\/blanc-cerda\\\/#primaryimage\",\"url\":\"https:\\\/\\\/bodegascerda.com\\\/wp-content\\\/uploads\\\/2025\\\/05\\\/blanc-cerda.jpg\",\"contentUrl\":\"https:\\\/\\\/bodegascerda.com\\\/wp-content\\\/uploads\\\/2025\\\/05\\\/blanc-cerda.jpg\",\"width\":800,\"height\":800,\"caption\":\"Vino Blanc Cerd\u00e1\"},{\"@type\":\"BreadcrumbList\",\"@id\":\"https:\\\/\\\/bodegascerda.com\\\/en\\\/product\\\/blanc-cerda\\\/#breadcrumb\",\"itemListElement\":[{\"@type\":\"ListItem\",\"position\":1,\"name\":\"Portada\",\"item\":\"https:\\\/\\\/bodegascerda.com\\\/en\\\/\"},{\"@type\":\"ListItem\",\"position\":2,\"name\":\"Shop\",\"item\":\"https:\\\/\\\/bodegascerda.com\\\/en\\\/shop\\\/\"},{\"@type\":\"ListItem\",\"position\":3,\"name\":\"Blanc Cerd\u00e1\"}]},{\"@type\":\"WebSite\",\"@id\":\"https:\\\/\\\/bodegascerda.com\\\/en\\\/#website\",\"url\":\"https:\\\/\\\/bodegascerda.com\\\/en\\\/\",\"name\":\"Bodegas Cerd\u00e1\",\"description\":\"\",\"publisher\":{\"@id\":\"https:\\\/\\\/bodegascerda.com\\\/en\\\/#organization\"},\"potentialAction\":[{\"@type\":\"SearchAction\",\"target\":{\"@type\":\"EntryPoint\",\"urlTemplate\":\"https:\\\/\\\/bodegascerda.com\\\/en\\\/?s={search_term_string}\"},\"query-input\":{\"@type\":\"PropertyValueSpecification\",\"valueRequired\":true,\"valueName\":\"search_term_string\"}}],\"inLanguage\":\"en-US\"},{\"@type\":[\"Organization\",\"Place\"],\"@id\":\"https:\\\/\\\/bodegascerda.com\\\/en\\\/#organization\",\"name\":\"Bodegas Cerd\u00e1 Cremades, S.L.\",\"url\":\"https:\\\/\\\/bodegascerda.com\\\/en\\\/\",\"logo\":{\"@id\":\"https:\\\/\\\/bodegascerda.com\\\/en\\\/product\\\/blanc-cerda\\\/#local-main-organization-logo\"},\"image\":{\"@id\":\"https:\\\/\\\/bodegascerda.com\\\/en\\\/product\\\/blanc-cerda\\\/#local-main-organization-logo\"},\"sameAs\":[\"https:\\\/\\\/www.facebook.com\\\/bodegas.cerda.hondon\",\"https:\\\/\\\/www.instagram.com\\\/bodegas.cerda\\\/\"],\"openingHoursSpecification\":[{\"@type\":\"OpeningHoursSpecification\",\"dayOfWeek\":[\"Monday\",\"Tuesday\",\"Wednesday\",\"Thursday\",\"Friday\",\"Saturday\",\"Sunday\"],\"opens\":\"09:00\",\"closes\":\"17:00\"}]},{\"@type\":\"ImageObject\",\"inLanguage\":\"en-US\",\"@id\":\"https:\\\/\\\/bodegascerda.com\\\/en\\\/product\\\/blanc-cerda\\\/#local-main-organization-logo\",\"url\":\"https:\\\/\\\/bodegascerda.com\\\/wp-content\\\/uploads\\\/2025\\\/05\\\/logo-bodegas-cerda.png\",\"contentUrl\":\"https:\\\/\\\/bodegascerda.com\\\/wp-content\\\/uploads\\\/2025\\\/05\\\/logo-bodegas-cerda.png\",\"width\":192,\"height\":100,\"caption\":\"Bodegas Cerd\u00e1 Cremades, S.L.\"}]}<\/script>\n<meta property=\"product:price:amount\" content=\"15.00\" \/>\n<meta property=\"product:price:currency\" content=\"EUR\" \/>\n<meta property=\"og:availability\" content=\"instock\" \/>\n<meta property=\"product:availability\" content=\"instock\" \/>\n<meta property=\"product:condition\" content=\"new\" \/>\n<!-- \/ Yoast SEO plugin. -->","yoast_head_json":{"title":"Blanc Cerd\u00e1 - Bodega de vino en Alicante, cerca de Elche, desde 1885 | Bodegas Cerd\u00e1","robots":{"index":"index","follow":"follow","max-snippet":"max-snippet:-1","max-image-preview":"max-image-preview:large","max-video-preview":"max-video-preview:-1"},"canonical":"https:\/\/bodegascerda.com\/en\/product\/blanc-cerda\/","og_locale":"en_US","og_type":"article","og_title":"Blanc Cerd\u00e1 - Bodega de vino en Alicante, cerca de Elche, desde 1885 | Bodegas Cerd\u00e1","og_description":"* ABV: 12% alcohol. * Variety: 33% Chardonnay, 33% Air\u00e9n , 33% Macabeo. * Description: This spakling wine is fermented in amerian oak for 30 days and the maturation into the bottle during 24 months. * Colour: Pale,brilliant white colour with a very fine bubble. * Aromas: Armonic with fine patris notes. Fresh,delicate,soft palate with an structurated acidity.","og_url":"https:\/\/bodegascerda.com\/en\/product\/blanc-cerda\/","og_site_name":"Bodega de vino en Alicante, cerca de Elche, desde 1885 | Bodegas Cerd\u00e1","article_publisher":"https:\/\/www.facebook.com\/bodegas.cerda.hondon","article_modified_time":"2025-05-17T08:44:37+00:00","og_image":[{"width":800,"height":800,"url":"https:\/\/bodegascerda.com\/wp-content\/uploads\/2025\/05\/blanc-cerda.jpg","type":"image\/jpeg"}],"twitter_card":"summary_large_image","twitter_misc":{"Price":"15,00&euro;","Availability":"In stock"},"schema":{"@context":"https:\/\/schema.org","@graph":[{"@type":"WebPage","@id":"https:\/\/bodegascerda.com\/en\/product\/blanc-cerda\/","url":"https:\/\/bodegascerda.com\/en\/product\/blanc-cerda\/","name":"Blanc Cerd\u00e1 - Bodega de vino en Alicante, cerca de Elche, desde 1885 | Bodegas Cerd\u00e1","isPartOf":{"@id":"https:\/\/bodegascerda.com\/en\/#website"},"primaryImageOfPage":{"@id":"https:\/\/bodegascerda.com\/en\/product\/blanc-cerda\/#primaryimage"},"image":{"@id":"https:\/\/bodegascerda.com\/en\/product\/blanc-cerda\/#primaryimage"},"thumbnailUrl":"https:\/\/bodegascerda.com\/wp-content\/uploads\/2025\/05\/blanc-cerda.jpg","datePublished":"2023-01-13T06:38:13+00:00","dateModified":"2025-05-17T08:44:37+00:00","breadcrumb":{"@id":"https:\/\/bodegascerda.com\/en\/product\/blanc-cerda\/#breadcrumb"},"inLanguage":"en-US","potentialAction":[{"@type":"ReadAction","target":["https:\/\/bodegascerda.com\/en\/product\/blanc-cerda\/"]}]},{"@type":"ImageObject","inLanguage":"en-US","@id":"https:\/\/bodegascerda.com\/en\/product\/blanc-cerda\/#primaryimage","url":"https:\/\/bodegascerda.com\/wp-content\/uploads\/2025\/05\/blanc-cerda.jpg","contentUrl":"https:\/\/bodegascerda.com\/wp-content\/uploads\/2025\/05\/blanc-cerda.jpg","width":800,"height":800,"caption":"Vino Blanc Cerd\u00e1"},{"@type":"BreadcrumbList","@id":"https:\/\/bodegascerda.com\/en\/product\/blanc-cerda\/#breadcrumb","itemListElement":[{"@type":"ListItem","position":1,"name":"Portada","item":"https:\/\/bodegascerda.com\/en\/"},{"@type":"ListItem","position":2,"name":"Shop","item":"https:\/\/bodegascerda.com\/en\/shop\/"},{"@type":"ListItem","position":3,"name":"Blanc Cerd\u00e1"}]},{"@type":"WebSite","@id":"https:\/\/bodegascerda.com\/en\/#website","url":"https:\/\/bodegascerda.com\/en\/","name":"Bodegas Cerd\u00e1","description":"","publisher":{"@id":"https:\/\/bodegascerda.com\/en\/#organization"},"potentialAction":[{"@type":"SearchAction","target":{"@type":"EntryPoint","urlTemplate":"https:\/\/bodegascerda.com\/en\/?s={search_term_string}"},"query-input":{"@type":"PropertyValueSpecification","valueRequired":true,"valueName":"search_term_string"}}],"inLanguage":"en-US"},{"@type":["Organization","Place"],"@id":"https:\/\/bodegascerda.com\/en\/#organization","name":"Bodegas Cerd\u00e1 Cremades, S.L.","url":"https:\/\/bodegascerda.com\/en\/","logo":{"@id":"https:\/\/bodegascerda.com\/en\/product\/blanc-cerda\/#local-main-organization-logo"},"image":{"@id":"https:\/\/bodegascerda.com\/en\/product\/blanc-cerda\/#local-main-organization-logo"},"sameAs":["https:\/\/www.facebook.com\/bodegas.cerda.hondon","https:\/\/www.instagram.com\/bodegas.cerda\/"],"openingHoursSpecification":[{"@type":"OpeningHoursSpecification","dayOfWeek":["Monday","Tuesday","Wednesday","Thursday","Friday","Saturday","Sunday"],"opens":"09:00","closes":"17:00"}]},{"@type":"ImageObject","inLanguage":"en-US","@id":"https:\/\/bodegascerda.com\/en\/product\/blanc-cerda\/#local-main-organization-logo","url":"https:\/\/bodegascerda.com\/wp-content\/uploads\/2025\/05\/logo-bodegas-cerda.png","contentUrl":"https:\/\/bodegascerda.com\/wp-content\/uploads\/2025\/05\/logo-bodegas-cerda.png","width":192,"height":100,"caption":"Bodegas Cerd\u00e1 Cremades, S.L."}]},"product_price_amount":"15.00","product_price_currency":"EUR","og_availability":"instock","product_availability":"instock","product_condition":"new"},"_links":{"self":[{"href":"https:\/\/bodegascerda.com\/en\/wp-json\/wp\/v2\/product\/8713","targetHints":{"allow":["GET"]}}],"collection":[{"href":"https:\/\/bodegascerda.com\/en\/wp-json\/wp\/v2\/product"}],"about":[{"href":"https:\/\/bodegascerda.com\/en\/wp-json\/wp\/v2\/types\/product"}],"wp:featuredmedia":[{"embeddable":true,"href":"https:\/\/bodegascerda.com\/en\/wp-json\/wp\/v2\/media\/6889"}],"wp:attachment":[{"href":"https:\/\/bodegascerda.com\/en\/wp-json\/wp\/v2\/media?parent=8713"}],"wp:term":[{"taxonomy":"product_brand","embeddable":true,"href":"https:\/\/bodegascerda.com\/en\/wp-json\/wp\/v2\/product_brand?post=8713"},{"taxonomy":"product_cat","embeddable":true,"href":"https:\/\/bodegascerda.com\/en\/wp-json\/wp\/v2\/product_cat?post=8713"},{"taxonomy":"product_tag","embeddable":true,"href":"https:\/\/bodegascerda.com\/en\/wp-json\/wp\/v2\/product_tag?post=8713"}],"curies":[{"name":"wp","href":"https:\/\/api.w.org\/{rel}","templated":true}]}}