{"id":9641,"date":"2025-04-03T16:55:35","date_gmt":"2025-04-03T14:55:35","guid":{"rendered":"https:\/\/bodegascerda.com\/legal-notice\/"},"modified":"2025-05-17T12:10:17","modified_gmt":"2025-05-17T10:10:17","slug":"legal-notice","status":"publish","type":"page","link":"https:\/\/bodegascerda.com\/en\/legal-notice\/","title":{"rendered":"Legal notice"},"content":{"rendered":"<div class=\"wpb-content-wrapper\"><p>[vc_row css_animation=&#8221;&#8221; row_type=&#8221;row&#8221; use_row_as_full_screen_section=&#8221;no&#8221; type=&#8221;full_width&#8221; angled_section=&#8221;no&#8221; text_align=&#8221;left&#8221; background_image_as_pattern=&#8221;without_pattern&#8221;][vc_column][vc_column_text]General information from the headline of the website.<\/p>\n<p>To access the website located in the domain <a href=\"http:\/\/bodegascerda.com\">bodegascerda.com<\/a> that is headline of the company Bodega Cerda with cif B54326590, society with address in street: Aljibes, 16 03688, furthermore Bodegas Cerd\u00e1 and some of the pages or subpages in this domain, the user says that he has read, understand and accepted the privacy notice and the legal notice in this website.<\/p>\n<p>In the case that you don\u2019t agree with the described conditions in the privacy notice and the legal notice, we suggest that you do not use the website.<\/p>\n<h3>Products and services:<\/h3>\n<p>In this website, Bodegas Cerd\u00e1 gives the user the same free information about the products and services given by them. We offer the possibility of buying products or contracting services offered. The information in the website has only indicative, orientative and estimative characters and it has no important binding value for Bodegas Cerd\u00e1.<\/p>\n<h3>Intellectual property and industrial:<\/h3>\n<p>In this website, Bodegas Cerd\u00e1 gives users free information about the products and services given by them. All designs, brands, names, images, logos, graphics, icons, applications and contents in the website are the property of Bodegas Cerd\u00e1. Bodegas Cerd\u00e1 has a licence for this use, having the protection on this industrial and intellectual property. However, this does not mean that Bodegas Cerd\u00e1 gives the rights to other users.<\/p>\n<p>You can make commercial use of the site but you cannot change it, nor reproduce it you must not distribute or communicate it in a public way.<\/p>\n<p>Authorise users to copy the design or content. It is an intellectual property right, it will affect the rights and the normative established in Spain. You are not allow to use the contents from the website with any proposal not allowed by Bodegas Cerd\u00e1 as is present in the legal notice.<\/p>\n<p>If someone wants to use the brands, names, logos or anything that is available in our website from Bodegas Cerd\u00e1, you can apply for this authorization by contacting Bodegas Cerd\u00e1.<\/p>\n<h3>Access to the website:<\/h3>\n<p>The access to the website is free and gratis. However Bodegas Cerd\u00e1 gives the user the possibility to contact Bodegas Cerd\u00e1 through e mail to request more information about the services and the products that Bodegas Cerd\u00e1 offers.<\/p>\n<p>The user voluntarily gives Bodegas Cerd\u00e1 their personal information in order that Bodegas Cerd\u00e1 can send commercial communication about its products and services.<\/p>\n<p>The personal information which is given by the user to Bodegas Cerd\u00e1 via e mail is going to be treated with the privacy policies from this website, considering the law from the protection of the personal information.<\/p>\n<p>The communication through e mail between the user and Bodegas Cerd\u00e1 does not use a secure network. Users should not considered protected personal information as per the 7<sup>th<\/sup> article of LOPD, so it is not advisable to send personal information through this medium.<\/p>\n<p>All the information which the user gives the business should be truthful. The user guarantees the authenticity of all the personal information which it give to Bodegas Cerd\u00e1. It is the responsibility of the user to update their information frequently.<\/p>\n<p>The user is wholly responsible for any information which results from supplying false or inaccurate information to Bodegas Cerd\u00e1 or any third party.<\/p>\n<h3>Hyperlinks:<\/h3>\n<p>The website <a href=\"http:\/\/www.bodegascerda.com\">www.bodegascerda.com<\/a> has hyperlinks with other websites.Some of them are not edited,controlled,maintained or supervised by bodegas Cerd\u00e1.Bodegas Cerd\u00e1 is not being responsible for the content of this web site.<\/p>\n<p>These contents are the responsibility of the third parties and Bodegas Cerd\u00e1 doesn\u00b4t guarantee\u00a0 the contents that they have established hyperlinks to them.<\/p>\n<p>The function of the links are to inform the user about the existence of another information sources bout the internet,where you can enlarge the given data in this website.<\/p>\n<p>Bodegas Cerd\u00e1 is not responsible or the results obtained through these hyperlinks.<\/p>\n<p>The users who wish to connect through these hyperlinks must refrain from giving false, inaccurate or incorrect information.<\/p>\n<p>Bodegas Cerd\u00e1 does not authorise the hyperlink nor supervise, approve or assume any contents or services provided of the website to which the hyperlink connects.<\/p>\n<p>Hyperlinks to websites or webpages which include illicit contents or immoral information contrary to what is considered acceptable or affect the rights of third parties are not permitted.<\/p>\n<p>The hyperlinks which are established to the website from other webpages allows access to the website, but not reproduce its content nor allowing to make frames of itself.<\/p>\n<h3>Updates:<\/h3>\n<p>Bodegas Cerd\u00e1 does not guarantee the update nor the availability of the contents of its website but will ensure to provide as accurate a site as possible and will update\/amend all details at the earliest opportunity<\/p>\n<p>Despite the fact that Bodegas Cerd\u00e1 gives the user, through the website, a continuing service, this service could be interrupted by different circumstances. In this case Bodegas Cerd\u00e1 will try to inform its users in advance, when this is possible, not being responsible for the prejudices that it could have for the user with the interruption of the access service from the present website.<\/p>\n<p>Legal normative and applicable jurisdiction:<\/p>\n<p>The privacy policy and legal notice in this website, as well as the rest of its content, are in compliance with the law, specifically royal decree 15\/1999, 13 December of the protection of personal information, later to become LOPD the royal decree 994\/1999 of 11 June which approves the rules of security measures of the automatic files which contain personal information and royal decree 34\/2002, 11 July services of the information society and electric commerce (LSSI) it can be reviewed and\/or modified at any time in order to comply with any legislative modifications, in this case the new content will be applicable from the moment in which it is published in the website and will be accessible to the users of the site<\/p>\n<p>Use of the website, including access and navigation by the user, is free but all users must comply with the privacy policy and the legal notice of the website as well as all applicable Spanish legislation<\/p>\n<p>Any use considered controversial, conflicting or contrary to Spanish legislation by any person or persons may result in legal action being taken against the user by the legal courts in Alicante or in the respective country where the local laws have been infringed[\/vc_column_text][\/vc_column][\/vc_row]<\/p>\n<\/div>","protected":false},"excerpt":{"rendered":"<p>[vc_row css_animation=&#8221;&#8221; row_type=&#8221;row&#8221; use_row_as_full_screen_section=&#8221;no&#8221; type=&#8221;full_width&#8221; angled_section=&#8221;no&#8221; text_align=&#8221;left&#8221; background_image_as_pattern=&#8221;without_pattern&#8221;][vc_column][vc_column_text]General information from the headline of the website. To access the website located in the domain bodegascerda.com that is headline of the company [&hellip;]<\/p>\n","protected":false},"author":1,"featured_media":0,"parent":0,"menu_order":0,"comment_status":"closed","ping_status":"closed","template":"","meta":{"rs_blank_template":"","rs_page_bg_color":"","slide_template_v7":"","footnotes":""},"class_list":["post-9641","page","type-page","status-publish","hentry"],"yoast_head":"<!-- This site is optimized with the Yoast SEO plugin v27.5 - https:\/\/yoast.com\/product\/yoast-seo-wordpress\/ -->\n<title>Legal notice - Bodega de vino en Alicante, cerca de Elche, desde 1885 | Bodegas Cerd\u00e1<\/title>\n<meta name=\"robots\" content=\"index, follow, max-snippet:-1, max-image-preview:large, max-video-preview:-1\" \/>\n<link rel=\"canonical\" href=\"https:\/\/bodegascerda.com\/en\/legal-notice\/\" \/>\n<meta property=\"og:locale\" content=\"en_US\" \/>\n<meta property=\"og:type\" content=\"article\" \/>\n<meta property=\"og:title\" content=\"Legal notice - Bodega de vino en Alicante, cerca de Elche, desde 1885 | Bodegas Cerd\u00e1\" \/>\n<meta property=\"og:description\" content=\"[vc_row css_animation=&#8221;&#8221; row_type=&#8221;row&#8221; use_row_as_full_screen_section=&#8221;no&#8221; type=&#8221;full_width&#8221; angled_section=&#8221;no&#8221; text_align=&#8221;left&#8221; background_image_as_pattern=&#8221;without_pattern&#8221;][vc_column][vc_column_text]General information from the headline of the website. To access the website located in the domain bodegascerda.com that is headline of the company [&hellip;]\" \/>\n<meta property=\"og:url\" content=\"https:\/\/bodegascerda.com\/en\/legal-notice\/\" \/>\n<meta property=\"og:site_name\" content=\"Bodega de vino en Alicante, cerca de Elche, desde 1885 | Bodegas Cerd\u00e1\" \/>\n<meta property=\"article:publisher\" content=\"https:\/\/www.facebook.com\/bodegas.cerda.hondon\" \/>\n<meta property=\"article:modified_time\" content=\"2025-05-17T10:10:17+00:00\" \/>\n<meta name=\"twitter:card\" content=\"summary_large_image\" \/>\n<meta name=\"twitter:label1\" content=\"Est. reading time\" \/>\n\t<meta name=\"twitter:data1\" content=\"5 minutes\" \/>\n<script type=\"application\/ld+json\" class=\"yoast-schema-graph\">{\"@context\":\"https:\\\/\\\/schema.org\",\"@graph\":[{\"@type\":\"WebPage\",\"@id\":\"https:\\\/\\\/bodegascerda.com\\\/en\\\/legal-notice\\\/\",\"url\":\"https:\\\/\\\/bodegascerda.com\\\/en\\\/legal-notice\\\/\",\"name\":\"Legal notice - Bodega de vino en Alicante, cerca de Elche, desde 1885 | Bodegas Cerd\u00e1\",\"isPartOf\":{\"@id\":\"https:\\\/\\\/bodegascerda.com\\\/en\\\/#website\"},\"datePublished\":\"2025-04-03T14:55:35+00:00\",\"dateModified\":\"2025-05-17T10:10:17+00:00\",\"breadcrumb\":{\"@id\":\"https:\\\/\\\/bodegascerda.com\\\/en\\\/legal-notice\\\/#breadcrumb\"},\"inLanguage\":\"en-US\",\"potentialAction\":[{\"@type\":\"ReadAction\",\"target\":[\"https:\\\/\\\/bodegascerda.com\\\/en\\\/legal-notice\\\/\"]}]},{\"@type\":\"BreadcrumbList\",\"@id\":\"https:\\\/\\\/bodegascerda.com\\\/en\\\/legal-notice\\\/#breadcrumb\",\"itemListElement\":[{\"@type\":\"ListItem\",\"position\":1,\"name\":\"Portada\",\"item\":\"https:\\\/\\\/bodegascerda.com\\\/en\\\/\"},{\"@type\":\"ListItem\",\"position\":2,\"name\":\"Legal notice\"}]},{\"@type\":\"WebSite\",\"@id\":\"https:\\\/\\\/bodegascerda.com\\\/en\\\/#website\",\"url\":\"https:\\\/\\\/bodegascerda.com\\\/en\\\/\",\"name\":\"Bodegas Cerd\u00e1\",\"description\":\"\",\"publisher\":{\"@id\":\"https:\\\/\\\/bodegascerda.com\\\/en\\\/#organization\"},\"potentialAction\":[{\"@type\":\"SearchAction\",\"target\":{\"@type\":\"EntryPoint\",\"urlTemplate\":\"https:\\\/\\\/bodegascerda.com\\\/en\\\/?s={search_term_string}\"},\"query-input\":{\"@type\":\"PropertyValueSpecification\",\"valueRequired\":true,\"valueName\":\"search_term_string\"}}],\"inLanguage\":\"en-US\"},{\"@type\":[\"Organization\",\"Place\"],\"@id\":\"https:\\\/\\\/bodegascerda.com\\\/en\\\/#organization\",\"name\":\"Bodegas Cerd\u00e1 Cremades, S.L.\",\"url\":\"https:\\\/\\\/bodegascerda.com\\\/en\\\/\",\"logo\":{\"@id\":\"https:\\\/\\\/bodegascerda.com\\\/en\\\/legal-notice\\\/#local-main-organization-logo\"},\"image\":{\"@id\":\"https:\\\/\\\/bodegascerda.com\\\/en\\\/legal-notice\\\/#local-main-organization-logo\"},\"sameAs\":[\"https:\\\/\\\/www.facebook.com\\\/bodegas.cerda.hondon\",\"https:\\\/\\\/www.instagram.com\\\/bodegas.cerda\\\/\"],\"openingHoursSpecification\":[{\"@type\":\"OpeningHoursSpecification\",\"dayOfWeek\":[\"Monday\",\"Tuesday\",\"Wednesday\",\"Thursday\",\"Friday\",\"Saturday\",\"Sunday\"],\"opens\":\"09:00\",\"closes\":\"17:00\"}]},{\"@type\":\"ImageObject\",\"inLanguage\":\"en-US\",\"@id\":\"https:\\\/\\\/bodegascerda.com\\\/en\\\/legal-notice\\\/#local-main-organization-logo\",\"url\":\"https:\\\/\\\/bodegascerda.com\\\/wp-content\\\/uploads\\\/2025\\\/05\\\/logo-bodegas-cerda.png\",\"contentUrl\":\"https:\\\/\\\/bodegascerda.com\\\/wp-content\\\/uploads\\\/2025\\\/05\\\/logo-bodegas-cerda.png\",\"width\":192,\"height\":100,\"caption\":\"Bodegas Cerd\u00e1 Cremades, S.L.\"}]}<\/script>\n<!-- \/ Yoast SEO plugin. -->","yoast_head_json":{"title":"Legal notice - Bodega de vino en Alicante, cerca de Elche, desde 1885 | Bodegas Cerd\u00e1","robots":{"index":"index","follow":"follow","max-snippet":"max-snippet:-1","max-image-preview":"max-image-preview:large","max-video-preview":"max-video-preview:-1"},"canonical":"https:\/\/bodegascerda.com\/en\/legal-notice\/","og_locale":"en_US","og_type":"article","og_title":"Legal notice - Bodega de vino en Alicante, cerca de Elche, desde 1885 | Bodegas Cerd\u00e1","og_description":"[vc_row css_animation=&#8221;&#8221; row_type=&#8221;row&#8221; use_row_as_full_screen_section=&#8221;no&#8221; type=&#8221;full_width&#8221; angled_section=&#8221;no&#8221; text_align=&#8221;left&#8221; background_image_as_pattern=&#8221;without_pattern&#8221;][vc_column][vc_column_text]General information from the headline of the website. To access the website located in the domain bodegascerda.com that is headline of the company [&hellip;]","og_url":"https:\/\/bodegascerda.com\/en\/legal-notice\/","og_site_name":"Bodega de vino en Alicante, cerca de Elche, desde 1885 | Bodegas Cerd\u00e1","article_publisher":"https:\/\/www.facebook.com\/bodegas.cerda.hondon","article_modified_time":"2025-05-17T10:10:17+00:00","twitter_card":"summary_large_image","twitter_misc":{"Est. reading time":"5 minutes"},"schema":{"@context":"https:\/\/schema.org","@graph":[{"@type":"WebPage","@id":"https:\/\/bodegascerda.com\/en\/legal-notice\/","url":"https:\/\/bodegascerda.com\/en\/legal-notice\/","name":"Legal notice - Bodega de vino en Alicante, cerca de Elche, desde 1885 | Bodegas Cerd\u00e1","isPartOf":{"@id":"https:\/\/bodegascerda.com\/en\/#website"},"datePublished":"2025-04-03T14:55:35+00:00","dateModified":"2025-05-17T10:10:17+00:00","breadcrumb":{"@id":"https:\/\/bodegascerda.com\/en\/legal-notice\/#breadcrumb"},"inLanguage":"en-US","potentialAction":[{"@type":"ReadAction","target":["https:\/\/bodegascerda.com\/en\/legal-notice\/"]}]},{"@type":"BreadcrumbList","@id":"https:\/\/bodegascerda.com\/en\/legal-notice\/#breadcrumb","itemListElement":[{"@type":"ListItem","position":1,"name":"Portada","item":"https:\/\/bodegascerda.com\/en\/"},{"@type":"ListItem","position":2,"name":"Legal notice"}]},{"@type":"WebSite","@id":"https:\/\/bodegascerda.com\/en\/#website","url":"https:\/\/bodegascerda.com\/en\/","name":"Bodegas Cerd\u00e1","description":"","publisher":{"@id":"https:\/\/bodegascerda.com\/en\/#organization"},"potentialAction":[{"@type":"SearchAction","target":{"@type":"EntryPoint","urlTemplate":"https:\/\/bodegascerda.com\/en\/?s={search_term_string}"},"query-input":{"@type":"PropertyValueSpecification","valueRequired":true,"valueName":"search_term_string"}}],"inLanguage":"en-US"},{"@type":["Organization","Place"],"@id":"https:\/\/bodegascerda.com\/en\/#organization","name":"Bodegas Cerd\u00e1 Cremades, S.L.","url":"https:\/\/bodegascerda.com\/en\/","logo":{"@id":"https:\/\/bodegascerda.com\/en\/legal-notice\/#local-main-organization-logo"},"image":{"@id":"https:\/\/bodegascerda.com\/en\/legal-notice\/#local-main-organization-logo"},"sameAs":["https:\/\/www.facebook.com\/bodegas.cerda.hondon","https:\/\/www.instagram.com\/bodegas.cerda\/"],"openingHoursSpecification":[{"@type":"OpeningHoursSpecification","dayOfWeek":["Monday","Tuesday","Wednesday","Thursday","Friday","Saturday","Sunday"],"opens":"09:00","closes":"17:00"}]},{"@type":"ImageObject","inLanguage":"en-US","@id":"https:\/\/bodegascerda.com\/en\/legal-notice\/#local-main-organization-logo","url":"https:\/\/bodegascerda.com\/wp-content\/uploads\/2025\/05\/logo-bodegas-cerda.png","contentUrl":"https:\/\/bodegascerda.com\/wp-content\/uploads\/2025\/05\/logo-bodegas-cerda.png","width":192,"height":100,"caption":"Bodegas Cerd\u00e1 Cremades, S.L."}]}},"_links":{"self":[{"href":"https:\/\/bodegascerda.com\/en\/wp-json\/wp\/v2\/pages\/9641","targetHints":{"allow":["GET"]}}],"collection":[{"href":"https:\/\/bodegascerda.com\/en\/wp-json\/wp\/v2\/pages"}],"about":[{"href":"https:\/\/bodegascerda.com\/en\/wp-json\/wp\/v2\/types\/page"}],"author":[{"embeddable":true,"href":"https:\/\/bodegascerda.com\/en\/wp-json\/wp\/v2\/users\/1"}],"replies":[{"embeddable":true,"href":"https:\/\/bodegascerda.com\/en\/wp-json\/wp\/v2\/comments?post=9641"}],"version-history":[{"count":1,"href":"https:\/\/bodegascerda.com\/en\/wp-json\/wp\/v2\/pages\/9641\/revisions"}],"predecessor-version":[{"id":9896,"href":"https:\/\/bodegascerda.com\/en\/wp-json\/wp\/v2\/pages\/9641\/revisions\/9896"}],"wp:attachment":[{"href":"https:\/\/bodegascerda.com\/en\/wp-json\/wp\/v2\/media?parent=9641"}],"curies":[{"name":"wp","href":"https:\/\/api.w.org\/{rel}","templated":true}]}}