{"id":9288,"date":"2023-01-13T07:39:00","date_gmt":"2023-01-13T06:39:00","guid":{"rendered":"https:\/\/bodegascerda.com\/product\/blanc-cerda\/"},"modified":"2025-05-17T10:49:51","modified_gmt":"2025-05-17T08:49:51","slug":"blanc-cerda","status":"publish","type":"product","link":"https:\/\/bodegascerda.com\/de\/product\/blanc-cerda\/","title":{"rendered":"Blanc Cerd\u00e1"},"content":{"rendered":"","protected":false},"excerpt":{"rendered":"<p>*\u00a0<strong>Alkohol<\/strong>: 12% Vol.<br \/>\n*\u00a0<b>Traubensorte:\u00a0<\/b>Je 3% Chardonnay, Air\u00e9n und Macabeo Trauben.<br \/>\n*\u00a0<strong>Flascheng\u00e4hrung<\/strong>: Fermentation im amerikanischen Eichenfass f\u00fcr 30 Tage danach f\u00fcr 24 Monate in der Flasche.<br \/>\n*\u00a0<strong>Farbe:<\/strong>\u00a0Blassgelbe,brillante Farbe.<br \/>\n*\u00a0<strong>Aroma<\/strong>: Harmonisches Aroma mit fruchtigen Noten und Nuancen von feinem Geb\u00e4ck.<br \/>\n*\u00a0<strong>Am Gaumen:<\/strong> frisch mit feiner Perlage. Ausgewogene S\u00e4ure.<\/p>\n","protected":false},"featured_media":6891,"template":"","meta":{"rs_blank_template":"","rs_page_bg_color":"","slide_template_v7":""},"product_brand":[],"product_cat":[143],"product_tag":[139],"class_list":{"0":"post-9288","1":"product","2":"type-product","3":"status-publish","4":"has-post-thumbnail","6":"product_cat-sekt","7":"product_tag-de-2","9":"first","10":"instock","11":"taxable","12":"shipping-taxable","13":"purchasable","14":"product-type-simple"},"yoast_head":"<!-- This site is optimized with the Yoast SEO plugin v27.3 - https:\/\/yoast.com\/product\/yoast-seo-wordpress\/ -->\n<title>Blanc Cerd\u00e1 - Bodega de vino en Alicante, cerca de Elche, desde 1885 | Bodegas Cerd\u00e1<\/title>\n<meta name=\"robots\" content=\"index, follow, max-snippet:-1, max-image-preview:large, max-video-preview:-1\" \/>\n<link rel=\"canonical\" href=\"https:\/\/bodegascerda.com\/de\/product\/blanc-cerda\/\" \/>\n<meta property=\"og:locale\" content=\"de_DE\" \/>\n<meta property=\"og:type\" content=\"article\" \/>\n<meta property=\"og:title\" content=\"Blanc Cerd\u00e1 - Bodega de vino en Alicante, cerca de Elche, desde 1885 | Bodegas Cerd\u00e1\" \/>\n<meta property=\"og:description\" content=\"*\u00a0Alkohol: 12% Vol. *\u00a0Traubensorte:\u00a0Je 3% Chardonnay, Air\u00e9n und Macabeo Trauben. *\u00a0Flascheng\u00e4hrung: Fermentation im amerikanischen Eichenfass f\u00fcr 30 Tage danach f\u00fcr 24 Monate in der Flasche. *\u00a0Farbe:\u00a0Blassgelbe,brillante Farbe. *\u00a0Aroma: Harmonisches Aroma mit fruchtigen Noten und Nuancen von feinem Geb\u00e4ck. *\u00a0Am Gaumen: frisch mit feiner Perlage. Ausgewogene S\u00e4ure.\" \/>\n<meta property=\"og:url\" content=\"https:\/\/bodegascerda.com\/de\/product\/blanc-cerda\/\" \/>\n<meta property=\"og:site_name\" content=\"Bodega de vino en Alicante, cerca de Elche, desde 1885 | Bodegas Cerd\u00e1\" \/>\n<meta property=\"article:publisher\" content=\"https:\/\/www.facebook.com\/bodegas.cerda.hondon\" \/>\n<meta property=\"article:modified_time\" content=\"2025-05-17T08:49:51+00:00\" \/>\n<meta property=\"og:image\" content=\"https:\/\/bodegascerda.com\/wp-content\/uploads\/2025\/05\/blanc-cerda.jpg\" \/>\n\t<meta property=\"og:image:width\" content=\"800\" \/>\n\t<meta property=\"og:image:height\" content=\"800\" \/>\n\t<meta property=\"og:image:type\" content=\"image\/jpeg\" \/>\n<meta name=\"twitter:card\" content=\"summary_large_image\" \/>\n<meta name=\"twitter:label1\" content=\"Preis\" \/>\n\t<meta name=\"twitter:data1\" content=\"15,00&euro;\" \/>\n\t<meta name=\"twitter:label2\" content=\"Verf\u00fcgbarkeit\" \/>\n\t<meta name=\"twitter:data2\" content=\"Auf Lager\" \/>\n<script type=\"application\/ld+json\" class=\"yoast-schema-graph\">{\"@context\":\"https:\\\/\\\/schema.org\",\"@graph\":[{\"@type\":\"WebPage\",\"@id\":\"https:\\\/\\\/bodegascerda.com\\\/de\\\/product\\\/blanc-cerda\\\/\",\"url\":\"https:\\\/\\\/bodegascerda.com\\\/de\\\/product\\\/blanc-cerda\\\/\",\"name\":\"Blanc Cerd\u00e1 - Bodega de vino en Alicante, cerca de Elche, desde 1885 | Bodegas Cerd\u00e1\",\"isPartOf\":{\"@id\":\"https:\\\/\\\/bodegascerda.com\\\/de\\\/#website\"},\"primaryImageOfPage\":{\"@id\":\"https:\\\/\\\/bodegascerda.com\\\/de\\\/product\\\/blanc-cerda\\\/#primaryimage\"},\"image\":{\"@id\":\"https:\\\/\\\/bodegascerda.com\\\/de\\\/product\\\/blanc-cerda\\\/#primaryimage\"},\"thumbnailUrl\":\"https:\\\/\\\/bodegascerda.com\\\/wp-content\\\/uploads\\\/2025\\\/05\\\/blanc-cerda.jpg\",\"datePublished\":\"2023-01-13T06:39:00+00:00\",\"dateModified\":\"2025-05-17T08:49:51+00:00\",\"breadcrumb\":{\"@id\":\"https:\\\/\\\/bodegascerda.com\\\/de\\\/product\\\/blanc-cerda\\\/#breadcrumb\"},\"inLanguage\":\"de\",\"potentialAction\":[{\"@type\":\"ReadAction\",\"target\":[\"https:\\\/\\\/bodegascerda.com\\\/de\\\/product\\\/blanc-cerda\\\/\"]}]},{\"@type\":\"ImageObject\",\"inLanguage\":\"de\",\"@id\":\"https:\\\/\\\/bodegascerda.com\\\/de\\\/product\\\/blanc-cerda\\\/#primaryimage\",\"url\":\"https:\\\/\\\/bodegascerda.com\\\/wp-content\\\/uploads\\\/2025\\\/05\\\/blanc-cerda.jpg\",\"contentUrl\":\"https:\\\/\\\/bodegascerda.com\\\/wp-content\\\/uploads\\\/2025\\\/05\\\/blanc-cerda.jpg\",\"width\":800,\"height\":800,\"caption\":\"Vino Blanc Cerd\u00e1\"},{\"@type\":\"BreadcrumbList\",\"@id\":\"https:\\\/\\\/bodegascerda.com\\\/de\\\/product\\\/blanc-cerda\\\/#breadcrumb\",\"itemListElement\":[{\"@type\":\"ListItem\",\"position\":1,\"name\":\"Portada\",\"item\":\"https:\\\/\\\/bodegascerda.com\\\/de\\\/\"},{\"@type\":\"ListItem\",\"position\":2,\"name\":\"Shop\",\"item\":\"https:\\\/\\\/bodegascerda.com\\\/de\\\/shop\\\/\"},{\"@type\":\"ListItem\",\"position\":3,\"name\":\"Blanc Cerd\u00e1\"}]},{\"@type\":\"WebSite\",\"@id\":\"https:\\\/\\\/bodegascerda.com\\\/de\\\/#website\",\"url\":\"https:\\\/\\\/bodegascerda.com\\\/de\\\/\",\"name\":\"Bodegas Cerd\u00e1\",\"description\":\"\",\"publisher\":{\"@id\":\"https:\\\/\\\/bodegascerda.com\\\/de\\\/#organization\"},\"potentialAction\":[{\"@type\":\"SearchAction\",\"target\":{\"@type\":\"EntryPoint\",\"urlTemplate\":\"https:\\\/\\\/bodegascerda.com\\\/de\\\/?s={search_term_string}\"},\"query-input\":{\"@type\":\"PropertyValueSpecification\",\"valueRequired\":true,\"valueName\":\"search_term_string\"}}],\"inLanguage\":\"de\"},{\"@type\":[\"Organization\",\"Place\"],\"@id\":\"https:\\\/\\\/bodegascerda.com\\\/de\\\/#organization\",\"name\":\"Bodegas Cerd\u00e1 Cremades, S.L.\",\"url\":\"https:\\\/\\\/bodegascerda.com\\\/de\\\/\",\"logo\":{\"@id\":\"https:\\\/\\\/bodegascerda.com\\\/de\\\/product\\\/blanc-cerda\\\/#local-main-organization-logo\"},\"image\":{\"@id\":\"https:\\\/\\\/bodegascerda.com\\\/de\\\/product\\\/blanc-cerda\\\/#local-main-organization-logo\"},\"sameAs\":[\"https:\\\/\\\/www.facebook.com\\\/bodegas.cerda.hondon\",\"https:\\\/\\\/www.instagram.com\\\/bodegas.cerda\\\/\"],\"openingHoursSpecification\":[{\"@type\":\"OpeningHoursSpecification\",\"dayOfWeek\":[\"Monday\",\"Tuesday\",\"Wednesday\",\"Thursday\",\"Friday\",\"Saturday\",\"Sunday\"],\"opens\":\"09:00\",\"closes\":\"17:00\"}]},{\"@type\":\"ImageObject\",\"inLanguage\":\"de\",\"@id\":\"https:\\\/\\\/bodegascerda.com\\\/de\\\/product\\\/blanc-cerda\\\/#local-main-organization-logo\",\"url\":\"https:\\\/\\\/bodegascerda.com\\\/wp-content\\\/uploads\\\/2025\\\/05\\\/logo-bodegas-cerda.png\",\"contentUrl\":\"https:\\\/\\\/bodegascerda.com\\\/wp-content\\\/uploads\\\/2025\\\/05\\\/logo-bodegas-cerda.png\",\"width\":192,\"height\":100,\"caption\":\"Bodegas Cerd\u00e1 Cremades, S.L.\"}]}<\/script>\n<meta property=\"product:price:amount\" content=\"15.00\" \/>\n<meta property=\"product:price:currency\" content=\"EUR\" \/>\n<meta property=\"og:availability\" content=\"instock\" \/>\n<meta property=\"product:availability\" content=\"instock\" \/>\n<meta property=\"product:condition\" content=\"new\" \/>\n<!-- \/ Yoast SEO plugin. -->","yoast_head_json":{"title":"Blanc Cerd\u00e1 - Bodega de vino en Alicante, cerca de Elche, desde 1885 | Bodegas Cerd\u00e1","robots":{"index":"index","follow":"follow","max-snippet":"max-snippet:-1","max-image-preview":"max-image-preview:large","max-video-preview":"max-video-preview:-1"},"canonical":"https:\/\/bodegascerda.com\/de\/product\/blanc-cerda\/","og_locale":"de_DE","og_type":"article","og_title":"Blanc Cerd\u00e1 - Bodega de vino en Alicante, cerca de Elche, desde 1885 | Bodegas Cerd\u00e1","og_description":"*\u00a0Alkohol: 12% Vol. *\u00a0Traubensorte:\u00a0Je 3% Chardonnay, Air\u00e9n und Macabeo Trauben. *\u00a0Flascheng\u00e4hrung: Fermentation im amerikanischen Eichenfass f\u00fcr 30 Tage danach f\u00fcr 24 Monate in der Flasche. *\u00a0Farbe:\u00a0Blassgelbe,brillante Farbe. *\u00a0Aroma: Harmonisches Aroma mit fruchtigen Noten und Nuancen von feinem Geb\u00e4ck. *\u00a0Am Gaumen: frisch mit feiner Perlage. Ausgewogene S\u00e4ure.","og_url":"https:\/\/bodegascerda.com\/de\/product\/blanc-cerda\/","og_site_name":"Bodega de vino en Alicante, cerca de Elche, desde 1885 | Bodegas Cerd\u00e1","article_publisher":"https:\/\/www.facebook.com\/bodegas.cerda.hondon","article_modified_time":"2025-05-17T08:49:51+00:00","og_image":[{"width":800,"height":800,"url":"https:\/\/bodegascerda.com\/wp-content\/uploads\/2025\/05\/blanc-cerda.jpg","type":"image\/jpeg"}],"twitter_card":"summary_large_image","twitter_misc":{"Preis":"15,00&euro;","Verf\u00fcgbarkeit":"Auf Lager"},"schema":{"@context":"https:\/\/schema.org","@graph":[{"@type":"WebPage","@id":"https:\/\/bodegascerda.com\/de\/product\/blanc-cerda\/","url":"https:\/\/bodegascerda.com\/de\/product\/blanc-cerda\/","name":"Blanc Cerd\u00e1 - Bodega de vino en Alicante, cerca de Elche, desde 1885 | Bodegas Cerd\u00e1","isPartOf":{"@id":"https:\/\/bodegascerda.com\/de\/#website"},"primaryImageOfPage":{"@id":"https:\/\/bodegascerda.com\/de\/product\/blanc-cerda\/#primaryimage"},"image":{"@id":"https:\/\/bodegascerda.com\/de\/product\/blanc-cerda\/#primaryimage"},"thumbnailUrl":"https:\/\/bodegascerda.com\/wp-content\/uploads\/2025\/05\/blanc-cerda.jpg","datePublished":"2023-01-13T06:39:00+00:00","dateModified":"2025-05-17T08:49:51+00:00","breadcrumb":{"@id":"https:\/\/bodegascerda.com\/de\/product\/blanc-cerda\/#breadcrumb"},"inLanguage":"de","potentialAction":[{"@type":"ReadAction","target":["https:\/\/bodegascerda.com\/de\/product\/blanc-cerda\/"]}]},{"@type":"ImageObject","inLanguage":"de","@id":"https:\/\/bodegascerda.com\/de\/product\/blanc-cerda\/#primaryimage","url":"https:\/\/bodegascerda.com\/wp-content\/uploads\/2025\/05\/blanc-cerda.jpg","contentUrl":"https:\/\/bodegascerda.com\/wp-content\/uploads\/2025\/05\/blanc-cerda.jpg","width":800,"height":800,"caption":"Vino Blanc Cerd\u00e1"},{"@type":"BreadcrumbList","@id":"https:\/\/bodegascerda.com\/de\/product\/blanc-cerda\/#breadcrumb","itemListElement":[{"@type":"ListItem","position":1,"name":"Portada","item":"https:\/\/bodegascerda.com\/de\/"},{"@type":"ListItem","position":2,"name":"Shop","item":"https:\/\/bodegascerda.com\/de\/shop\/"},{"@type":"ListItem","position":3,"name":"Blanc Cerd\u00e1"}]},{"@type":"WebSite","@id":"https:\/\/bodegascerda.com\/de\/#website","url":"https:\/\/bodegascerda.com\/de\/","name":"Bodegas Cerd\u00e1","description":"","publisher":{"@id":"https:\/\/bodegascerda.com\/de\/#organization"},"potentialAction":[{"@type":"SearchAction","target":{"@type":"EntryPoint","urlTemplate":"https:\/\/bodegascerda.com\/de\/?s={search_term_string}"},"query-input":{"@type":"PropertyValueSpecification","valueRequired":true,"valueName":"search_term_string"}}],"inLanguage":"de"},{"@type":["Organization","Place"],"@id":"https:\/\/bodegascerda.com\/de\/#organization","name":"Bodegas Cerd\u00e1 Cremades, S.L.","url":"https:\/\/bodegascerda.com\/de\/","logo":{"@id":"https:\/\/bodegascerda.com\/de\/product\/blanc-cerda\/#local-main-organization-logo"},"image":{"@id":"https:\/\/bodegascerda.com\/de\/product\/blanc-cerda\/#local-main-organization-logo"},"sameAs":["https:\/\/www.facebook.com\/bodegas.cerda.hondon","https:\/\/www.instagram.com\/bodegas.cerda\/"],"openingHoursSpecification":[{"@type":"OpeningHoursSpecification","dayOfWeek":["Monday","Tuesday","Wednesday","Thursday","Friday","Saturday","Sunday"],"opens":"09:00","closes":"17:00"}]},{"@type":"ImageObject","inLanguage":"de","@id":"https:\/\/bodegascerda.com\/de\/product\/blanc-cerda\/#local-main-organization-logo","url":"https:\/\/bodegascerda.com\/wp-content\/uploads\/2025\/05\/logo-bodegas-cerda.png","contentUrl":"https:\/\/bodegascerda.com\/wp-content\/uploads\/2025\/05\/logo-bodegas-cerda.png","width":192,"height":100,"caption":"Bodegas Cerd\u00e1 Cremades, S.L."}]},"product_price_amount":"15.00","product_price_currency":"EUR","og_availability":"instock","product_availability":"instock","product_condition":"new"},"_links":{"self":[{"href":"https:\/\/bodegascerda.com\/de\/wp-json\/wp\/v2\/product\/9288","targetHints":{"allow":["GET"]}}],"collection":[{"href":"https:\/\/bodegascerda.com\/de\/wp-json\/wp\/v2\/product"}],"about":[{"href":"https:\/\/bodegascerda.com\/de\/wp-json\/wp\/v2\/types\/product"}],"wp:featuredmedia":[{"embeddable":true,"href":"https:\/\/bodegascerda.com\/de\/wp-json\/wp\/v2\/media\/6891"}],"wp:attachment":[{"href":"https:\/\/bodegascerda.com\/de\/wp-json\/wp\/v2\/media?parent=9288"}],"wp:term":[{"taxonomy":"product_brand","embeddable":true,"href":"https:\/\/bodegascerda.com\/de\/wp-json\/wp\/v2\/product_brand?post=9288"},{"taxonomy":"product_cat","embeddable":true,"href":"https:\/\/bodegascerda.com\/de\/wp-json\/wp\/v2\/product_cat?post=9288"},{"taxonomy":"product_tag","embeddable":true,"href":"https:\/\/bodegascerda.com\/de\/wp-json\/wp\/v2\/product_tag?post=9288"}],"curies":[{"name":"wp","href":"https:\/\/api.w.org\/{rel}","templated":true}]}}