{"id":9242,"date":"2018-12-15T09:40:30","date_gmt":"2018-12-15T08:40:30","guid":{"rendered":"https:\/\/bodegascerda.com\/product\/pedro-ximenez\/"},"modified":"2026-02-23T10:04:28","modified_gmt":"2026-02-23T09:04:28","slug":"pedro-ximenez","status":"publish","type":"product","link":"https:\/\/bodegascerda.com\/de\/product\/pedro-ximenez\/","title":{"rendered":"Pedro Xim\u00e9nez"},"content":{"rendered":"","protected":false},"excerpt":{"rendered":"<p><b>* Alkohol:<\/b>\u00a015% <\/p>\n<p><b>* Traubensorte:\u00a0<\/b>100% Pedro Xim\u00e9nez Trauben <\/p>\n<p><b>* Beschreibung:<\/b><\/p>\n<p>Pedro Xim\u00e9nez: <\/p>\n<p>Der Most. Das ist ein Prozess wobei die Trauben in der Sonne bleiben,danach werden Sie im americanischen und frans\u00f6zichen alten F\u00e4ssern f\u00fcr f\u00fcnf Jahre gereift. Nat\u00fcrlich,s\u00fcsser Wein. Dunkle,rubinrote Farbe. Volles Aroma( Dattel,Rosine, Bergamotte). Weiches Aroma erinnert an Eiche. Duftig und luxuri\u00f6s.<\/p>\n","protected":false},"featured_media":6867,"template":"","meta":{"rs_blank_template":"","rs_page_bg_color":"","slide_template_v7":""},"product_brand":[],"product_cat":[138],"product_tag":[139],"class_list":{"0":"post-9242","1":"product","2":"type-product","3":"status-publish","4":"has-post-thumbnail","6":"product_cat-rot-wein","7":"product_tag-de-2","9":"first","10":"instock","11":"taxable","12":"shipping-taxable","13":"purchasable","14":"product-type-simple"},"yoast_head":"<!-- This site is optimized with the Yoast SEO plugin v27.3 - https:\/\/yoast.com\/product\/yoast-seo-wordpress\/ -->\n<title>Pedro Xim\u00e9nez - Bodega de vino en Alicante, cerca de Elche, desde 1885 | Bodegas Cerd\u00e1<\/title>\n<meta name=\"robots\" content=\"index, follow, max-snippet:-1, max-image-preview:large, max-video-preview:-1\" \/>\n<link rel=\"canonical\" href=\"https:\/\/bodegascerda.com\/de\/product\/pedro-ximenez\/\" \/>\n<meta property=\"og:locale\" content=\"de_DE\" \/>\n<meta property=\"og:type\" content=\"article\" \/>\n<meta property=\"og:title\" content=\"Pedro Xim\u00e9nez - Bodega de vino en Alicante, cerca de Elche, desde 1885 | Bodegas Cerd\u00e1\" \/>\n<meta property=\"og:description\" content=\"* Alkohol:\u00a015%  * Traubensorte:\u00a0100% Pedro Xim\u00e9nez Trauben  * Beschreibung: Pedro Xim\u00e9nez:  Der Most. Das ist ein Prozess wobei die Trauben in der Sonne bleiben,danach werden Sie im americanischen und frans\u00f6zichen alten F\u00e4ssern f\u00fcr f\u00fcnf Jahre gereift. Nat\u00fcrlich,s\u00fcsser Wein. Dunkle,rubinrote Farbe. Volles Aroma( Dattel,Rosine, Bergamotte). Weiches Aroma erinnert an Eiche. Duftig und luxuri\u00f6s.\" \/>\n<meta property=\"og:url\" content=\"https:\/\/bodegascerda.com\/de\/product\/pedro-ximenez\/\" \/>\n<meta property=\"og:site_name\" content=\"Bodega de vino en Alicante, cerca de Elche, desde 1885 | Bodegas Cerd\u00e1\" \/>\n<meta property=\"article:publisher\" content=\"https:\/\/www.facebook.com\/bodegas.cerda.hondon\" \/>\n<meta property=\"article:modified_time\" content=\"2026-02-23T09:04:28+00:00\" \/>\n<meta property=\"og:image\" content=\"https:\/\/bodegascerda.com\/wp-content\/uploads\/2025\/05\/pedroXimenez.jpg\" \/>\n\t<meta property=\"og:image:width\" content=\"800\" \/>\n\t<meta property=\"og:image:height\" content=\"800\" \/>\n\t<meta property=\"og:image:type\" content=\"image\/jpeg\" \/>\n<meta name=\"twitter:card\" content=\"summary_large_image\" \/>\n<meta name=\"twitter:label1\" content=\"Preis\" \/>\n\t<meta name=\"twitter:data1\" content=\"18,00&euro;\" \/>\n\t<meta name=\"twitter:label2\" content=\"Verf\u00fcgbarkeit\" \/>\n\t<meta name=\"twitter:data2\" content=\"Auf Lager\" \/>\n<script type=\"application\/ld+json\" class=\"yoast-schema-graph\">{\"@context\":\"https:\\\/\\\/schema.org\",\"@graph\":[{\"@type\":\"WebPage\",\"@id\":\"https:\\\/\\\/bodegascerda.com\\\/de\\\/product\\\/pedro-ximenez\\\/\",\"url\":\"https:\\\/\\\/bodegascerda.com\\\/de\\\/product\\\/pedro-ximenez\\\/\",\"name\":\"Pedro Xim\u00e9nez - Bodega de vino en Alicante, cerca de Elche, desde 1885 | Bodegas Cerd\u00e1\",\"isPartOf\":{\"@id\":\"https:\\\/\\\/bodegascerda.com\\\/de\\\/#website\"},\"primaryImageOfPage\":{\"@id\":\"https:\\\/\\\/bodegascerda.com\\\/de\\\/product\\\/pedro-ximenez\\\/#primaryimage\"},\"image\":{\"@id\":\"https:\\\/\\\/bodegascerda.com\\\/de\\\/product\\\/pedro-ximenez\\\/#primaryimage\"},\"thumbnailUrl\":\"https:\\\/\\\/bodegascerda.com\\\/wp-content\\\/uploads\\\/2025\\\/05\\\/pedroXimenez.jpg\",\"datePublished\":\"2018-12-15T08:40:30+00:00\",\"dateModified\":\"2026-02-23T09:04:28+00:00\",\"breadcrumb\":{\"@id\":\"https:\\\/\\\/bodegascerda.com\\\/de\\\/product\\\/pedro-ximenez\\\/#breadcrumb\"},\"inLanguage\":\"de\",\"potentialAction\":[{\"@type\":\"ReadAction\",\"target\":[\"https:\\\/\\\/bodegascerda.com\\\/de\\\/product\\\/pedro-ximenez\\\/\"]}]},{\"@type\":\"ImageObject\",\"inLanguage\":\"de\",\"@id\":\"https:\\\/\\\/bodegascerda.com\\\/de\\\/product\\\/pedro-ximenez\\\/#primaryimage\",\"url\":\"https:\\\/\\\/bodegascerda.com\\\/wp-content\\\/uploads\\\/2025\\\/05\\\/pedroXimenez.jpg\",\"contentUrl\":\"https:\\\/\\\/bodegascerda.com\\\/wp-content\\\/uploads\\\/2025\\\/05\\\/pedroXimenez.jpg\",\"width\":800,\"height\":800,\"caption\":\"comprar vino pedro xim\u00e9nez\"},{\"@type\":\"BreadcrumbList\",\"@id\":\"https:\\\/\\\/bodegascerda.com\\\/de\\\/product\\\/pedro-ximenez\\\/#breadcrumb\",\"itemListElement\":[{\"@type\":\"ListItem\",\"position\":1,\"name\":\"Portada\",\"item\":\"https:\\\/\\\/bodegascerda.com\\\/de\\\/\"},{\"@type\":\"ListItem\",\"position\":2,\"name\":\"Shop\",\"item\":\"https:\\\/\\\/bodegascerda.com\\\/de\\\/shop\\\/\"},{\"@type\":\"ListItem\",\"position\":3,\"name\":\"Pedro Xim\u00e9nez\"}]},{\"@type\":\"WebSite\",\"@id\":\"https:\\\/\\\/bodegascerda.com\\\/de\\\/#website\",\"url\":\"https:\\\/\\\/bodegascerda.com\\\/de\\\/\",\"name\":\"Bodegas Cerd\u00e1\",\"description\":\"\",\"publisher\":{\"@id\":\"https:\\\/\\\/bodegascerda.com\\\/de\\\/#organization\"},\"potentialAction\":[{\"@type\":\"SearchAction\",\"target\":{\"@type\":\"EntryPoint\",\"urlTemplate\":\"https:\\\/\\\/bodegascerda.com\\\/de\\\/?s={search_term_string}\"},\"query-input\":{\"@type\":\"PropertyValueSpecification\",\"valueRequired\":true,\"valueName\":\"search_term_string\"}}],\"inLanguage\":\"de\"},{\"@type\":[\"Organization\",\"Place\"],\"@id\":\"https:\\\/\\\/bodegascerda.com\\\/de\\\/#organization\",\"name\":\"Bodegas Cerd\u00e1 Cremades, S.L.\",\"url\":\"https:\\\/\\\/bodegascerda.com\\\/de\\\/\",\"logo\":{\"@id\":\"https:\\\/\\\/bodegascerda.com\\\/de\\\/product\\\/pedro-ximenez\\\/#local-main-organization-logo\"},\"image\":{\"@id\":\"https:\\\/\\\/bodegascerda.com\\\/de\\\/product\\\/pedro-ximenez\\\/#local-main-organization-logo\"},\"sameAs\":[\"https:\\\/\\\/www.facebook.com\\\/bodegas.cerda.hondon\",\"https:\\\/\\\/www.instagram.com\\\/bodegas.cerda\\\/\"],\"openingHoursSpecification\":[{\"@type\":\"OpeningHoursSpecification\",\"dayOfWeek\":[\"Monday\",\"Tuesday\",\"Wednesday\",\"Thursday\",\"Friday\",\"Saturday\",\"Sunday\"],\"opens\":\"09:00\",\"closes\":\"17:00\"}]},{\"@type\":\"ImageObject\",\"inLanguage\":\"de\",\"@id\":\"https:\\\/\\\/bodegascerda.com\\\/de\\\/product\\\/pedro-ximenez\\\/#local-main-organization-logo\",\"url\":\"https:\\\/\\\/bodegascerda.com\\\/wp-content\\\/uploads\\\/2025\\\/05\\\/logo-bodegas-cerda.png\",\"contentUrl\":\"https:\\\/\\\/bodegascerda.com\\\/wp-content\\\/uploads\\\/2025\\\/05\\\/logo-bodegas-cerda.png\",\"width\":192,\"height\":100,\"caption\":\"Bodegas Cerd\u00e1 Cremades, S.L.\"}]}<\/script>\n<meta property=\"product:price:amount\" content=\"18.00\" \/>\n<meta property=\"product:price:currency\" content=\"EUR\" \/>\n<meta property=\"og:availability\" content=\"instock\" \/>\n<meta property=\"product:availability\" content=\"instock\" \/>\n<meta property=\"product:condition\" content=\"new\" \/>\n<!-- \/ Yoast SEO plugin. -->","yoast_head_json":{"title":"Pedro Xim\u00e9nez - Bodega de vino en Alicante, cerca de Elche, desde 1885 | Bodegas Cerd\u00e1","robots":{"index":"index","follow":"follow","max-snippet":"max-snippet:-1","max-image-preview":"max-image-preview:large","max-video-preview":"max-video-preview:-1"},"canonical":"https:\/\/bodegascerda.com\/de\/product\/pedro-ximenez\/","og_locale":"de_DE","og_type":"article","og_title":"Pedro Xim\u00e9nez - Bodega de vino en Alicante, cerca de Elche, desde 1885 | Bodegas Cerd\u00e1","og_description":"* Alkohol:\u00a015%  * Traubensorte:\u00a0100% Pedro Xim\u00e9nez Trauben  * Beschreibung: Pedro Xim\u00e9nez:  Der Most. Das ist ein Prozess wobei die Trauben in der Sonne bleiben,danach werden Sie im americanischen und frans\u00f6zichen alten F\u00e4ssern f\u00fcr f\u00fcnf Jahre gereift. Nat\u00fcrlich,s\u00fcsser Wein. Dunkle,rubinrote Farbe. Volles Aroma( Dattel,Rosine, Bergamotte). Weiches Aroma erinnert an Eiche. Duftig und luxuri\u00f6s.","og_url":"https:\/\/bodegascerda.com\/de\/product\/pedro-ximenez\/","og_site_name":"Bodega de vino en Alicante, cerca de Elche, desde 1885 | Bodegas Cerd\u00e1","article_publisher":"https:\/\/www.facebook.com\/bodegas.cerda.hondon","article_modified_time":"2026-02-23T09:04:28+00:00","og_image":[{"width":800,"height":800,"url":"https:\/\/bodegascerda.com\/wp-content\/uploads\/2025\/05\/pedroXimenez.jpg","type":"image\/jpeg"}],"twitter_card":"summary_large_image","twitter_misc":{"Preis":"18,00&euro;","Verf\u00fcgbarkeit":"Auf Lager"},"schema":{"@context":"https:\/\/schema.org","@graph":[{"@type":"WebPage","@id":"https:\/\/bodegascerda.com\/de\/product\/pedro-ximenez\/","url":"https:\/\/bodegascerda.com\/de\/product\/pedro-ximenez\/","name":"Pedro Xim\u00e9nez - Bodega de vino en Alicante, cerca de Elche, desde 1885 | Bodegas Cerd\u00e1","isPartOf":{"@id":"https:\/\/bodegascerda.com\/de\/#website"},"primaryImageOfPage":{"@id":"https:\/\/bodegascerda.com\/de\/product\/pedro-ximenez\/#primaryimage"},"image":{"@id":"https:\/\/bodegascerda.com\/de\/product\/pedro-ximenez\/#primaryimage"},"thumbnailUrl":"https:\/\/bodegascerda.com\/wp-content\/uploads\/2025\/05\/pedroXimenez.jpg","datePublished":"2018-12-15T08:40:30+00:00","dateModified":"2026-02-23T09:04:28+00:00","breadcrumb":{"@id":"https:\/\/bodegascerda.com\/de\/product\/pedro-ximenez\/#breadcrumb"},"inLanguage":"de","potentialAction":[{"@type":"ReadAction","target":["https:\/\/bodegascerda.com\/de\/product\/pedro-ximenez\/"]}]},{"@type":"ImageObject","inLanguage":"de","@id":"https:\/\/bodegascerda.com\/de\/product\/pedro-ximenez\/#primaryimage","url":"https:\/\/bodegascerda.com\/wp-content\/uploads\/2025\/05\/pedroXimenez.jpg","contentUrl":"https:\/\/bodegascerda.com\/wp-content\/uploads\/2025\/05\/pedroXimenez.jpg","width":800,"height":800,"caption":"comprar vino pedro xim\u00e9nez"},{"@type":"BreadcrumbList","@id":"https:\/\/bodegascerda.com\/de\/product\/pedro-ximenez\/#breadcrumb","itemListElement":[{"@type":"ListItem","position":1,"name":"Portada","item":"https:\/\/bodegascerda.com\/de\/"},{"@type":"ListItem","position":2,"name":"Shop","item":"https:\/\/bodegascerda.com\/de\/shop\/"},{"@type":"ListItem","position":3,"name":"Pedro Xim\u00e9nez"}]},{"@type":"WebSite","@id":"https:\/\/bodegascerda.com\/de\/#website","url":"https:\/\/bodegascerda.com\/de\/","name":"Bodegas Cerd\u00e1","description":"","publisher":{"@id":"https:\/\/bodegascerda.com\/de\/#organization"},"potentialAction":[{"@type":"SearchAction","target":{"@type":"EntryPoint","urlTemplate":"https:\/\/bodegascerda.com\/de\/?s={search_term_string}"},"query-input":{"@type":"PropertyValueSpecification","valueRequired":true,"valueName":"search_term_string"}}],"inLanguage":"de"},{"@type":["Organization","Place"],"@id":"https:\/\/bodegascerda.com\/de\/#organization","name":"Bodegas Cerd\u00e1 Cremades, S.L.","url":"https:\/\/bodegascerda.com\/de\/","logo":{"@id":"https:\/\/bodegascerda.com\/de\/product\/pedro-ximenez\/#local-main-organization-logo"},"image":{"@id":"https:\/\/bodegascerda.com\/de\/product\/pedro-ximenez\/#local-main-organization-logo"},"sameAs":["https:\/\/www.facebook.com\/bodegas.cerda.hondon","https:\/\/www.instagram.com\/bodegas.cerda\/"],"openingHoursSpecification":[{"@type":"OpeningHoursSpecification","dayOfWeek":["Monday","Tuesday","Wednesday","Thursday","Friday","Saturday","Sunday"],"opens":"09:00","closes":"17:00"}]},{"@type":"ImageObject","inLanguage":"de","@id":"https:\/\/bodegascerda.com\/de\/product\/pedro-ximenez\/#local-main-organization-logo","url":"https:\/\/bodegascerda.com\/wp-content\/uploads\/2025\/05\/logo-bodegas-cerda.png","contentUrl":"https:\/\/bodegascerda.com\/wp-content\/uploads\/2025\/05\/logo-bodegas-cerda.png","width":192,"height":100,"caption":"Bodegas Cerd\u00e1 Cremades, S.L."}]},"product_price_amount":"18.00","product_price_currency":"EUR","og_availability":"instock","product_availability":"instock","product_condition":"new"},"_links":{"self":[{"href":"https:\/\/bodegascerda.com\/de\/wp-json\/wp\/v2\/product\/9242","targetHints":{"allow":["GET"]}}],"collection":[{"href":"https:\/\/bodegascerda.com\/de\/wp-json\/wp\/v2\/product"}],"about":[{"href":"https:\/\/bodegascerda.com\/de\/wp-json\/wp\/v2\/types\/product"}],"wp:featuredmedia":[{"embeddable":true,"href":"https:\/\/bodegascerda.com\/de\/wp-json\/wp\/v2\/media\/6867"}],"wp:attachment":[{"href":"https:\/\/bodegascerda.com\/de\/wp-json\/wp\/v2\/media?parent=9242"}],"wp:term":[{"taxonomy":"product_brand","embeddable":true,"href":"https:\/\/bodegascerda.com\/de\/wp-json\/wp\/v2\/product_brand?post=9242"},{"taxonomy":"product_cat","embeddable":true,"href":"https:\/\/bodegascerda.com\/de\/wp-json\/wp\/v2\/product_cat?post=9242"},{"taxonomy":"product_tag","embeddable":true,"href":"https:\/\/bodegascerda.com\/de\/wp-json\/wp\/v2\/product_tag?post=9242"}],"curies":[{"name":"wp","href":"https:\/\/api.w.org\/{rel}","templated":true}]}}