{"id":9889,"date":"2018-08-18T11:20:58","date_gmt":"2018-08-18T09:20:58","guid":{"rendered":"https:\/\/bodegascerda.com\/rechtliche-hinweise\/"},"modified":"2018-08-18T11:20:58","modified_gmt":"2018-08-18T09:20:58","slug":"rechtliche-hinweise","status":"publish","type":"page","link":"https:\/\/bodegascerda.com\/de\/rechtliche-hinweise\/","title":{"rendered":"Rechtliche Hinweise"},"content":{"rendered":"<div class=\"wpb-content-wrapper\"><p>[vc_row css_animation=&#8220;&#8220; row_type=&#8220;row&#8220; use_row_as_full_screen_section=&#8220;no&#8220; type=&#8220;full_width&#8220; angled_section=&#8220;no&#8220; text_align=&#8220;left&#8220; background_image_as_pattern=&#8220;without_pattern&#8220;][vc_column][vc_column_text]Allgemeine Informationen des Inhabers der Webseite durch den Zugriff auf die Webseite oder einer Unterseite der &lt;a href=&#8220;http:\/\/bodegascerda.com&#8220;&gt;bodegascerda.com&lt;\/a&gt; (nachstehend\u00a0 Webseite genannt),die sich im Besitz der Firma Bodegas Cerd\u00e1 befindet, mit der CIF B 54326590 und Sitz in C) San Jos\u00e9 03688 Hond\u00f3n\u00a0 de las Nieves ,Alicante (nachstehend Bodegas Cerd\u00e1 gennant),erkl\u00e4rt der Benutzer ausdr\u00fccklich, dass er die \u201cDatenschutzbestimmungen\u201d und die \u201crechlichen Hinweise\u201d dieser Webseite gelesen,verstanden und akzeptiert hat.<\/p>\n<p>Falls Sie mit den in den Datenschutzbestimmungen\u201d und den \u201crechtlichen Hinweisen\u201d beschriebenen Bedingungen nicht einverstanden sind,d\u00fcrfen Sie die Webseite nicht benutzen.<\/p>\n<h3>Produkte und Service ( Dienstleistungen).<\/h3>\n<p>Bodegas Cerd\u00e1 stellt mit ihrer Webseite kostenlose Informationen zu den von Ihr angebotenen Produkte und Dienstleistungen zu Verf\u00fcgung.<\/p>\n<p>Die Webseite bietet keine M\u00f6glichkeit zum Kauf oder einer Inanspruchnahme des Services.<\/p>\n<p>Die Produkinformationen haben nur informativen Charakter und sind f\u00fcr Bodegas Cerd\u00e1 nicht bindend.<\/p>\n<h3>Geistiges und gewerbliches Eigentum:<\/h3>\n<p>Auf ihrer Webseite stellt Bodegas Cerd\u00e1 ihrern Nutzern Produkte und Dienstleistungen zur Verf\u00fcgung.<\/p>\n<p>Alle Designs,Marken,Namen,Bilder,Logos,Grafiken,Icons,Anwendungen und sonstige Inhalte der Webseite sind Eigentum von Bodegas Cerd\u00e1.<\/p>\n<p>Bodegas Cerd\u00e1 besitzt eine Lizens wodurch bei Verwendung der Schutz der Webseite gew\u00e4hrt und der Inhalt als deren gewerbliches und geistiges Eigentum betrachtet wird.<\/p>\n<p>In keinem Fall bedeutet der Zugriff auf die Webseite dass Bodegas Cerd\u00e1 die Rechte and Benutzer \u00fcbertr\u00e4gt.<\/p>\n<p>Benutzer der Webseite k\u00f6nnen deren Inhalt lediglich privat nutzen.<\/p>\n<p>Keinesfalls darf sie kommerziell genutzt,ver\u00e4ndert und \u00fcber den privaten Gebrauch hinaus reproduziert,verbreitet oder \u00f6ffentlich bekannt gemacht werden.<\/p>\n<p>Jede Kopie oder unbefugte Verwendung des Designs\u00a0 oder Inhalts,die von der von Bodegas Cerd\u00e1,als inhaber der Rechte an geistigem Eigetum,ausdr\u00fcchlich genehmigten abweicht,hat Auswirkungen auf die Rechte es Inhabers gem\u00e4ss den internationals Vertr\u00e4gen und den geltenden und aktuellen Bestimmungen in Spanien.<\/p>\n<p>Die Verwendung der Inhalte der Webseite zu anderen Zwecken oder auf andere Weise,als durch Bodegas Cerd\u00e1 in hren \u201cRechtlichen Hinweisen\u201d gestattet, ist streng untersagt.<\/p>\n<p>F\u00fcr den Fall,dass die Nutzer der Webseite Marken,Namen,logos oder andere auf der Bodegas Cerd\u00e1 Webseite verf\u00fcgbare Erkennungs-zeichen verwenden m\u00f6chten,K\u00f6nnen erforderliche\u00a0 Genehmigungen bei uns angefordert werden.<\/p>\n<p>Zugriff auf die Webseite.<\/p>\n<h3>Der Zugang zu unserer Webseite ist kostenlos.<\/h3>\n<p>Bodegas Cerd\u00e1 bietet den Nutzern der Webseite jedoch die M\u00f6glichkeit,sich per e mail an Bodegas Cerd\u00e1 zu wenden,um weitere Informationen zu den vom Unternehmen angebotenen Dienstleistungen zu erhalten.<\/p>\n<p>Der Nutzer der freiwillig mit Bodegas Cerd\u00e1 kommuniziert,stell seine pers\u00f6nliche Daten zur verf\u00fcgung,die er f\u00fcr Bodegas Cerd\u00e1 als angemessen erachtet und erm\u00e4chtigt Bodegas Cerd\u00e1 ausdr\u00fcchlich diese Daten zu verwenden um Produkte und Dienstleistungen kommerziell anzubieten,sofern keine ausdr\u00fcchliche Ablehnung des Erhalts solcher\u00a0 Angebote besteht.<\/p>\n<p>Die Daten,die der Nutzer der Webseite Bodegas Cerd\u00e1 per e mail \u00fcbermittelt,werden wie in der Datenschutzrichtlinie sowie gem\u00e4ss der geltenden Gesetze zum Schutz personenbezogener Daten beschrieben,behandelt.<\/p>\n<p>Die e-mail Verbindung zwishen Kunden und Bodegas Cerd\u00e1 ist nicht speziell abgesichert,daher sollten keine sensiblen pers\u00f6nlichen Daten \u00fcbermittelt werden. Artikel 7 der LOPD.<\/p>\n<p>Alle vom Nutzer der Webseite zur Verf\u00fcgung gestellten Daten m\u00fcssen der Wahrheit entsprechend und sollten stets auf den neusten stand gebracht werden.<\/p>\n<p>Ferner ist er verantwortlich f\u00fcr Sch\u00e4den,die durch unkorrekte oder falsche Angaben Bodegas Cerd\u00e1 oder Dritten entstehen.<\/p>\n<h3>Hyperlinks:<\/h3>\n<p>Die Webseite &lt;a href=&#8220;http:\/\/www.bodegascerda.com&#8220;&gt;www.bodegascerda.com&lt;\/a&gt; enth\u00e4lt Hyperlinks zu anderen Webseiten, die nicht von Bodegas Cerd\u00e1 bearbeitet,kontrolliert,unterhalten oder \u00fcberwacht werden.<\/p>\n<p>F\u00fcr den Inhalt dieser Webseiten kann deshalb Bodegas Cerd\u00e1 nicht verantwortlich gemacht werden.<\/p>\n<p>F\u00fcr deren Inhalt sind ausschliesslich deren Betreiber verantwortlich. Bodegas Cerd\u00e1 \u00fcbernimmt keine Verantwortung.<\/p>\n<p>Ferner \u00fcbernimmt Bodegas Cerd\u00e1 keine Garantie f\u00fcr Links auf ihrer Webseite.Diese dienen lediglich dazu,\u00fcber das Vorhandensein weiterer Informationsquelle zu informieren.<\/p>\n<p>Bodegas Cerd\u00e1 ist f\u00fcr das durch Hyperlinks erzielte Ergebnis nicht verantworlich.<\/p>\n<p>Die Nutzer unserer Webseite,welche Hyperlinks darauf einrichten wollen, sollten falsche,unexakte und unkorrekte Aussagen \u00fcber die Webseite oder deren Inhalt vermeiden.<\/p>\n<p>Bodegas Cerd\u00e1 erkl\u00e4rt,dass sie in keinem Fall\u00a0 diese Hyperlinks autorisiert oder deren Inhalte und Dienste auf irgendeine Weise \u00fcberwacht oder genehmigt .<\/p>\n<p>Die Einrichtung des Hyperlinks impliziert in keinen Fall das Bestehen einer Beziehung zwischen Bodegas Cerd\u00e1 und dem Inhaber der Webseite auf der er erstellt wurde.<\/p>\n<p>Hyperlinks werden nicht auf Webseiten eingerichtet,die rechtswidrige, unmoralische oder gegen die Rechte Dritter verstossende Informationen oder Inhalte enthalten.<\/p>\n<p>Hyperlinks,die von anderen Webseiten erstellt werden erm\u00f6glichen den Zugang zu unserer Webseite, werden jedoch in keiner Weise reproduziert oder zur Erstellung von \u201cFrames \u201c verwendet.<\/p>\n<h3>Aktualisierungen:<\/h3>\n<p>Bodegas Cerd\u00e1 \u00fcbernimmt keine Gew\u00e4hr f\u00fcr die st\u00e4ndige vollst\u00e4ndige Aktualisierung und Genauigkeit und Verf\u00fcgbarkeit der Inhalte der Webseite.<\/p>\n<p>Obwohl sie den Nutzer ihrer Webseite einen fortlaufenden Dienst zur Verf\u00fcgung stellen m\u00f6chte,kann dieser durch verschiedene Umst\u00e4nde unterbrochen werden.In dissem Fall wird Bodegas Cerd\u00e1 sich bem\u00fchen die Nutzer zu benachrichtigen.<\/p>\n<p>In keinem Fall kann sie f\u00fcr Sch\u00e4den verantworlich gemacht werden, die eine Unterbrechung des Zugriffs auf diese Webseite zur Folge haben k\u00f6nnte.<\/p>\n<p>Gesetzliche Bestimmungen und geltende Gerichtsbarkeit.<\/p>\n<p>Die Datenschutzrichtlinie und die Rechtlichen Hinweise unserer Webseite sowie deren \u00fcbriger Inhalt werden zu jeder, Zeit unter Beachtung der geltenden Gesetze \u00fcberarbeitet und gegebenenfalls ge\u00e4ndert um sich an jede \u00c4nderung der Gesetgebung anzupassen.<\/p>\n<p>Insbesondere das Gesetz 15\/1999 von 13 Dezember \u00a0zum Schutz pers\u00f6nllicher Daten (nach LOPD),dem K\u00f6niglichen Erlass 994\/1999 und dem Geetz 34\/2002,vom 11.Juli,Dienste der Informationsgesellschaft und des elektronischen Gesch\u00e4ftsverkers (nachfolgend LSS1).Neue Inhalte sind ab dem Zeitpunkt g\u00fcltig, an dem Sie auf der Webseite ver\u00f6ffentlicht werden und f\u00fcr die Nutzer zug\u00e4nglich sind.<\/p>\n<p>Die Nutzung der Webseite,einschliesslich des Zugangs und des Durchsuchens, ist kostenlos und setzt die Einhaltung der Datenschutzbestimungen und der Rechtlichen Hinweise sowie der spanischen Rechtsvorschriften voraus.<\/p>\n<p>Alle Kontroversen oder Konflikte,die sich aus der Nutzung der Webseite ergeben k\u00f6nnen,werden gem\u00e4ss der geltenden Gesetze in Spanien gel\u00f6st.<\/p>\n<p>Welches Gericht zust\u00e4ndig ist h\u00e4ngt vom Wohnort des Nutzers ab.<\/p>\n<p>Sollte sich der Wohnort im Ausland befinden, ist das Gericht in Alicante zust\u00e4ndig.<\/p>\n<p>In jedem Fall wird spanisches Recht angwendet.[\/vc_column_text][\/vc_column][\/vc_row]<\/p>\n<\/div>","protected":false},"excerpt":{"rendered":"<p>[vc_row css_animation=&#8220;&#8220; row_type=&#8220;row&#8220; use_row_as_full_screen_section=&#8220;no&#8220; type=&#8220;full_width&#8220; angled_section=&#8220;no&#8220; text_align=&#8220;left&#8220; background_image_as_pattern=&#8220;without_pattern&#8220;][vc_column][vc_column_text]Allgemeine Informationen des Inhabers der Webseite durch den Zugriff auf die Webseite oder einer Unterseite der &lt;a href=&#8220;http:\/\/bodegascerda.com&#8220;&gt;bodegascerda.com&lt;\/a&gt; (nachstehend\u00a0 Webseite genannt),die sich im [&hellip;]<\/p>\n","protected":false},"author":1,"featured_media":0,"parent":0,"menu_order":0,"comment_status":"open","ping_status":"open","template":"","meta":{"rs_blank_template":"","rs_page_bg_color":"","slide_template_v7":"","footnotes":""},"class_list":["post-9889","page","type-page","status-publish","hentry"],"yoast_head":"<!-- This site is optimized with the Yoast SEO plugin v27.5 - https:\/\/yoast.com\/product\/yoast-seo-wordpress\/ -->\n<title>Rechtliche Hinweise - Bodega de vino en Alicante, cerca de Elche, desde 1885 | Bodegas Cerd\u00e1<\/title>\n<meta name=\"robots\" content=\"index, follow, max-snippet:-1, max-image-preview:large, max-video-preview:-1\" \/>\n<link rel=\"canonical\" href=\"https:\/\/bodegascerda.com\/de\/rechtliche-hinweise\/\" \/>\n<meta property=\"og:locale\" content=\"de_DE\" \/>\n<meta property=\"og:type\" content=\"article\" \/>\n<meta property=\"og:title\" content=\"Rechtliche Hinweise - Bodega de vino en Alicante, cerca de Elche, desde 1885 | Bodegas Cerd\u00e1\" \/>\n<meta property=\"og:description\" content=\"[vc_row css_animation=&#8220;&#8220; row_type=&#8220;row&#8220; use_row_as_full_screen_section=&#8220;no&#8220; type=&#8220;full_width&#8220; angled_section=&#8220;no&#8220; text_align=&#8220;left&#8220; background_image_as_pattern=&#8220;without_pattern&#8220;][vc_column][vc_column_text]Allgemeine Informationen des Inhabers der Webseite durch den Zugriff auf die Webseite oder einer Unterseite der &lt;a href=&#8220;http:\/\/bodegascerda.com&#8220;&gt;bodegascerda.com&lt;\/a&gt; (nachstehend\u00a0 Webseite genannt),die sich im [&hellip;]\" \/>\n<meta property=\"og:url\" content=\"https:\/\/bodegascerda.com\/de\/rechtliche-hinweise\/\" \/>\n<meta property=\"og:site_name\" content=\"Bodega de vino en Alicante, cerca de Elche, desde 1885 | Bodegas Cerd\u00e1\" \/>\n<meta property=\"article:publisher\" content=\"https:\/\/www.facebook.com\/bodegas.cerda.hondon\" \/>\n<meta name=\"twitter:card\" content=\"summary_large_image\" \/>\n<meta name=\"twitter:label1\" content=\"Gesch\u00e4tzte Lesezeit\" \/>\n\t<meta name=\"twitter:data1\" content=\"5\u00a0Minuten\" \/>\n<script type=\"application\/ld+json\" class=\"yoast-schema-graph\">{\"@context\":\"https:\\\/\\\/schema.org\",\"@graph\":[{\"@type\":\"WebPage\",\"@id\":\"https:\\\/\\\/bodegascerda.com\\\/de\\\/rechtliche-hinweise\\\/\",\"url\":\"https:\\\/\\\/bodegascerda.com\\\/de\\\/rechtliche-hinweise\\\/\",\"name\":\"Rechtliche Hinweise - Bodega de vino en Alicante, cerca de Elche, desde 1885 | Bodegas Cerd\u00e1\",\"isPartOf\":{\"@id\":\"https:\\\/\\\/bodegascerda.com\\\/de\\\/#website\"},\"datePublished\":\"2018-08-18T09:20:58+00:00\",\"breadcrumb\":{\"@id\":\"https:\\\/\\\/bodegascerda.com\\\/de\\\/rechtliche-hinweise\\\/#breadcrumb\"},\"inLanguage\":\"de\",\"potentialAction\":[{\"@type\":\"ReadAction\",\"target\":[\"https:\\\/\\\/bodegascerda.com\\\/de\\\/rechtliche-hinweise\\\/\"]}]},{\"@type\":\"BreadcrumbList\",\"@id\":\"https:\\\/\\\/bodegascerda.com\\\/de\\\/rechtliche-hinweise\\\/#breadcrumb\",\"itemListElement\":[{\"@type\":\"ListItem\",\"position\":1,\"name\":\"Portada\",\"item\":\"https:\\\/\\\/bodegascerda.com\\\/de\\\/\"},{\"@type\":\"ListItem\",\"position\":2,\"name\":\"Rechtliche Hinweise\"}]},{\"@type\":\"WebSite\",\"@id\":\"https:\\\/\\\/bodegascerda.com\\\/de\\\/#website\",\"url\":\"https:\\\/\\\/bodegascerda.com\\\/de\\\/\",\"name\":\"Bodegas Cerd\u00e1\",\"description\":\"\",\"publisher\":{\"@id\":\"https:\\\/\\\/bodegascerda.com\\\/de\\\/#organization\"},\"potentialAction\":[{\"@type\":\"SearchAction\",\"target\":{\"@type\":\"EntryPoint\",\"urlTemplate\":\"https:\\\/\\\/bodegascerda.com\\\/de\\\/?s={search_term_string}\"},\"query-input\":{\"@type\":\"PropertyValueSpecification\",\"valueRequired\":true,\"valueName\":\"search_term_string\"}}],\"inLanguage\":\"de\"},{\"@type\":[\"Organization\",\"Place\"],\"@id\":\"https:\\\/\\\/bodegascerda.com\\\/de\\\/#organization\",\"name\":\"Bodegas Cerd\u00e1 Cremades, S.L.\",\"url\":\"https:\\\/\\\/bodegascerda.com\\\/de\\\/\",\"logo\":{\"@id\":\"https:\\\/\\\/bodegascerda.com\\\/de\\\/rechtliche-hinweise\\\/#local-main-organization-logo\"},\"image\":{\"@id\":\"https:\\\/\\\/bodegascerda.com\\\/de\\\/rechtliche-hinweise\\\/#local-main-organization-logo\"},\"sameAs\":[\"https:\\\/\\\/www.facebook.com\\\/bodegas.cerda.hondon\",\"https:\\\/\\\/www.instagram.com\\\/bodegas.cerda\\\/\"],\"openingHoursSpecification\":[{\"@type\":\"OpeningHoursSpecification\",\"dayOfWeek\":[\"Monday\",\"Tuesday\",\"Wednesday\",\"Thursday\",\"Friday\",\"Saturday\",\"Sunday\"],\"opens\":\"09:00\",\"closes\":\"17:00\"}]},{\"@type\":\"ImageObject\",\"inLanguage\":\"de\",\"@id\":\"https:\\\/\\\/bodegascerda.com\\\/de\\\/rechtliche-hinweise\\\/#local-main-organization-logo\",\"url\":\"https:\\\/\\\/bodegascerda.com\\\/wp-content\\\/uploads\\\/2025\\\/05\\\/logo-bodegas-cerda.png\",\"contentUrl\":\"https:\\\/\\\/bodegascerda.com\\\/wp-content\\\/uploads\\\/2025\\\/05\\\/logo-bodegas-cerda.png\",\"width\":192,\"height\":100,\"caption\":\"Bodegas Cerd\u00e1 Cremades, S.L.\"}]}<\/script>\n<!-- \/ Yoast SEO plugin. -->","yoast_head_json":{"title":"Rechtliche Hinweise - Bodega de vino en Alicante, cerca de Elche, desde 1885 | Bodegas Cerd\u00e1","robots":{"index":"index","follow":"follow","max-snippet":"max-snippet:-1","max-image-preview":"max-image-preview:large","max-video-preview":"max-video-preview:-1"},"canonical":"https:\/\/bodegascerda.com\/de\/rechtliche-hinweise\/","og_locale":"de_DE","og_type":"article","og_title":"Rechtliche Hinweise - Bodega de vino en Alicante, cerca de Elche, desde 1885 | Bodegas Cerd\u00e1","og_description":"[vc_row css_animation=&#8220;&#8220; row_type=&#8220;row&#8220; use_row_as_full_screen_section=&#8220;no&#8220; type=&#8220;full_width&#8220; angled_section=&#8220;no&#8220; text_align=&#8220;left&#8220; background_image_as_pattern=&#8220;without_pattern&#8220;][vc_column][vc_column_text]Allgemeine Informationen des Inhabers der Webseite durch den Zugriff auf die Webseite oder einer Unterseite der &lt;a href=&#8220;http:\/\/bodegascerda.com&#8220;&gt;bodegascerda.com&lt;\/a&gt; (nachstehend\u00a0 Webseite genannt),die sich im [&hellip;]","og_url":"https:\/\/bodegascerda.com\/de\/rechtliche-hinweise\/","og_site_name":"Bodega de vino en Alicante, cerca de Elche, desde 1885 | Bodegas Cerd\u00e1","article_publisher":"https:\/\/www.facebook.com\/bodegas.cerda.hondon","twitter_card":"summary_large_image","twitter_misc":{"Gesch\u00e4tzte Lesezeit":"5\u00a0Minuten"},"schema":{"@context":"https:\/\/schema.org","@graph":[{"@type":"WebPage","@id":"https:\/\/bodegascerda.com\/de\/rechtliche-hinweise\/","url":"https:\/\/bodegascerda.com\/de\/rechtliche-hinweise\/","name":"Rechtliche Hinweise - Bodega de vino en Alicante, cerca de Elche, desde 1885 | Bodegas Cerd\u00e1","isPartOf":{"@id":"https:\/\/bodegascerda.com\/de\/#website"},"datePublished":"2018-08-18T09:20:58+00:00","breadcrumb":{"@id":"https:\/\/bodegascerda.com\/de\/rechtliche-hinweise\/#breadcrumb"},"inLanguage":"de","potentialAction":[{"@type":"ReadAction","target":["https:\/\/bodegascerda.com\/de\/rechtliche-hinweise\/"]}]},{"@type":"BreadcrumbList","@id":"https:\/\/bodegascerda.com\/de\/rechtliche-hinweise\/#breadcrumb","itemListElement":[{"@type":"ListItem","position":1,"name":"Portada","item":"https:\/\/bodegascerda.com\/de\/"},{"@type":"ListItem","position":2,"name":"Rechtliche Hinweise"}]},{"@type":"WebSite","@id":"https:\/\/bodegascerda.com\/de\/#website","url":"https:\/\/bodegascerda.com\/de\/","name":"Bodegas Cerd\u00e1","description":"","publisher":{"@id":"https:\/\/bodegascerda.com\/de\/#organization"},"potentialAction":[{"@type":"SearchAction","target":{"@type":"EntryPoint","urlTemplate":"https:\/\/bodegascerda.com\/de\/?s={search_term_string}"},"query-input":{"@type":"PropertyValueSpecification","valueRequired":true,"valueName":"search_term_string"}}],"inLanguage":"de"},{"@type":["Organization","Place"],"@id":"https:\/\/bodegascerda.com\/de\/#organization","name":"Bodegas Cerd\u00e1 Cremades, S.L.","url":"https:\/\/bodegascerda.com\/de\/","logo":{"@id":"https:\/\/bodegascerda.com\/de\/rechtliche-hinweise\/#local-main-organization-logo"},"image":{"@id":"https:\/\/bodegascerda.com\/de\/rechtliche-hinweise\/#local-main-organization-logo"},"sameAs":["https:\/\/www.facebook.com\/bodegas.cerda.hondon","https:\/\/www.instagram.com\/bodegas.cerda\/"],"openingHoursSpecification":[{"@type":"OpeningHoursSpecification","dayOfWeek":["Monday","Tuesday","Wednesday","Thursday","Friday","Saturday","Sunday"],"opens":"09:00","closes":"17:00"}]},{"@type":"ImageObject","inLanguage":"de","@id":"https:\/\/bodegascerda.com\/de\/rechtliche-hinweise\/#local-main-organization-logo","url":"https:\/\/bodegascerda.com\/wp-content\/uploads\/2025\/05\/logo-bodegas-cerda.png","contentUrl":"https:\/\/bodegascerda.com\/wp-content\/uploads\/2025\/05\/logo-bodegas-cerda.png","width":192,"height":100,"caption":"Bodegas Cerd\u00e1 Cremades, S.L."}]}},"_links":{"self":[{"href":"https:\/\/bodegascerda.com\/de\/wp-json\/wp\/v2\/pages\/9889","targetHints":{"allow":["GET"]}}],"collection":[{"href":"https:\/\/bodegascerda.com\/de\/wp-json\/wp\/v2\/pages"}],"about":[{"href":"https:\/\/bodegascerda.com\/de\/wp-json\/wp\/v2\/types\/page"}],"author":[{"embeddable":true,"href":"https:\/\/bodegascerda.com\/de\/wp-json\/wp\/v2\/users\/1"}],"replies":[{"embeddable":true,"href":"https:\/\/bodegascerda.com\/de\/wp-json\/wp\/v2\/comments?post=9889"}],"version-history":[{"count":0,"href":"https:\/\/bodegascerda.com\/de\/wp-json\/wp\/v2\/pages\/9889\/revisions"}],"wp:attachment":[{"href":"https:\/\/bodegascerda.com\/de\/wp-json\/wp\/v2\/media?parent=9889"}],"curies":[{"name":"wp","href":"https:\/\/api.w.org\/{rel}","templated":true}]}}