{"id":9875,"date":"2019-09-09T14:43:02","date_gmt":"2019-09-09T12:43:02","guid":{"rendered":"https:\/\/bodegascerda.com\/gruendung\/"},"modified":"2026-05-05T10:13:05","modified_gmt":"2026-05-05T08:13:05","slug":"gruendung","status":"publish","type":"page","link":"https:\/\/bodegascerda.com\/de\/gruendung\/","title":{"rendered":"Gr\u00fcndung"},"content":{"rendered":"<div class=\"wpb-content-wrapper\"><p>[vc_row el_class=&#8220;qodef-custom-row-harvest&#8220;][vc_column css=&#8220;.vc_custom_1569236298175{padding-top: 65px !important;padding-right: 5% !important;padding-bottom: 65px !important;padding-left: 5% !important;}&#8220; column_responsive_padding_1440=&#8220;95px 5% 65px&#8220; column_responsive_padding_1366=&#8220;95px 5% 65px&#8220; column_responsive_padding_680=&#8220;30px 10%&#8220; column_responsive_padding_768=&#8220;97px 5% 65px&#8220; column_responsive_padding_1024=&#8220;97px 5% 65px&#8220; column_responsive_padding_1280=&#8220;95px 5% 65px&#8220;][vc_row_inner content_text_alignment=&#8220;center&#8220; css=&#8220;.vc_custom_1567153042372{padding-bottom: 75px !important;background-image: url(https:\/\/aperitif.qodeinteractive.com\/wp-content\/uploads\/2019\/08\/H4-IMG-4.png?id=339) !important;}&#8220; el_class=&#8220;our-store-background&#8220;][vc_column_inner width=&#8220;1\/5&#8243;][\/vc_column_inner][vc_column_inner width=&#8220;3\/5&#8243; css=&#8220;.vc_custom_1569331440941{padding-right: 5% !important;padding-left: 5% !important;}&#8220; column_responsive_padding_1440=&#8220;0 3% 0&#8243; column_responsive_padding_1366=&#8220;0 0 0 0&#8243; column_responsive_padding_1280=&#8220;0 0 0 0&#8243; column_responsive_padding_1024=&#8220;0 0 0 0&#8243; column_responsive_padding_768=&#8220;0 0 0 0&#8243; column_responsive_padding_680=&#8220;32px 5% 0&#8243;]<div class=\"qodef-shortcode qodef-m  qodef-section-title qodef-alignment--center \">\n\t\t<h2 class=\"qodef-m-title\" >\n\t\tNuestra historia\t\t<\/h2>\n\t\t<p class=\"qodef-m-subtitle\" >Todo comenz\u00f3 en 1885<\/p>\n\t<\/div>[vc_column_text css=&#8220;&#8220;]<\/p>\n<p style=\"text-align: justify;\">Bodegas Cerd\u00e1 ist ein Familien Unternehmen in Hond\u00f3n de las Nieves. Wir begannen mit dem Unternehmen 1885.<br \/>\nDer Gr\u00fcnder der Familie war Jos\u00e9 Cerd\u00e1 Perez. Der Anfang war schwer und arbeitsreich. Bodegas Cerd\u00e1 ist heute die wichtiste Bodega in der Comunidad Valenciana.<\/p>\n<p>[\/vc_column_text][vc_empty_space height=&#8220;61px&#8220;][vc_single_image image=&#8220;7095&#8243; img_size=&#8220;428&#215;560&#8243; alignment=&#8220;center&#8220; css=&#8220;&#8220;][\/vc_column_inner][vc_column_inner width=&#8220;1\/5&#8243;][\/vc_column_inner][\/vc_row_inner][\/vc_column][\/vc_row][vc_row content_placement=&#8220;middle&#8220; content_text_alignment=&#8220;center&#8220;][vc_column width=&#8220;1\/6&#8243; css=&#8220;.vc_custom_1569235799647{padding-top: 18px !important;}&#8220; column_responsive_padding_680=&#8220;78px 0 0&#8243; column_responsive_padding_1024=&#8220;78px 0 0&#8243; column_responsive_padding_768=&#8220;78px 0 0&#8243;][\/vc_column][vc_column width=&#8220;2\/3&#8243;]<p class=\"qodef-shortcode qodef-m  qodef-custom-font qodef-custom-font-5799 qodef-layout--simple\" style=\"color: #d7d6d6;font-family: Dawning of a New Day;font-size: 65px;line-height: 108px\">2\u00aa Generaci\u00f3n<\/p>[vc_column_text css=&#8220;&#8220;]<\/p>\n<p style=\"text-align: justify;\">Jos\u00e9 Cerd\u00e1 Poveda f\u00fchrte die Bodega in zweiter Generation er hatte die Arbeit weitergemacht in den 30er, 40er. 50er und 60er Jahren und durch seine kenntnisse der Bodega vergr\u00f6ssert.<br \/>\nIn der n\u00e4chsten Generation began Jos\u00e9 Cerd\u00e1 Poveda mit nur 9 Jahren das Unternehmen zu leiten. Gleichzeitig studierte er.<\/p>\n<p>[\/vc_column_text][\/vc_column][vc_column width=&#8220;1\/6&#8243;][\/vc_column][\/vc_row][vc_row row_content_width=&#8220;grid&#8220;][vc_column css=&#8220;.vc_custom_1573572557918{padding-top: 45px !important;padding-right: 15px !important;padding-bottom: 14px !important;padding-left: 15px !important;}&#8220;][vc_empty_space height=&#8220;70px&#8220;][\/vc_column][\/vc_row][vc_row row_content_width=&#8220;grid&#8220;][vc_column css=&#8220;.vc_custom_1573572978478{padding-left: 24% !important;}&#8220; column_responsive_padding_680=&#8220;0 10%&#8220; offset=&#8220;vc_col-lg-6&#8243; column_responsive_padding_1024=&#8220;0 10%&#8220; column_responsive_padding_768=&#8220;0 10%&#8220; column_responsive_padding_1440=&#8220;0 17px 0 17%&#8220; column_responsive_padding_1366=&#8220;0 17px 0 17%&#8220;][vc_single_image image=&#8220;7099&#8243; img_size=&#8220;428&#215;560&#8243; alignment=&#8220;center&#8220; css=&#8220;&#8220;][\/vc_column][vc_column css=&#8220;.vc_custom_1573572984055{padding-right: 24% !important;}&#8220; column_responsive_padding_680=&#8220;0 10%&#8220; offset=&#8220;vc_col-lg-6&#8243; column_responsive_padding_1024=&#8220;0 10%&#8220; column_responsive_padding_768=&#8220;0 10%&#8220; column_responsive_padding_1440=&#8220;0 17% 0 17px&#8220; column_responsive_padding_1366=&#8220;0 17% 0 17px&#8220;]<div class=\"qodef-shortcode qodef-m  qodef-section-title qodef-alignment--center \">\n\t\t<h2 class=\"qodef-m-title\" >\n\t\tConsolidaci\u00f3n de la bodega\t\t<\/h2>\n\t\t<p class=\"qodef-m-subtitle\" >desde los a\u00f1os 70 al nuevo milenio<\/p>\n\t<\/div>[vc_empty_space][vc_column_text css=&#8220;&#8220;]<\/p>\n<p style=\"text-align: justify;\">Die letzte Person von der Generation erh\u00f6hte in den 70er, 80er, 90er und in den ersten Jahren des neuen Mileniums das Volumen des Verkaufs, inmitten vieler Konkurrenz. Jos\u00e9 Cerd\u00e1 Poveda hatte 2007 an seine Kinder Jos\u00e9 Francisco Cerd\u00e1 Cremades und Carolina Cerd\u00e1 Cremades die Arbeit weitergegeben.<\/p>\n<p>[\/vc_column_text][vc_empty_space][\/vc_column][\/vc_row][vc_row row_content_width=&#8220;grid&#8220; el_class=&#8220;qodef-workflows-holder&#8220; css=&#8220;.vc_custom_1747058608444{padding-top: 100px !important;}&#8220;][vc_column css=&#8220;.vc_custom_1570439566973{padding-top: 70px !important;padding-bottom: 160px !important;}&#8220; column_responsive_padding_680=&#8220;60px 0 92px&#8220; column_responsive_padding_1024=&#8220;70px 0 91px&#8220; column_responsive_padding_768=&#8220;70px 0 91px&#8220;]<div class=\"qodef-shortcode qodef-m  qodef-workflow\">\n\t\n\t<div class=\"qodef-e-workflow-image\">\n\t\t<img loading=\"lazy\" decoding=\"async\" width=\"207\" height=\"157\" src=\"https:\/\/bodegascerda.com\/wp-content\/uploads\/2019\/08\/h4-img-1.png\" class=\"attachment-full size-full\" alt=\"d\" \/>\t<\/div>\n\t\n\t\t\t\n\t\t<div class=\"qodef-e-workflow-item\">\n\t\t\t<div class=\"qodef-e-workflow-item-inner\">\n\t\t\t\t\n\t\t\t\t<div class=\"qodef-e-workflow-text\">\n\t\t\t\t\t<p class=\"qodef-e-subtitle\">1885<\/p>\n\t\t\t\t\t<h5 class=\"qodef-e-title\">Fundaci\u00f3n<\/h5>\n\t\t\t\t\t<p class=\"qodef-e-text\">Bodegas Cerd\u00e1, negocio familiar situado en la localidad de Hond\u00f3n de las Nieves, fundada en 1885 por la 1 generaci\u00f3n Jos\u00e9 Cerd\u00e1 P\u00e9rez.<\/p>\n\t\t\t\t<\/div>\n\t\t\t\n\t\t\t<\/div>\n\t\t<\/div>\n\t\t\t\n\t\t<div class=\"qodef-e-workflow-item\">\n\t\t\t<div class=\"qodef-e-workflow-item-inner\">\n\t\t\t\t\n\t\t\t\t<div class=\"qodef-e-workflow-text\">\n\t\t\t\t\t<p class=\"qodef-e-subtitle\">A\u00f1os 30, 40, 50 y 60<\/p>\n\t\t\t\t\t<h5 class=\"qodef-e-title\">3\u00aa generaci\u00f3n<\/h5>\n\t\t\t\t\t<p class=\"qodef-e-text\">La 2\u00aa generaci\u00f3n sigui\u00f3 con mucha dedicaci\u00f3n y af\u00e1n la tradici\u00f3n<\/p>\n\t\t\t\t<\/div>\n\t\t\t\n\t\t\t<\/div>\n\t\t<\/div>\n\t\n<\/div><div class=\"qodef-shortcode qodef-m  qodef-workflow\">\n\t\n\t<div class=\"qodef-e-workflow-image\">\n\t\t<img loading=\"lazy\" decoding=\"async\" width=\"208\" height=\"187\" src=\"https:\/\/bodegascerda.com\/wp-content\/uploads\/2019\/08\/h4-img-2.png\" class=\"attachment-full size-full\" alt=\"d\" \/>\t<\/div>\n\t\n\t\t\t\n\t\t<div class=\"qodef-e-workflow-item\">\n\t\t\t<div class=\"qodef-e-workflow-item-inner\">\n\t\t\t\t\n\t\t\t\t<div class=\"qodef-e-workflow-text\">\n\t\t\t\t\t<p class=\"qodef-e-subtitle\">Desde los a\u00f1os 70 al nuevo milenio<\/p>\n\t\t\t\t\t<h5 class=\"qodef-e-title\">3\u00aa generaci\u00f3n<\/h5>\n\t\t\t\t\t<p class=\"qodef-e-text\">Jos\u00e9 Francisco Cerd\u00e1 Poveda, fue la persona que termin\u00f3 de asentar el negocio en los a\u00f1os 70, 80, 90 y en el nuevo milenio.<\/p>\n\t\t\t\t<\/div>\n\t\t\t\n\t\t\t<\/div>\n\t\t<\/div>\n\t\t\t\n\t\t<div class=\"qodef-e-workflow-item\">\n\t\t\t<div class=\"qodef-e-workflow-item-inner\">\n\t\t\t\t\n\t\t\t\t<div class=\"qodef-e-workflow-text\">\n\t\t\t\t\t<p class=\"qodef-e-subtitle\">Desde 2025<\/p>\n\t\t\t\t\t<h5 class=\"qodef-e-title\">Siguientes retos<\/h5>\n\t\t\t\t\t<p class=\"qodef-e-text\">Sie sind die Vierte Generation.Sie f\u00fchren das Unternehmen weiter mit Universit\u00e4tsabschl\u00fcssen und mit der letzten Technologie.  Die Leidenschaft f\u00fcr Wein erh\u00f6hte sich durch vier Generationen, mit viel Anstrengung, Konsistenz und Konstanz.<\/p>\n\t\t\t\t<\/div>\n\t\t\t\n\t\t\t<\/div>\n\t\t<\/div>\n\t\n<\/div>[\/vc_column][\/vc_row][vc_row row_content_width=&#8220;grid&#8220;][vc_column css=&#8220;.vc_custom_1571125001313{padding-top: 128px !important;padding-bottom: 35px !important;}&#8220; column_responsive_padding_680=&#8220;128px 19% 30px&#8220;]<div class=\"qodef-shortcode qodef-m  qodef-section-title qodef-alignment--center \">\n\t\t<h2 class=\"qodef-m-title\" >\n\t\tInauguraci\u00f3n Museo - Bodega\t\t<\/h2>\n\t\t<\/div>[vc_empty_space][vc_video link=&#8220;https:\/\/youtu.be\/dIZ7Qfrxw_k&#8220; align=&#8220;center&#8220; css=&#8220;&#8220;][\/vc_column][\/vc_row]<\/p>\n<\/div>","protected":false},"excerpt":{"rendered":"<p>[vc_row el_class=&#8220;qodef-custom-row-harvest&#8220;][vc_column css=&#8220;.vc_custom_1569236298175{padding-top: 65px !important;padding-right: 5% !important;padding-bottom: 65px !important;padding-left: 5% !important;}&#8220; column_responsive_padding_1440=&#8220;95px 5% 65px&#8220; column_responsive_padding_1366=&#8220;95px 5% 65px&#8220; column_responsive_padding_680=&#8220;30px 10%&#8220; column_responsive_padding_768=&#8220;97px 5% 65px&#8220; column_responsive_padding_1024=&#8220;97px 5% 65px&#8220; column_responsive_padding_1280=&#8220;95px 5% 65px&#8220;][vc_row_inner content_text_alignment=&#8220;center&#8220; css=&#8220;.vc_custom_1567153042372{padding-bottom: [&hellip;]<\/p>\n","protected":false},"author":1,"featured_media":9627,"parent":0,"menu_order":0,"comment_status":"closed","ping_status":"closed","template":"page-full-width.php","meta":{"rs_blank_template":"","rs_page_bg_color":"","slide_template_v7":"","footnotes":""},"class_list":["post-9875","page","type-page","status-publish","has-post-thumbnail","hentry"],"yoast_head":"<!-- This site is optimized with the Yoast SEO plugin v27.5 - https:\/\/yoast.com\/product\/yoast-seo-wordpress\/ -->\n<title>Erfahren Sie mehr \u00fcber die Geschichte unseres Weinguts | Cerd\u00e1<\/title>\n<meta name=\"description\" content=\"Bodegas Cerd\u00e1, ein Familienbetrieb mit Sitz in Hond\u00f3n de las Nieves, wurde 1885 von Jos\u00e9 Cerd\u00e1, dem Gr\u00fcnder der ersten Generation, gegr\u00fcndet.\" \/>\n<meta name=\"robots\" content=\"index, follow, max-snippet:-1, max-image-preview:large, max-video-preview:-1\" \/>\n<link rel=\"canonical\" href=\"https:\/\/bodegascerda.com\/de\/gruendung\/\" \/>\n<meta property=\"og:locale\" content=\"de_DE\" \/>\n<meta property=\"og:type\" content=\"article\" \/>\n<meta property=\"og:title\" content=\"Erfahren Sie mehr \u00fcber die Geschichte unseres Weinguts | Cerd\u00e1\" \/>\n<meta property=\"og:description\" content=\"Bodegas Cerd\u00e1, ein Familienbetrieb mit Sitz in Hond\u00f3n de las Nieves, wurde 1885 von Jos\u00e9 Cerd\u00e1, dem Gr\u00fcnder der ersten Generation, gegr\u00fcndet.\" \/>\n<meta property=\"og:url\" content=\"https:\/\/bodegascerda.com\/de\/gruendung\/\" \/>\n<meta property=\"og:site_name\" content=\"Bodega de vino en Alicante, cerca de Elche, desde 1885 | Bodegas Cerd\u00e1\" \/>\n<meta property=\"article:publisher\" content=\"https:\/\/www.facebook.com\/bodegas.cerda.hondon\" \/>\n<meta property=\"article:modified_time\" content=\"2026-05-05T08:13:05+00:00\" \/>\n<meta property=\"og:image\" content=\"https:\/\/bodegascerda.com\/wp-content\/uploads\/2025\/05\/consolidacion-bodega-1.jpg\" \/>\n\t<meta property=\"og:image:width\" content=\"458\" \/>\n\t<meta property=\"og:image:height\" content=\"559\" \/>\n\t<meta property=\"og:image:type\" content=\"image\/jpeg\" \/>\n<meta name=\"twitter:card\" content=\"summary_large_image\" \/>\n<meta name=\"twitter:label1\" content=\"Gesch\u00e4tzte Lesezeit\" \/>\n\t<meta name=\"twitter:data1\" content=\"2\u00a0Minuten\" \/>\n<script type=\"application\/ld+json\" class=\"yoast-schema-graph\">{\"@context\":\"https:\\\/\\\/schema.org\",\"@graph\":[{\"@type\":\"WebPage\",\"@id\":\"https:\\\/\\\/bodegascerda.com\\\/de\\\/gruendung\\\/\",\"url\":\"https:\\\/\\\/bodegascerda.com\\\/de\\\/gruendung\\\/\",\"name\":\"Erfahren Sie mehr \u00fcber die Geschichte unseres Weinguts | Cerd\u00e1\",\"isPartOf\":{\"@id\":\"https:\\\/\\\/bodegascerda.com\\\/de\\\/#website\"},\"primaryImageOfPage\":{\"@id\":\"https:\\\/\\\/bodegascerda.com\\\/de\\\/gruendung\\\/#primaryimage\"},\"image\":{\"@id\":\"https:\\\/\\\/bodegascerda.com\\\/de\\\/gruendung\\\/#primaryimage\"},\"thumbnailUrl\":\"https:\\\/\\\/bodegascerda.com\\\/wp-content\\\/uploads\\\/2025\\\/05\\\/consolidacion-bodega-1.jpg\",\"datePublished\":\"2019-09-09T12:43:02+00:00\",\"dateModified\":\"2026-05-05T08:13:05+00:00\",\"description\":\"Bodegas Cerd\u00e1, ein Familienbetrieb mit Sitz in Hond\u00f3n de las Nieves, wurde 1885 von Jos\u00e9 Cerd\u00e1, dem Gr\u00fcnder der ersten Generation, gegr\u00fcndet.\",\"breadcrumb\":{\"@id\":\"https:\\\/\\\/bodegascerda.com\\\/de\\\/gruendung\\\/#breadcrumb\"},\"inLanguage\":\"de\",\"potentialAction\":[{\"@type\":\"ReadAction\",\"target\":[\"https:\\\/\\\/bodegascerda.com\\\/de\\\/gruendung\\\/\"]}]},{\"@type\":\"ImageObject\",\"inLanguage\":\"de\",\"@id\":\"https:\\\/\\\/bodegascerda.com\\\/de\\\/gruendung\\\/#primaryimage\",\"url\":\"https:\\\/\\\/bodegascerda.com\\\/wp-content\\\/uploads\\\/2025\\\/05\\\/consolidacion-bodega-1.jpg\",\"contentUrl\":\"https:\\\/\\\/bodegascerda.com\\\/wp-content\\\/uploads\\\/2025\\\/05\\\/consolidacion-bodega-1.jpg\",\"width\":458,\"height\":559},{\"@type\":\"BreadcrumbList\",\"@id\":\"https:\\\/\\\/bodegascerda.com\\\/de\\\/gruendung\\\/#breadcrumb\",\"itemListElement\":[{\"@type\":\"ListItem\",\"position\":1,\"name\":\"Portada\",\"item\":\"https:\\\/\\\/bodegascerda.com\\\/de\\\/\"},{\"@type\":\"ListItem\",\"position\":2,\"name\":\"Gr\u00fcndung\"}]},{\"@type\":\"WebSite\",\"@id\":\"https:\\\/\\\/bodegascerda.com\\\/de\\\/#website\",\"url\":\"https:\\\/\\\/bodegascerda.com\\\/de\\\/\",\"name\":\"Bodegas Cerd\u00e1\",\"description\":\"\",\"publisher\":{\"@id\":\"https:\\\/\\\/bodegascerda.com\\\/de\\\/#organization\"},\"potentialAction\":[{\"@type\":\"SearchAction\",\"target\":{\"@type\":\"EntryPoint\",\"urlTemplate\":\"https:\\\/\\\/bodegascerda.com\\\/de\\\/?s={search_term_string}\"},\"query-input\":{\"@type\":\"PropertyValueSpecification\",\"valueRequired\":true,\"valueName\":\"search_term_string\"}}],\"inLanguage\":\"de\"},{\"@type\":[\"Organization\",\"Place\"],\"@id\":\"https:\\\/\\\/bodegascerda.com\\\/de\\\/#organization\",\"name\":\"Bodegas Cerd\u00e1 Cremades, S.L.\",\"url\":\"https:\\\/\\\/bodegascerda.com\\\/de\\\/\",\"logo\":{\"@id\":\"https:\\\/\\\/bodegascerda.com\\\/de\\\/gruendung\\\/#local-main-organization-logo\"},\"image\":{\"@id\":\"https:\\\/\\\/bodegascerda.com\\\/de\\\/gruendung\\\/#local-main-organization-logo\"},\"sameAs\":[\"https:\\\/\\\/www.facebook.com\\\/bodegas.cerda.hondon\",\"https:\\\/\\\/www.instagram.com\\\/bodegas.cerda\\\/\"],\"openingHoursSpecification\":[{\"@type\":\"OpeningHoursSpecification\",\"dayOfWeek\":[\"Monday\",\"Tuesday\",\"Wednesday\",\"Thursday\",\"Friday\",\"Saturday\",\"Sunday\"],\"opens\":\"09:00\",\"closes\":\"17:00\"}]},{\"@type\":\"ImageObject\",\"inLanguage\":\"de\",\"@id\":\"https:\\\/\\\/bodegascerda.com\\\/de\\\/gruendung\\\/#local-main-organization-logo\",\"url\":\"https:\\\/\\\/bodegascerda.com\\\/wp-content\\\/uploads\\\/2025\\\/05\\\/logo-bodegas-cerda.png\",\"contentUrl\":\"https:\\\/\\\/bodegascerda.com\\\/wp-content\\\/uploads\\\/2025\\\/05\\\/logo-bodegas-cerda.png\",\"width\":192,\"height\":100,\"caption\":\"Bodegas Cerd\u00e1 Cremades, S.L.\"}]}<\/script>\n<!-- \/ Yoast SEO plugin. -->","yoast_head_json":{"title":"Erfahren Sie mehr \u00fcber die Geschichte unseres Weinguts | Cerd\u00e1","description":"Bodegas Cerd\u00e1, ein Familienbetrieb mit Sitz in Hond\u00f3n de las Nieves, wurde 1885 von Jos\u00e9 Cerd\u00e1, dem Gr\u00fcnder der ersten Generation, gegr\u00fcndet.","robots":{"index":"index","follow":"follow","max-snippet":"max-snippet:-1","max-image-preview":"max-image-preview:large","max-video-preview":"max-video-preview:-1"},"canonical":"https:\/\/bodegascerda.com\/de\/gruendung\/","og_locale":"de_DE","og_type":"article","og_title":"Erfahren Sie mehr \u00fcber die Geschichte unseres Weinguts | Cerd\u00e1","og_description":"Bodegas Cerd\u00e1, ein Familienbetrieb mit Sitz in Hond\u00f3n de las Nieves, wurde 1885 von Jos\u00e9 Cerd\u00e1, dem Gr\u00fcnder der ersten Generation, gegr\u00fcndet.","og_url":"https:\/\/bodegascerda.com\/de\/gruendung\/","og_site_name":"Bodega de vino en Alicante, cerca de Elche, desde 1885 | Bodegas Cerd\u00e1","article_publisher":"https:\/\/www.facebook.com\/bodegas.cerda.hondon","article_modified_time":"2026-05-05T08:13:05+00:00","og_image":[{"width":458,"height":559,"url":"https:\/\/bodegascerda.com\/wp-content\/uploads\/2025\/05\/consolidacion-bodega-1.jpg","type":"image\/jpeg"}],"twitter_card":"summary_large_image","twitter_misc":{"Gesch\u00e4tzte Lesezeit":"2\u00a0Minuten"},"schema":{"@context":"https:\/\/schema.org","@graph":[{"@type":"WebPage","@id":"https:\/\/bodegascerda.com\/de\/gruendung\/","url":"https:\/\/bodegascerda.com\/de\/gruendung\/","name":"Erfahren Sie mehr \u00fcber die Geschichte unseres Weinguts | Cerd\u00e1","isPartOf":{"@id":"https:\/\/bodegascerda.com\/de\/#website"},"primaryImageOfPage":{"@id":"https:\/\/bodegascerda.com\/de\/gruendung\/#primaryimage"},"image":{"@id":"https:\/\/bodegascerda.com\/de\/gruendung\/#primaryimage"},"thumbnailUrl":"https:\/\/bodegascerda.com\/wp-content\/uploads\/2025\/05\/consolidacion-bodega-1.jpg","datePublished":"2019-09-09T12:43:02+00:00","dateModified":"2026-05-05T08:13:05+00:00","description":"Bodegas Cerd\u00e1, ein Familienbetrieb mit Sitz in Hond\u00f3n de las Nieves, wurde 1885 von Jos\u00e9 Cerd\u00e1, dem Gr\u00fcnder der ersten Generation, gegr\u00fcndet.","breadcrumb":{"@id":"https:\/\/bodegascerda.com\/de\/gruendung\/#breadcrumb"},"inLanguage":"de","potentialAction":[{"@type":"ReadAction","target":["https:\/\/bodegascerda.com\/de\/gruendung\/"]}]},{"@type":"ImageObject","inLanguage":"de","@id":"https:\/\/bodegascerda.com\/de\/gruendung\/#primaryimage","url":"https:\/\/bodegascerda.com\/wp-content\/uploads\/2025\/05\/consolidacion-bodega-1.jpg","contentUrl":"https:\/\/bodegascerda.com\/wp-content\/uploads\/2025\/05\/consolidacion-bodega-1.jpg","width":458,"height":559},{"@type":"BreadcrumbList","@id":"https:\/\/bodegascerda.com\/de\/gruendung\/#breadcrumb","itemListElement":[{"@type":"ListItem","position":1,"name":"Portada","item":"https:\/\/bodegascerda.com\/de\/"},{"@type":"ListItem","position":2,"name":"Gr\u00fcndung"}]},{"@type":"WebSite","@id":"https:\/\/bodegascerda.com\/de\/#website","url":"https:\/\/bodegascerda.com\/de\/","name":"Bodegas Cerd\u00e1","description":"","publisher":{"@id":"https:\/\/bodegascerda.com\/de\/#organization"},"potentialAction":[{"@type":"SearchAction","target":{"@type":"EntryPoint","urlTemplate":"https:\/\/bodegascerda.com\/de\/?s={search_term_string}"},"query-input":{"@type":"PropertyValueSpecification","valueRequired":true,"valueName":"search_term_string"}}],"inLanguage":"de"},{"@type":["Organization","Place"],"@id":"https:\/\/bodegascerda.com\/de\/#organization","name":"Bodegas Cerd\u00e1 Cremades, S.L.","url":"https:\/\/bodegascerda.com\/de\/","logo":{"@id":"https:\/\/bodegascerda.com\/de\/gruendung\/#local-main-organization-logo"},"image":{"@id":"https:\/\/bodegascerda.com\/de\/gruendung\/#local-main-organization-logo"},"sameAs":["https:\/\/www.facebook.com\/bodegas.cerda.hondon","https:\/\/www.instagram.com\/bodegas.cerda\/"],"openingHoursSpecification":[{"@type":"OpeningHoursSpecification","dayOfWeek":["Monday","Tuesday","Wednesday","Thursday","Friday","Saturday","Sunday"],"opens":"09:00","closes":"17:00"}]},{"@type":"ImageObject","inLanguage":"de","@id":"https:\/\/bodegascerda.com\/de\/gruendung\/#local-main-organization-logo","url":"https:\/\/bodegascerda.com\/wp-content\/uploads\/2025\/05\/logo-bodegas-cerda.png","contentUrl":"https:\/\/bodegascerda.com\/wp-content\/uploads\/2025\/05\/logo-bodegas-cerda.png","width":192,"height":100,"caption":"Bodegas Cerd\u00e1 Cremades, S.L."}]}},"_links":{"self":[{"href":"https:\/\/bodegascerda.com\/de\/wp-json\/wp\/v2\/pages\/9875","targetHints":{"allow":["GET"]}}],"collection":[{"href":"https:\/\/bodegascerda.com\/de\/wp-json\/wp\/v2\/pages"}],"about":[{"href":"https:\/\/bodegascerda.com\/de\/wp-json\/wp\/v2\/types\/page"}],"author":[{"embeddable":true,"href":"https:\/\/bodegascerda.com\/de\/wp-json\/wp\/v2\/users\/1"}],"replies":[{"embeddable":true,"href":"https:\/\/bodegascerda.com\/de\/wp-json\/wp\/v2\/comments?post=9875"}],"version-history":[{"count":5,"href":"https:\/\/bodegascerda.com\/de\/wp-json\/wp\/v2\/pages\/9875\/revisions"}],"predecessor-version":[{"id":17938,"href":"https:\/\/bodegascerda.com\/de\/wp-json\/wp\/v2\/pages\/9875\/revisions\/17938"}],"wp:featuredmedia":[{"embeddable":true,"href":"https:\/\/bodegascerda.com\/de\/wp-json\/wp\/v2\/media\/9627"}],"wp:attachment":[{"href":"https:\/\/bodegascerda.com\/de\/wp-json\/wp\/v2\/media?parent=9875"}],"curies":[{"name":"wp","href":"https:\/\/api.w.org\/{rel}","templated":true}]}}